{"id":31,"date":"2010-03-17T13:29:14","date_gmt":"2010-03-17T13:29:14","guid":{"rendered":"http:\/\/redlight-pc.de\/cms\/?page_id=31"},"modified":"2017-03-26T19:05:36","modified_gmt":"2017-03-26T17:05:36","slug":"software","status":"publish","type":"page","link":"https:\/\/redlight-pc.de\/cms\/services\/software\/","title":{"rendered":"Software"},"content":{"rendered":"<div  class='flex_column av-av_two_third-2a9015ff38129c418a3f2eafba3e9512 av_two_third  avia-builder-el-0  el_before_av_one_third  avia-builder-el-first  first flex_column_div  '     ><p>\n<style type=\"text\/css\" data-created_by=\"avia_inline_auto\" id=\"style-css-av-av_heading-70ce7e8f8aa0c94fc45a232fa5612e03\">\n#top .av-special-heading.av-av_heading-70ce7e8f8aa0c94fc45a232fa5612e03{\npadding-bottom:10px;\n}\nbody .av-special-heading.av-av_heading-70ce7e8f8aa0c94fc45a232fa5612e03 .av-special-heading-tag .heading-char{\nfont-size:25px;\n}\n.av-special-heading.av-av_heading-70ce7e8f8aa0c94fc45a232fa5612e03 .av-subheading{\nfont-size:15px;\n}\n<\/style>\n<div  class='av-special-heading av-av_heading-70ce7e8f8aa0c94fc45a232fa5612e03 av-special-heading-h1 blockquote modern-quote  avia-builder-el-1  el_before_av_iconlist  avia-builder-el-first '><h1 class='av-special-heading-tag '  itemprop=\"headline\"  >Ihre Programme im Griff<\/h1><div class='av-subheading av-subheading_below'><p>Wir helfen Ihnen bei der Arbeit mit Ihrer Software, besorgen und Installieren zus\u00e4tzlich ben\u00f6tigte Programme und Anwendungen und \u00fcbernehmen die Aktualisierung und Erweiterung direkt bei Ihnen vor Ort.<\/p>\n<\/div><div class=\"special-heading-border\"><div class=\"special-heading-inner-border\"><\/div><\/div><\/div><br \/>\n<div  class='avia-icon-list-container av-av_iconlist-e4a0ebdf966f1bea8883e87bb95dffd6  avia-builder-el-2  el_after_av_heading  avia-builder-el-last '><ul class='avia-icon-list avia_animate_when_almost_visible avia-icon-list-left av-iconlist-big av-av_iconlist-e4a0ebdf966f1bea8883e87bb95dffd6 avia-iconlist-animate'>\n<li><div class='iconlist_icon av-av_iconlist_item-100597bbb40bc8cebd4770653c8af750 avia-font-entypo-fontello avia-iconfont avia-font-entypo-fontello'><span class='av-icon-char' data-av_icon='\ue922' data-av_iconfont='entypo-fontello' aria-hidden=\"true\"><\/span><\/div><article class=\"article-icon-entry \"  itemscope=\"itemscope\" itemtype=\"https:\/\/schema.org\/CreativeWork\" ><div class=\"iconlist_content_wrap\"><header class=\"entry-content-header\" aria-label=\"Icon: Windows Betriebssysteme\"><h4 class='av_iconlist_title iconlist_title  '  itemprop=\"headline\" >Windows Betriebssysteme<\/h4><\/header><div class='iconlist_content '  itemprop=\"text\" ><p>Bestellung, Lieferung und komplette Einrichtung aller g\u00e4ngiger Windows-Betriebssysteme (32-Bit und 64-Bit) unter Ber\u00fccksichtigung pers\u00f6nlicher Einstellungen und Anpassungen.<\/p>\n<\/div><\/div><footer class=\"entry-footer\"><\/footer><\/article><div class=\"iconlist-timeline\"><\/div><\/li>\n<li><div class='iconlist_icon av-av_iconlist_item-08873463de2dad989f1c2f059ed5db16 avia-font-entypo-fontello avia-iconfont avia-font-entypo-fontello'><span class='av-icon-char' data-av_icon='\ue920' data-av_iconfont='entypo-fontello' aria-hidden=\"true\"><\/span><\/div><article class=\"article-icon-entry \"  itemscope=\"itemscope\" itemtype=\"https:\/\/schema.org\/CreativeWork\" ><div class=\"iconlist_content_wrap\"><header class=\"entry-content-header\" aria-label=\"Icon: Apple Mac OSX\"><h4 class='av_iconlist_title iconlist_title  '  itemprop=\"headline\" >Apple Mac OSX<\/h4><\/header><div class='iconlist_content '  itemprop=\"text\" ><p>Lieferung und Installation f\u00fcr MAC-Systeme oder Aktualisierung des Betriebssystems OSX inkl. der n\u00f6tigen Einrichtung und Konfiguration.<\/p>\n<\/div><\/div><footer class=\"entry-footer\"><\/footer><\/article><div class=\"iconlist-timeline\"><\/div><\/li>\n<li><div class='iconlist_icon av-av_iconlist_item-ef24cc73d8534ce34b3195496cad2baa avia-font-entypo-fontello avia-iconfont avia-font-entypo-fontello'><span class='av-icon-char' data-av_icon='\ue86d' data-av_iconfont='entypo-fontello' aria-hidden=\"true\"><\/span><\/div><article class=\"article-icon-entry \"  itemscope=\"itemscope\" itemtype=\"https:\/\/schema.org\/CreativeWork\" ><div class=\"iconlist_content_wrap\"><header class=\"entry-content-header\" aria-label=\"Icon: Anwendungssoftware\"><h4 class='av_iconlist_title iconlist_title  '  itemprop=\"headline\" >Anwendungssoftware<\/h4><\/header><div class='iconlist_content '  itemprop=\"text\" ><p>Installation jeder beliebigen Anwendungssoftware Einrichtung auf Ihrem System. Dies gilt sowohl f\u00fcr Windows-Software, als auch f\u00fcr Macintosh-Anwendungen.<\/p>\n<\/div><\/div><footer class=\"entry-footer\"><\/footer><\/article><div class=\"iconlist-timeline\"><\/div><\/li>\n<li><div class='iconlist_icon av-av_iconlist_item-efcf7e778bfbd26c630d63d1e444592d avia-font-redlight avia-iconfont avia-font-redlight'><span class='av-icon-char' data-av_icon='\ue80a' data-av_iconfont='redlight' aria-hidden=\"true\"><\/span><\/div><article class=\"article-icon-entry \"  itemscope=\"itemscope\" itemtype=\"https:\/\/schema.org\/CreativeWork\" ><div class=\"iconlist_content_wrap\"><header class=\"entry-content-header\" aria-label=\"Icon: System-Optimierung\"><h4 class='av_iconlist_title iconlist_title  '  itemprop=\"headline\" >System-Optimierung<\/h4><\/header><div class='iconlist_content '  itemprop=\"text\" ><p>Ihr bestehendes System ist im Laufe der Zeit immer langsamer geworden? Hier helfen wir Ihnen bei der Optimierung Ihres Rechners um das Maximum an Geschwindigkeit zu erm\u00f6glichen, damit Sie effizient arbeiten k\u00f6nnen. Die Optimierung umfasst das Entfernen von nicht mehr verwendeten Programmen, unn\u00f6tigen Programmen und Plug-Ins bis hin zur Entfernung b\u00f6sartiger Ad- und Malware.<\/p>\n<\/div><\/div><footer class=\"entry-footer\"><\/footer><\/article><div class=\"iconlist-timeline\"><\/div><\/li>\n<\/ul><\/div><\/p><\/div>\n<style type=\"text\/css\" data-created_by=\"avia_inline_auto\" id=\"style-css-av-av_one_third-9c1d454dc06f7247226bc4e8f931daae\">\n.flex_column.av-av_one_third-9c1d454dc06f7247226bc4e8f931daae{\nborder-radius:0px 0px 0px 0px;\npadding:0px 0px 0px 0px;\n}\n<\/style>\n<div  class='flex_column av-av_one_third-9c1d454dc06f7247226bc4e8f931daae av_one_third  avia-builder-el-3  el_after_av_two_third  avia-builder-el-last  flex_column_div av-zero-column-padding  '     ><p><article  class='iconbox iconbox_top av-av_icon_box-c6325f4c13051625ee4bccac70cd0fd3  avia-builder-el-4  el_before_av_hr  avia-builder-el-first  main_color'  itemscope=\"itemscope\" itemtype=\"https:\/\/schema.org\/CreativeWork\" ><div class=\"iconbox_content\"><header class=\"entry-content-header\" aria-label=\"Icon: Ihre Vorteile\"><div class='iconbox_icon heading-color avia-iconfont avia-font-entypo-fontello' data-av_icon='\ue82b' data-av_iconfont='entypo-fontello'  ><\/div><h3 class='iconbox_content_title '  itemprop=\"headline\" >Ihre Vorteile<\/h3><\/header><div class='iconbox_content_container '  itemprop=\"text\" ><p>schnelle Hilfe<br \/>\ndirekt bei Ihnen vor Ort<br \/>\nUnterst\u00fctzung f\u00fcr alle g\u00e4ngigen Programme und Anwendungen<br \/>\nBeratung zu OpenSource Alternativen<br \/>\nVerkauf von Software<\/p>\n<\/div><\/div><footer class=\"entry-footer\"><\/footer><\/article><br \/>\n<div  class='hr av-av_hr-d3021aff4e2c88ff75459fd6b3a45a12 hr-default  avia-builder-el-5  el_after_av_icon_box  el_before_av_button '><span class='hr-inner '><span class=\"hr-inner-style\"><\/span><\/span><\/div><br \/>\n<div  class='avia-button-wrap av-av_button-b8ba27237828e1746df3f4af52a9a600-wrap avia-button-center  avia-builder-el-6  el_after_av_hr  avia-builder-el-last '><a href='https:\/\/redlight-pc.de\/cms\/kontaktformular\/'  class='avia-button av-av_button-b8ba27237828e1746df3f4af52a9a600 av-link-btn avia-icon_select-yes-left-icon avia-size-small avia-position-center avia-color-blue'   aria-label=\"Anfrage senden\"><span class='avia_button_icon avia_button_icon_left avia-iconfont avia-font-entypo-fontello' data-av_icon='\ue81c' data-av_iconfont='entypo-fontello' ><\/span><span class='avia_iconbox_title' >Anfrage senden<\/span><\/a><\/div><\/p><\/div><\/p>\n","protected":false},"excerpt":{"rendered":"","protected":false},"author":1,"featured_media":0,"parent":15,"menu_order":0,"comment_status":"closed","ping_status":"closed","template":"","meta":{"jetpack_post_was_ever_published":false,"footnotes":""},"aioseo_notices":[],"jetpack_shortlink":"https:\/\/wp.me\/P2NCds-v","jetpack_sharing_enabled":true,"_links":{"self":[{"href":"https:\/\/redlight-pc.de\/cms\/wp-json\/wp\/v2\/pages\/31"}],"collection":[{"href":"https:\/\/redlight-pc.de\/cms\/wp-json\/wp\/v2\/pages"}],"about":[{"href":"https:\/\/redlight-pc.de\/cms\/wp-json\/wp\/v2\/types\/page"}],"author":[{"embeddable":true,"href":"https:\/\/redlight-pc.de\/cms\/wp-json\/wp\/v2\/users\/1"}],"replies":[{"embeddable":true,"href":"https:\/\/redlight-pc.de\/cms\/wp-json\/wp\/v2\/comments?post=31"}],"version-history":[{"count":10,"href":"https:\/\/redlight-pc.de\/cms\/wp-json\/wp\/v2\/pages\/31\/revisions"}],"predecessor-version":[{"id":379,"href":"https:\/\/redlight-pc.de\/cms\/wp-json\/wp\/v2\/pages\/31\/revisions\/379"}],"up":[{"embeddable":true,"href":"https:\/\/redlight-pc.de\/cms\/wp-json\/wp\/v2\/pages\/15"}],"wp:attachment":[{"href":"https:\/\/redlight-pc.de\/cms\/wp-json\/wp\/v2\/media?parent=31"}],"curies":[{"name":"wp","href":"https:\/\/api.w.org\/{rel}","templated":true}]}}