{"id":33719,"date":"2014-03-08T18:41:05","date_gmt":"2014-03-08T17:41:05","guid":{"rendered":"http:\/\/redlight-pc.de\/cms\/?page_id=33719"},"modified":"2017-02-10T10:40:45","modified_gmt":"2017-02-10T09:40:45","slug":"kundenfeedback","status":"publish","type":"page","link":"https:\/\/redlight-pc.de\/cms\/kundenfeedback\/","title":{"rendered":"Kundenfeedback"},"content":{"rendered":"\n<style type=\"text\/css\" data-created_by=\"avia_inline_auto\" id=\"style-css-av-av_heading-84a45a0a188a65eb91f44c804d2cb44a\">\n#top .av-special-heading.av-av_heading-84a45a0a188a65eb91f44c804d2cb44a{\npadding-bottom:10px;\n}\nbody .av-special-heading.av-av_heading-84a45a0a188a65eb91f44c804d2cb44a .av-special-heading-tag .heading-char{\nfont-size:25px;\n}\n.av-special-heading.av-av_heading-84a45a0a188a65eb91f44c804d2cb44a .av-subheading{\nfont-size:15px;\n}\n<\/style>\n<div  class='av-special-heading av-av_heading-84a45a0a188a65eb91f44c804d2cb44a av-special-heading-h2 blockquote modern-quote modern-centered  avia-builder-el-0  el_before_av_testimonials  avia-builder-el-first '><h2 class='av-special-heading-tag '  itemprop=\"headline\"  >DAS SAGEN UNSERE KUNDEN \u00dcBER UNS<\/h2><div class=\"special-heading-border\"><div class=\"special-heading-inner-border\"><\/div><\/div><\/div>\n<div  class='avia-testimonial-wrapper av-av_testimonials-f7c85b12c3e312912b69ca0d636c61bd avia-grid-testimonials avia-grid-2-testimonials avia_animate_when_almost_visible' >\n<section class=\"avia-testimonial-row\"><div class='avia-testimonial av-av_testimonial_single-1b0eb1ed594f0fd1f5aef25e0eb97239 avia-testimonial-row-1 avia-first-testimonial flex_column no_margin av_one_half'><div class='avia-testimonial_inner'  itemscope=\"itemscope\" itemtype=\"https:\/\/schema.org\/CreativeWork\" ><div class='avia-testimonial-image'  itemprop=\"image\" ><img loading=\"lazy\" decoding=\"async\" width=\"150\" height=\"100\" src=\"https:\/\/redlight-pc.de\/cms\/wp-content\/uploads\/2010\/10\/aneamoni.png\" class=\"attachment-square size-square\" alt=\"Anea-Moni\" \/><\/div><div class='avia-testimonial-content '><div class='avia-testimonial-markup-entry-content'  itemprop=\"text\" ><p>Wir bedanken uns ganz herzlich bei Herrn Arnold f\u00fcr die schnelle und so kompetente Hilfe. Unser PC l\u00e4uft wieder bestens!!!<br \/>\nEs ist ein gutes Gef\u00fchl, einen Fachmann wie Herrn Arnold in der N\u00e4he zu wissen, der bei Problemen schnell vor Ort ist und einen gut und fachm\u00e4nnisch in allen Fragen rund um den Computer ber\u00e4t.<\/p>\n<\/div><\/div><div class=\"avia-testimonial-meta\"><div class=\"avia-testimonial-arrow-wrap\"><div class=\"avia-arrow\"><\/div><\/div><div class='avia-testimonial-meta-mini'  itemprop=\"author\" itemscope=\"itemscope\" itemtype=\"https:\/\/schema.org\/Person\" ><strong  class='avia-testimonial-name'  itemprop=\"name\" >anea-moni<\/strong><span  class='avia-testimonial-subtitle '  itemprop=\"jobTitle\" >gemeinn\u00fctzige GmbH<\/span><span class='hidden avia-testimonial-markup-link'  itemprop=\"url\" >http:\/\/www.aneamoni.de<\/span><span class=\"avia-testimonial-subtitle-sep\">&ndash;<\/span><a class='avia-testimonial-link' href='http:\/\/www.aneamoni.de' target=\"_blank\" rel=\"noopener noreferrer\">anea-moni<\/a><\/div><\/div><\/div><\/div>\n<div class='avia-testimonial av-av_testimonial_single-6c4fcfe30e90918c7edf0259c2af708d avia-testimonial-row-1 avia-last-testimonial flex_column no_margin av_one_half'><div class='avia-testimonial_inner'  itemscope=\"itemscope\" itemtype=\"https:\/\/schema.org\/CreativeWork\" ><div class='avia-testimonial-image'  itemprop=\"image\" ><img loading=\"lazy\" decoding=\"async\" width=\"180\" height=\"180\" src=\"https:\/\/redlight-pc.de\/cms\/wp-content\/uploads\/2014\/03\/tonart_logo-180x180.jpg\" class=\"attachment-square size-square\" alt=\"\" srcset=\"https:\/\/redlight-pc.de\/cms\/wp-content\/uploads\/2014\/03\/tonart_logo-180x180.jpg 180w, https:\/\/redlight-pc.de\/cms\/wp-content\/uploads\/2014\/03\/tonart_logo-80x80.jpg 80w, https:\/\/redlight-pc.de\/cms\/wp-content\/uploads\/2014\/03\/tonart_logo-400x400.jpg 400w, https:\/\/redlight-pc.de\/cms\/wp-content\/uploads\/2014\/03\/tonart_logo-36x36.jpg 36w, https:\/\/redlight-pc.de\/cms\/wp-content\/uploads\/2014\/03\/tonart_logo-120x120.jpg 120w, https:\/\/redlight-pc.de\/cms\/wp-content\/uploads\/2014\/03\/tonart_logo-450x450.jpg 450w, https:\/\/redlight-pc.de\/cms\/wp-content\/uploads\/2014\/03\/tonart_logo.jpg 250w\" sizes=\"(max-width: 180px) 100vw, 180px\" \/><\/div><div class='avia-testimonial-content '><div class='avia-testimonial-markup-entry-content'  itemprop=\"text\" ><p>Sehr zuverl\u00e4ssige, p\u00fcnktliche und akkurat arbeitende Firma die mir schon oft bei Problemen geholfen. W\u00fcrde ich meinen besten Freund weiterempfehlen!<\/p>\n<\/div><\/div><div class=\"avia-testimonial-meta\"><div class=\"avia-testimonial-arrow-wrap\"><div class=\"avia-arrow\"><\/div><\/div><div class='avia-testimonial-meta-mini'  itemprop=\"author\" itemscope=\"itemscope\" itemtype=\"https:\/\/schema.org\/Person\" ><strong  class='avia-testimonial-name'  itemprop=\"name\" >TonArt<\/strong><span  class='avia-testimonial-subtitle '  itemprop=\"jobTitle\" >Eventtechnik<\/span><span class='hidden avia-testimonial-markup-link'  itemprop=\"url\" >http:\/\/www.tonart-event.de<\/span><span class=\"avia-testimonial-subtitle-sep\">&ndash;<\/span><a class='avia-testimonial-link' href='http:\/\/www.tonart-event.de' target=\"_blank\" rel=\"noopener noreferrer\">tonart-event.de<\/a><\/div><\/div><\/div><\/div><\/section>\n<section class=\"avia-testimonial-row\"><div class='avia-testimonial av-av_testimonial_single-d7af1dfc9ae6a30ece6c2a9084dff231 avia-testimonial-row-2 avia-first-testimonial flex_column no_margin av_one_half'><div class='avia-testimonial_inner'  itemscope=\"itemscope\" itemtype=\"https:\/\/schema.org\/CreativeWork\" ><div class='avia-testimonial-image'  itemprop=\"image\" ><img loading=\"lazy\" decoding=\"async\" width=\"180\" height=\"180\" src=\"https:\/\/redlight-pc.de\/cms\/wp-content\/uploads\/2014\/03\/REWA-180x180.png\" class=\"attachment-square size-square\" alt=\"\" srcset=\"https:\/\/redlight-pc.de\/cms\/wp-content\/uploads\/2014\/03\/REWA-180x180.png 180w, https:\/\/redlight-pc.de\/cms\/wp-content\/uploads\/2014\/03\/REWA-80x80.png 80w, https:\/\/redlight-pc.de\/cms\/wp-content\/uploads\/2014\/03\/REWA-300x300.png 300w, https:\/\/redlight-pc.de\/cms\/wp-content\/uploads\/2014\/03\/REWA-36x36.png 36w, https:\/\/redlight-pc.de\/cms\/wp-content\/uploads\/2014\/03\/REWA-120x120.png 120w, https:\/\/redlight-pc.de\/cms\/wp-content\/uploads\/2014\/03\/REWA.png 350w\" sizes=\"(max-width: 180px) 100vw, 180px\" \/><\/div><div class='avia-testimonial-content '><div class='avia-testimonial-markup-entry-content'  itemprop=\"text\" ><p>Neben den ausf\u00fchrlichen Informationen auf der Webseite findet man hier noch eine pers\u00f6nliche und kompetente Beratung, sodass keine Fragen offen bleiben. Auch der Bestellprozess und Kontakt \u00fcber den Onlineshop verlief schnell und unkompliziert!Gute Firma, die auch mit Rat und Tat zur Seite steht. Mit gro\u00dfer Hilfsbereitschaft und fachlicher Kompetenz. Gut aufgebaute Webseite voller Informationen und n\u00fctzlichen Hinweisen. Schnelle Abwicklung. Alles in allem kann man nur weiterempfehlen.<\/p>\n<\/div><\/div><div class=\"avia-testimonial-meta\"><div class=\"avia-testimonial-arrow-wrap\"><div class=\"avia-arrow\"><\/div><\/div><div class='avia-testimonial-meta-mini'  itemprop=\"author\" itemscope=\"itemscope\" itemtype=\"https:\/\/schema.org\/Person\" ><strong  class='avia-testimonial-name'  itemprop=\"name\" >ReWa<\/strong><span  class='avia-testimonial-subtitle '  itemprop=\"jobTitle\" >Systeme zur Regenwassernutzung<\/span><span class='hidden avia-testimonial-markup-link'  itemprop=\"url\" >http:\/\/www.rewa96.de<\/span><span class=\"avia-testimonial-subtitle-sep\">&ndash;<\/span><a class='avia-testimonial-link' href='http:\/\/www.rewa96.de' target=\"_blank\" rel=\"noopener noreferrer\">rewa69.de<\/a><\/div><\/div><\/div><\/div>\n<div class='avia-testimonial av-av_testimonial_single-92eed981465b88a7481e101614f6f177 avia-testimonial-row-2 avia-last-testimonial flex_column no_margin av_one_half'><div class='avia-testimonial_inner'  itemscope=\"itemscope\" itemtype=\"https:\/\/schema.org\/CreativeWork\" ><div class='avia-testimonial-image'  itemprop=\"image\" ><img loading=\"lazy\" decoding=\"async\" width=\"180\" height=\"180\" src=\"https:\/\/redlight-pc.de\/cms\/wp-content\/uploads\/2014\/03\/hypoxi_bensberg-180x180.jpg\" class=\"attachment-square size-square\" alt=\"\" srcset=\"https:\/\/redlight-pc.de\/cms\/wp-content\/uploads\/2014\/03\/hypoxi_bensberg-180x180.jpg 180w, https:\/\/redlight-pc.de\/cms\/wp-content\/uploads\/2014\/03\/hypoxi_bensberg-80x80.jpg 80w, https:\/\/redlight-pc.de\/cms\/wp-content\/uploads\/2014\/03\/hypoxi_bensberg-300x300.jpg 300w, https:\/\/redlight-pc.de\/cms\/wp-content\/uploads\/2014\/03\/hypoxi_bensberg-36x36.jpg 36w, https:\/\/redlight-pc.de\/cms\/wp-content\/uploads\/2014\/03\/hypoxi_bensberg-120x120.jpg 120w, https:\/\/redlight-pc.de\/cms\/wp-content\/uploads\/2014\/03\/hypoxi_bensberg-450x450.jpg 450w, https:\/\/redlight-pc.de\/cms\/wp-content\/uploads\/2014\/03\/hypoxi_bensberg.jpg 558w\" sizes=\"(max-width: 180px) 100vw, 180px\" \/><\/div><div class='avia-testimonial-content '><div class='avia-testimonial-markup-entry-content'  itemprop=\"text\" ><p>Durch Zufall und die \u00f6rtliche N\u00e4he bin ich auf die Fa. RedLight \/ Herrn Arnold aufmerksam geworden.<\/p>\n<p>Nun arbeiten wir mittlerweile 2,5 Jahre eng zusammen. Ich mag die Zusammenarbeit mit RedLight sehr, weil mir H. Arnold immer sehr flexibel und kompetent bei der Erstellung meiner Zeitungs-Werbeanzeigen, den Werbebannern, Werbeflyern und Computer-Problemen hilft. Dabei sch\u00e4tze ich vor allem auch das tolle Preis-Leistungs-Verh\u00e4ltinis<\/p>\n<p>Meine W\u00fcnsche und Vorstellungen werden von H. Arnold super umgesetzt ! Gerade f\u00fcr mich als Mikro-Studio ist diese Form der Zusammenarbeit Gold wert.<\/p>\n<p>Ich werde auch weiterhin viele meiner Projekte mit H. Arnold angehen und kann die Fa. RedLight nur w\u00e4rmstens empfehlen.<\/p>\n<\/div><\/div><div class=\"avia-testimonial-meta\"><div class=\"avia-testimonial-arrow-wrap\"><div class=\"avia-arrow\"><\/div><\/div><div class='avia-testimonial-meta-mini'  itemprop=\"author\" itemscope=\"itemscope\" itemtype=\"https:\/\/schema.org\/Person\" ><strong  class='avia-testimonial-name'  itemprop=\"name\" >HYPOXI Studio Bensberg<\/strong><span  class='avia-testimonial-subtitle '  itemprop=\"jobTitle\" >Inhaber Ute Gratzfeld<\/span><span class='hidden avia-testimonial-markup-link'  itemprop=\"url\" >http:\/\/www.hypoxistudio-bensberg.de<\/span><span class=\"avia-testimonial-subtitle-sep\">&ndash;<\/span><a class='avia-testimonial-link' href='http:\/\/www.hypoxistudio-bensberg.de' target=\"_blank\" rel=\"noopener noreferrer\">hypoxistudio-bensberg.de<\/a><\/div><\/div><\/div><\/div><\/section>\n<section class=\"avia-testimonial-row\"><div class='avia-testimonial av-av_testimonial_single-3a8d3eb8e4767b3a2a83e6b4d99a7b42 avia-testimonial-row-3 avia-first-testimonial flex_column no_margin av_one_half'><div class='avia-testimonial_inner'  itemscope=\"itemscope\" itemtype=\"https:\/\/schema.org\/CreativeWork\" ><div class='avia-testimonial-image'  itemprop=\"image\" ><img loading=\"lazy\" decoding=\"async\" width=\"146\" height=\"104\" src=\"https:\/\/redlight-pc.de\/cms\/wp-content\/uploads\/2014\/03\/clip_image002.png\" class=\"attachment-square size-square\" alt=\"\" \/><\/div><div class='avia-testimonial-content '><div class='avia-testimonial-markup-entry-content'  itemprop=\"text\" ><p>Wir bedanken uns f\u00fcr die gelungene Zusammenarbeit bei der Gestaltung unserer Flyer und Visitenkarten. Herr Arnold ist ein kompetenter und hilfsbereiter Ansprechpartner in Sachen PC, Fotografie und Druck. Wir bleiben ihm auch in Zukunft als Kunden erhalten und empfehlen seine Firma RedLight gerne weiter.<\/p>\n<\/div><\/div><div class=\"avia-testimonial-meta\"><div class=\"avia-testimonial-arrow-wrap\"><div class=\"avia-arrow\"><\/div><\/div><div class='avia-testimonial-meta-mini'  itemprop=\"author\" itemscope=\"itemscope\" itemtype=\"https:\/\/schema.org\/Person\" ><strong  class='avia-testimonial-name'  itemprop=\"name\" >Haus Weidmannsheil<\/strong><span  class='avia-testimonial-subtitle '  itemprop=\"jobTitle\" >Gastst\u00e4tte in Miebach<\/span><span class='hidden avia-testimonial-markup-link'  itemprop=\"url\" >http:\/\/www.hausweidmannsheil-kuerten.de\/<\/span><span class=\"avia-testimonial-subtitle-sep\">&ndash;<\/span><a class='avia-testimonial-link' href='http:\/\/www.hausweidmannsheil-kuerten.de\/' target=\"_blank\" rel=\"noopener noreferrer\">Haus Weidmannsheil<\/a><\/div><\/div><\/div><\/div>\n<div class='avia-testimonial av-av_testimonial_single-7906e6b3e9e884363558dd03ed0d2798 avia-testimonial-row-3 avia-last-testimonial flex_column no_margin av_one_half'><div class='avia-testimonial_inner'  itemscope=\"itemscope\" itemtype=\"https:\/\/schema.org\/CreativeWork\" ><div class='avia-testimonial-image'  itemprop=\"image\" ><img loading=\"lazy\" decoding=\"async\" width=\"180\" height=\"180\" src=\"https:\/\/redlight-pc.de\/cms\/wp-content\/uploads\/2013\/02\/RedLight_Logo_NEU.jpg\" class=\"attachment-square size-square\" alt=\"RedLight PC Service Logo\" srcset=\"https:\/\/redlight-pc.de\/cms\/wp-content\/uploads\/2013\/02\/RedLight_Logo_NEU.jpg 198w, https:\/\/redlight-pc.de\/cms\/wp-content\/uploads\/2013\/02\/RedLight_Logo_NEU-150x150.jpg 150w, https:\/\/redlight-pc.de\/cms\/wp-content\/uploads\/2013\/02\/RedLight_Logo_NEU-45x45.jpg 45w, https:\/\/redlight-pc.de\/cms\/wp-content\/uploads\/2013\/02\/RedLight_Logo_NEU-100x100.jpg 100w\" sizes=\"(max-width: 180px) 100vw, 180px\" \/><\/div><div class='avia-testimonial-content '><div class='avia-testimonial-markup-entry-content'  itemprop=\"text\" ><p>Top Beratung und stets schnelle Hilfe! Empfehlenswert!<\/p>\n<\/div><\/div><div class=\"avia-testimonial-meta\"><div class=\"avia-testimonial-arrow-wrap\"><div class=\"avia-arrow\"><\/div><\/div><div class='avia-testimonial-meta-mini'  itemprop=\"author\" itemscope=\"itemscope\" itemtype=\"https:\/\/schema.org\/Person\" ><strong  class='avia-testimonial-name'  itemprop=\"name\" >Beate<\/strong><span  class='avia-testimonial-subtitle '  itemprop=\"jobTitle\" >Breibacher Reitstall<\/span><span class='hidden avia-testimonial-markup-link'  itemprop=\"url\" >http:\/\/www.breibacher-reitstall.de<\/span><span class=\"avia-testimonial-subtitle-sep\">&ndash;<\/span><a class='avia-testimonial-link' href='http:\/\/www.breibacher-reitstall.de' target=\"_blank\" rel=\"noopener noreferrer\">breibacher-reitstall.de<\/a><\/div><\/div><\/div><\/div><\/section>\n<section class=\"avia-testimonial-row\"><div class='avia-testimonial av-av_testimonial_single-542531b6a9ade5c2c22632ffc3299a26 avia-testimonial-row-4 avia-first-testimonial flex_column no_margin av_one_half'><div class='avia-testimonial_inner'  itemscope=\"itemscope\" itemtype=\"https:\/\/schema.org\/CreativeWork\" ><div class='avia-testimonial-image'  itemprop=\"image\" ><img loading=\"lazy\" decoding=\"async\" width=\"116\" height=\"100\" src=\"https:\/\/redlight-pc.de\/cms\/wp-content\/uploads\/2014\/01\/auryleo_logo.png\" class=\"attachment-square size-square\" alt=\"\" \/><\/div><div class='avia-testimonial-content '><div class='avia-testimonial-markup-entry-content'  itemprop=\"text\" ><p>In der Zusammenarbeit mit der Firma RedLight traf ich auf fachliche Kompetenz, Flexibilit\u00e4t, kurzfristige Teminabsprache\u00a0und respektvoller Umgang mit dem Kunden.<\/p>\n<p>Sehr gerne empfehle ich Herrn Arnold mit seiner Firma RedLight meinen Freunden, Bekannten und Klienten weiter.<\/p>\n<\/div><\/div><div class=\"avia-testimonial-meta\"><div class=\"avia-testimonial-arrow-wrap\"><div class=\"avia-arrow\"><\/div><\/div><div class='avia-testimonial-meta-mini'  itemprop=\"author\" itemscope=\"itemscope\" itemtype=\"https:\/\/schema.org\/Person\" ><strong  class='avia-testimonial-name'  itemprop=\"name\" >Martina Varenholt<\/strong><span  class='avia-testimonial-subtitle '  itemprop=\"jobTitle\" >mediale Fu\u00dfreadings<\/span><span class='hidden avia-testimonial-markup-link'  itemprop=\"url\" >http:\/\/www.auryleo.de<\/span><span class=\"avia-testimonial-subtitle-sep\">&ndash;<\/span><a class='avia-testimonial-link' href='http:\/\/www.auryleo.de' target=\"_blank\" rel=\"noopener noreferrer\">Auryleo.de<\/a><\/div><\/div><\/div><\/div>\n<div class='avia-testimonial av-av_testimonial_single-3573679ff2d13f7cea3a15bcedbe6003 avia-testimonial-row-4 avia-last-testimonial flex_column no_margin av_one_half'><div class='avia-testimonial_inner'  itemscope=\"itemscope\" itemtype=\"https:\/\/schema.org\/CreativeWork\" ><div class='avia-testimonial-image'  itemprop=\"image\" ><img loading=\"lazy\" decoding=\"async\" width=\"180\" height=\"105\" src=\"https:\/\/redlight-pc.de\/cms\/wp-content\/uploads\/2010\/03\/referenz_th-bock.jpg\" class=\"attachment-square size-square\" alt=\"Webseiten Referenz th-bock.de\" srcset=\"https:\/\/redlight-pc.de\/cms\/wp-content\/uploads\/2010\/03\/referenz_th-bock.jpg 900w, https:\/\/redlight-pc.de\/cms\/wp-content\/uploads\/2010\/03\/referenz_th-bock-300x175.jpg 300w, https:\/\/redlight-pc.de\/cms\/wp-content\/uploads\/2010\/03\/referenz_th-bock-148x86.jpg 148w, https:\/\/redlight-pc.de\/cms\/wp-content\/uploads\/2010\/03\/referenz_th-bock-31x18.jpg 31w, https:\/\/redlight-pc.de\/cms\/wp-content\/uploads\/2010\/03\/referenz_th-bock-38x22.jpg 38w, https:\/\/redlight-pc.de\/cms\/wp-content\/uploads\/2010\/03\/referenz_th-bock-368x215.jpg 368w\" sizes=\"(max-width: 180px) 100vw, 180px\" \/><\/div><div class='avia-testimonial-content '><div class='avia-testimonial-markup-entry-content'  itemprop=\"text\" ><p>Seit vielen Jahren bin ich treuer Kunde bei RedLight PC Service und Mediendesign und kann den Service w\u00e4rmstens weiterempfehlen. Ob PC, Laptop, Drucker\u2026 alle Probleme, die ich bisher damit hatte, wurden \u00e4u\u00dferst schnell und kompetent von Herrn Arnold erledigt. Die Homepage und der passende Flyer f\u00fcr \u00a0meine \u201eSeminare f\u00fcr F\u00fchrungskr\u00e4fte\u201c sind sehr individuell nach meinen W\u00fcnschen erstellt worden und haben mit zum Erfolg meiner Seminare gef\u00fchrt.<br \/>\nWer Kompetenz, individuelle Beratung und g\u00fcnstigen Service will, sollte zu RedLight gehen.<\/p>\n<\/div><\/div><div class=\"avia-testimonial-meta\"><div class=\"avia-testimonial-arrow-wrap\"><div class=\"avia-arrow\"><\/div><\/div><div class='avia-testimonial-meta-mini'  itemprop=\"author\" itemscope=\"itemscope\" itemtype=\"https:\/\/schema.org\/Person\" ><strong  class='avia-testimonial-name'  itemprop=\"name\" >Thomas Bock<\/strong><span  class='avia-testimonial-subtitle '  itemprop=\"jobTitle\" >Schmiedeseminare<\/span><span class='hidden avia-testimonial-markup-link'  itemprop=\"url\" >http:\/\/www.th-bock.de<\/span><span class=\"avia-testimonial-subtitle-sep\">&ndash;<\/span><a class='avia-testimonial-link' href='http:\/\/www.th-bock.de' target=\"_blank\" rel=\"noopener noreferrer\">www.th-bock.de<\/a><\/div><\/div><\/div><\/div><\/section>\n<section class=\"avia-testimonial-row\"><div class='avia-testimonial av-av_testimonial_single-cdface5cf9d3c1e916249d35dbd5a5d4 avia-testimonial-row-5 avia-first-testimonial flex_column no_margin av_one_half'><div class='avia-testimonial_inner'  itemscope=\"itemscope\" itemtype=\"https:\/\/schema.org\/CreativeWork\" ><div class='avia-testimonial-image'  itemprop=\"image\" ><img loading=\"lazy\" decoding=\"async\" width=\"180\" height=\"180\" src=\"https:\/\/redlight-pc.de\/cms\/wp-content\/uploads\/2013\/02\/RedLight_Logo_NEU.jpg\" class=\"attachment-square size-square\" alt=\"RedLight PC Service Logo\" srcset=\"https:\/\/redlight-pc.de\/cms\/wp-content\/uploads\/2013\/02\/RedLight_Logo_NEU.jpg 198w, https:\/\/redlight-pc.de\/cms\/wp-content\/uploads\/2013\/02\/RedLight_Logo_NEU-150x150.jpg 150w, https:\/\/redlight-pc.de\/cms\/wp-content\/uploads\/2013\/02\/RedLight_Logo_NEU-45x45.jpg 45w, https:\/\/redlight-pc.de\/cms\/wp-content\/uploads\/2013\/02\/RedLight_Logo_NEU-100x100.jpg 100w\" sizes=\"(max-width: 180px) 100vw, 180px\" \/><\/div><div class='avia-testimonial-content '><div class='avia-testimonial-markup-entry-content'  itemprop=\"text\" ><p>Wir haben bislang zwei Computer bei RedLight bestellt. Wir waren mit Lieferung und Service sehr zufrieden.<br \/>\nWir w\u00fcrden RedLight jederzeit weiter empfehlen.<\/p>\n<\/div><\/div><div class=\"avia-testimonial-meta\"><div class=\"avia-testimonial-arrow-wrap\"><div class=\"avia-arrow\"><\/div><\/div><div class='avia-testimonial-meta-mini'  itemprop=\"author\" itemscope=\"itemscope\" itemtype=\"https:\/\/schema.org\/Person\" ><strong  class='avia-testimonial-name'  itemprop=\"name\" >Familie Wiedenh\u00f6fer<\/strong><span  class='avia-testimonial-subtitle '  itemprop=\"jobTitle\" >Bergisch Gladbach<\/span><\/div><\/div><\/div><\/div>\n<div class='avia-testimonial av-av_testimonial_single-3988389703041c1c6a9a00efcc2663a8 avia-testimonial-row-5 avia-last-testimonial flex_column no_margin av_one_half'><div class='avia-testimonial_inner'  itemscope=\"itemscope\" itemtype=\"https:\/\/schema.org\/CreativeWork\" ><div class='avia-testimonial-image'  itemprop=\"image\" ><img loading=\"lazy\" decoding=\"async\" width=\"180\" height=\"180\" src=\"https:\/\/redlight-pc.de\/cms\/wp-content\/uploads\/2013\/02\/RedLight_Logo_NEU.jpg\" class=\"attachment-square size-square\" alt=\"RedLight PC Service Logo\" srcset=\"https:\/\/redlight-pc.de\/cms\/wp-content\/uploads\/2013\/02\/RedLight_Logo_NEU.jpg 198w, https:\/\/redlight-pc.de\/cms\/wp-content\/uploads\/2013\/02\/RedLight_Logo_NEU-150x150.jpg 150w, https:\/\/redlight-pc.de\/cms\/wp-content\/uploads\/2013\/02\/RedLight_Logo_NEU-45x45.jpg 45w, https:\/\/redlight-pc.de\/cms\/wp-content\/uploads\/2013\/02\/RedLight_Logo_NEU-100x100.jpg 100w\" sizes=\"(max-width: 180px) 100vw, 180px\" \/><\/div><div class='avia-testimonial-content '><div class='avia-testimonial-markup-entry-content'  itemprop=\"text\" ><p>Ein tolles Team und kompetent in allen PC-Fragen<\/p>\n<\/div><\/div><div class=\"avia-testimonial-meta\"><div class=\"avia-testimonial-arrow-wrap\"><div class=\"avia-arrow\"><\/div><\/div><div class='avia-testimonial-meta-mini'  itemprop=\"author\" itemscope=\"itemscope\" itemtype=\"https:\/\/schema.org\/Person\" ><strong  class='avia-testimonial-name'  itemprop=\"name\" >Herbert K\u00fcrten<\/strong><span  class='avia-testimonial-subtitle '  itemprop=\"jobTitle\" >K\u00fcrten<\/span><\/div><\/div><\/div><\/div><\/section>\n<section class=\"avia-testimonial-row\"><div class='avia-testimonial av-av_testimonial_single-bfebbd2eabc7ae8965a08d073e5017b2 avia-testimonial-row-6 avia-first-testimonial flex_column no_margin av_one_half'><div class='avia-testimonial_inner'  itemscope=\"itemscope\" itemtype=\"https:\/\/schema.org\/CreativeWork\" ><div class='avia-testimonial-image'  itemprop=\"image\" ><img loading=\"lazy\" decoding=\"async\" width=\"180\" height=\"180\" src=\"https:\/\/redlight-pc.de\/cms\/wp-content\/uploads\/2013\/02\/RedLight_Logo_NEU.jpg\" class=\"attachment-square size-square\" alt=\"RedLight PC Service Logo\" srcset=\"https:\/\/redlight-pc.de\/cms\/wp-content\/uploads\/2013\/02\/RedLight_Logo_NEU.jpg 198w, https:\/\/redlight-pc.de\/cms\/wp-content\/uploads\/2013\/02\/RedLight_Logo_NEU-150x150.jpg 150w, https:\/\/redlight-pc.de\/cms\/wp-content\/uploads\/2013\/02\/RedLight_Logo_NEU-45x45.jpg 45w, https:\/\/redlight-pc.de\/cms\/wp-content\/uploads\/2013\/02\/RedLight_Logo_NEU-100x100.jpg 100w\" sizes=\"(max-width: 180px) 100vw, 180px\" \/><\/div><div class='avia-testimonial-content '><div class='avia-testimonial-markup-entry-content'  itemprop=\"text\" ><p>Ich bin mit ihrer Leistung sehr zufrieden und freue mich, dass es in unserer Gemeinde eine solch schnelle Hilfe gibt.<\/p>\n<\/div><\/div><div class=\"avia-testimonial-meta\"><div class=\"avia-testimonial-arrow-wrap\"><div class=\"avia-arrow\"><\/div><\/div><div class='avia-testimonial-meta-mini'  itemprop=\"author\" itemscope=\"itemscope\" itemtype=\"https:\/\/schema.org\/Person\" ><strong  class='avia-testimonial-name'  itemprop=\"name\" >Zertisch<\/strong><span  class='avia-testimonial-subtitle '  itemprop=\"jobTitle\" >K\u00fcrten Biesfeld<\/span><\/div><\/div><\/div><\/div>\n<div class='avia-testimonial av-av_testimonial_single-7359f88f7b134ce6394a1b8b1377aa7c avia-testimonial-row-6 avia-last-testimonial flex_column no_margin av_one_half'><div class='avia-testimonial_inner'  itemscope=\"itemscope\" itemtype=\"https:\/\/schema.org\/CreativeWork\" ><div class='avia-testimonial-image'  itemprop=\"image\" ><img loading=\"lazy\" decoding=\"async\" width=\"180\" height=\"180\" src=\"https:\/\/redlight-pc.de\/cms\/wp-content\/uploads\/2013\/02\/RedLight_Logo_NEU.jpg\" class=\"attachment-square size-square\" alt=\"RedLight PC Service Logo\" srcset=\"https:\/\/redlight-pc.de\/cms\/wp-content\/uploads\/2013\/02\/RedLight_Logo_NEU.jpg 198w, https:\/\/redlight-pc.de\/cms\/wp-content\/uploads\/2013\/02\/RedLight_Logo_NEU-150x150.jpg 150w, https:\/\/redlight-pc.de\/cms\/wp-content\/uploads\/2013\/02\/RedLight_Logo_NEU-45x45.jpg 45w, https:\/\/redlight-pc.de\/cms\/wp-content\/uploads\/2013\/02\/RedLight_Logo_NEU-100x100.jpg 100w\" sizes=\"(max-width: 180px) 100vw, 180px\" \/><\/div><div class='avia-testimonial-content '><div class='avia-testimonial-markup-entry-content'  itemprop=\"text\" ><p>Lieber Phillip, vielen Dank f\u00fcr deine stets schnelle und professionelle Hilfe, wie auch in diesem Fall.ich freu mich schon auf die n\u00e4chste Katastrophe. Andrea Nellen<\/p>\n<\/div><\/div><div class=\"avia-testimonial-meta\"><div class=\"avia-testimonial-arrow-wrap\"><div class=\"avia-arrow\"><\/div><\/div><div class='avia-testimonial-meta-mini'  itemprop=\"author\" itemscope=\"itemscope\" itemtype=\"https:\/\/schema.org\/Person\" ><strong  class='avia-testimonial-name'  itemprop=\"name\" >Andrea Nellen<\/strong><span  class='avia-testimonial-subtitle '  itemprop=\"jobTitle\" >K\u00fcrten Biesfeld<\/span><\/div><\/div><\/div><\/div><\/section>\n<\/div>\n","protected":false},"excerpt":{"rendered":"","protected":false},"author":1,"featured_media":0,"parent":0,"menu_order":0,"comment_status":"closed","ping_status":"open","template":"","meta":{"jetpack_post_was_ever_published":false,"footnotes":""},"aioseo_notices":[],"jetpack_shortlink":"https:\/\/wp.me\/P2NCds-8LR","jetpack_sharing_enabled":true,"_links":{"self":[{"href":"https:\/\/redlight-pc.de\/cms\/wp-json\/wp\/v2\/pages\/33719"}],"collection":[{"href":"https:\/\/redlight-pc.de\/cms\/wp-json\/wp\/v2\/pages"}],"about":[{"href":"https:\/\/redlight-pc.de\/cms\/wp-json\/wp\/v2\/types\/page"}],"author":[{"embeddable":true,"href":"https:\/\/redlight-pc.de\/cms\/wp-json\/wp\/v2\/users\/1"}],"replies":[{"embeddable":true,"href":"https:\/\/redlight-pc.de\/cms\/wp-json\/wp\/v2\/comments?post=33719"}],"version-history":[{"count":16,"href":"https:\/\/redlight-pc.de\/cms\/wp-json\/wp\/v2\/pages\/33719\/revisions"}],"predecessor-version":[{"id":35374,"href":"https:\/\/redlight-pc.de\/cms\/wp-json\/wp\/v2\/pages\/33719\/revisions\/35374"}],"wp:attachment":[{"href":"https:\/\/redlight-pc.de\/cms\/wp-json\/wp\/v2\/media?parent=33719"}],"curies":[{"name":"wp","href":"https:\/\/api.w.org\/{rel}","templated":true}]}}