{"id":33948,"date":"2014-03-16T21:16:37","date_gmt":"2014-03-16T20:16:37","guid":{"rendered":"http:\/\/redlight-pc.de\/cms\/?page_id=33948"},"modified":"2014-03-17T19:17:18","modified_gmt":"2014-03-17T18:17:18","slug":"apple-betriebssysteme","status":"publish","type":"page","link":"https:\/\/redlight-pc.de\/cms\/schulungen\/apple-betriebssysteme\/","title":{"rendered":"Apple Betriebssysteme"},"content":{"rendered":"<div  class='flex_column av-av_two_third-2a9015ff38129c418a3f2eafba3e9512 av_two_third  avia-builder-el-0  el_before_av_one_third  avia-builder-el-first  first flex_column_div  '     ><p>\n<style type=\"text\/css\" data-created_by=\"avia_inline_auto\" id=\"style-css-av-av_heading-5e0f67492323b56fb422a40e45b80e60\">\n#top .av-special-heading.av-av_heading-5e0f67492323b56fb422a40e45b80e60{\npadding-bottom:10px;\n}\nbody .av-special-heading.av-av_heading-5e0f67492323b56fb422a40e45b80e60 .av-special-heading-tag .heading-char{\nfont-size:25px;\n}\n.av-special-heading.av-av_heading-5e0f67492323b56fb422a40e45b80e60 .av-subheading{\nfont-size:15px;\n}\n<\/style>\n<div  class='av-special-heading av-av_heading-5e0f67492323b56fb422a40e45b80e60 av-special-heading-h3  avia-builder-el-1  el_before_av_textblock  avia-builder-el-first '><h3 class='av-special-heading-tag '  itemprop=\"headline\"  >Sicher und effizient arbeiten mit Apple Betriebssystemen<\/h3><div class=\"special-heading-border\"><div class=\"special-heading-inner-border\"><\/div><\/div><\/div><br \/>\n<section  class='av_textblock_section av-av_textblock-aaf3a53f7e22769a7798f31e42769683 '   itemscope=\"itemscope\" itemtype=\"https:\/\/schema.org\/CreativeWork\" ><div class='avia_textblock'  itemprop=\"text\" ><p>Lange Zeit waren Apple Macintosh-Systeme vorwiegend im professionellen und grafischen Bereich verbreitet, doch inzwischen nutzen auch immer mehr Unternehmen und Privatanwender Apple-Ger\u00e4te wie MacBook, iPad &amp; iPhone.<br \/>\nAuch hier unterst\u00fctzen wir Sie durch unsere Schulung im sicheren Umgang mit den g\u00e4ngigen Betriebssystemen von Apple: OSX und iOS.<\/p>\n<\/div><\/section><\/p><\/div><div  class='flex_column av-av_one_third-1c47c10d9dd6b9bc0b68f292c1cf5942 av_one_third  avia-builder-el-3  el_after_av_two_third  el_before_av_section  avia-builder-el-last  flex_column_div  '     ><style type=\"text\/css\" data-created_by=\"avia_inline_auto\" id=\"style-css-av-av_image-31a81a8838beb2be349c88ec085168a4\">\n.avia-image-container.av-av_image-31a81a8838beb2be349c88ec085168a4 img.avia_image{\nbox-shadow:none;\n}\n.avia-image-container.av-av_image-31a81a8838beb2be349c88ec085168a4 .av-image-caption-overlay-center{\ncolor:#ffffff;\n}\n<\/style>\n<div  class='avia-image-container av-av_image-31a81a8838beb2be349c88ec085168a4 av-styling- avia-align-center  avia-builder-el-4  avia-builder-el-no-sibling '   itemprop=\"image\" itemscope=\"itemscope\" itemtype=\"https:\/\/schema.org\/ImageObject\" ><div class=\"avia-image-container-inner\"><div class=\"avia-image-overlay-wrap\"><img decoding=\"async\" width=\"300\" height=\"178\" fetchpriority=\"high\" class='wp-image-33795 avia-img-lazy-loading-not-33795 avia_image ' src=\"http:\/\/redlight-pc.de\/cms\/wp-content\/uploads\/2014\/03\/slide1_MacBook_Pro-300x178.png\" alt='' title='MacBook'   itemprop=\"thumbnailUrl\" srcset=\"https:\/\/redlight-pc.de\/cms\/wp-content\/uploads\/2014\/03\/slide1_MacBook_Pro-300x178.png 300w, https:\/\/redlight-pc.de\/cms\/wp-content\/uploads\/2014\/03\/slide1_MacBook_Pro-450x268.png 450w, https:\/\/redlight-pc.de\/cms\/wp-content\/uploads\/2014\/03\/slide1_MacBook_Pro.png 470w\" sizes=\"(max-width: 300px) 100vw, 300px\" \/><\/div><\/div><\/div><\/div><\/div><\/div><\/div><!-- close content main div --><\/div><\/div><div id='av_section_1'  class='avia-section av-av_section-de8083befefa812eaf6e412ba1a578c5 alternate_color avia-section-default avia-no-shadow  avia-builder-el-5  el_after_av_one_third  avia-builder-el-last  avia-bg-style-scroll container_wrap sidebar_right'  ><div class='container av-section-cont-open' ><div class='template-page content  av-content-small alpha units'><div class='post-entry post-entry-type-page post-entry-33948'><div class='entry-content-wrapper clearfix'>\n\n<style type=\"text\/css\" data-created_by=\"avia_inline_auto\" id=\"style-css-av-av_heading-4505dee6eb1c54aa466773ef6a2aead3\">\n#top .av-special-heading.av-av_heading-4505dee6eb1c54aa466773ef6a2aead3{\npadding-bottom:10px;\n}\nbody .av-special-heading.av-av_heading-4505dee6eb1c54aa466773ef6a2aead3 .av-special-heading-tag .heading-char{\nfont-size:25px;\n}\n.av-special-heading.av-av_heading-4505dee6eb1c54aa466773ef6a2aead3 .av-subheading{\nfont-size:15px;\n}\n<\/style>\n<div  class='av-special-heading av-av_heading-4505dee6eb1c54aa466773ef6a2aead3 av-special-heading-h3  avia-builder-el-6  el_before_av_iconlist  avia-builder-el-first '><h3 class='av-special-heading-tag '  itemprop=\"headline\"  >Inhalte die behandelt werden<\/h3><div class=\"special-heading-border\"><div class=\"special-heading-inner-border\"><\/div><\/div><\/div>\n<div  class='avia-icon-list-container av-av_iconlist-e4a0ebdf966f1bea8883e87bb95dffd6  avia-builder-el-7  el_after_av_heading  avia-builder-el-last '><ul class='avia-icon-list avia_animate_when_almost_visible avia-icon-list-left av-iconlist-big av-av_iconlist-e4a0ebdf966f1bea8883e87bb95dffd6 avia-iconlist-animate'>\n<li><div class='iconlist_icon av-av_iconlist_item-0767f5ebe4cf79e91e9c961d87c0a4f7 avia-font-entypo-fontello avia-iconfont avia-font-entypo-fontello'><span class='av-icon-char' data-av_icon='\ue920' data-av_iconfont='entypo-fontello' aria-hidden=\"true\"><\/span><\/div><article class=\"article-icon-entry \"  itemscope=\"itemscope\" itemtype=\"https:\/\/schema.org\/CreativeWork\" ><div class=\"iconlist_content_wrap\"><header class=\"entry-content-header\" aria-label=\"Icon: Betriebssystem im Griff\"><h4 class='av_iconlist_title iconlist_title  '  itemprop=\"headline\" >Betriebssystem im Griff<\/h4><\/header><div class='iconlist_content '  itemprop=\"text\" ><p>Wir zeigen Ihnen, wie Sie sicher und effizient mit Apples OSX (Snow Leopard, Lion, Mountain Lion &amp; Mavericks) arbeiten<\/p>\n<\/div><\/div><footer class=\"entry-footer\"><\/footer><\/article><div class=\"iconlist-timeline\"><\/div><\/li>\n<li><div class='iconlist_icon av-av_iconlist_item-4c929fccd5c4ed09b4349c12b3ef3e6e avia-font-entypo-fontello avia-iconfont avia-font-entypo-fontello'><span class='av-icon-char' data-av_icon='\ue8b4' data-av_iconfont='entypo-fontello' aria-hidden=\"true\"><\/span><\/div><article class=\"article-icon-entry \"  itemscope=\"itemscope\" itemtype=\"https:\/\/schema.org\/CreativeWork\" ><div class=\"iconlist_content_wrap\"><header class=\"entry-content-header\" aria-label=\"Icon: Funktionen des Systems\"><h4 class='av_iconlist_title iconlist_title  '  itemprop=\"headline\" >Funktionen des Systems<\/h4><\/header><div class='iconlist_content '  itemprop=\"text\" ><p>\u00dcberblick \u00fcber die wesentlichen Systemfunktionen und wie Sie diese richtig einsetzen.<\/p>\n<\/div><\/div><footer class=\"entry-footer\"><\/footer><\/article><div class=\"iconlist-timeline\"><\/div><\/li>\n<li><div class='iconlist_icon av-av_iconlist_item-4b1b4b7af9560229551e69751cab89b8 avia-font-entypo-fontello avia-iconfont avia-font-entypo-fontello'><span class='av-icon-char' data-av_icon='\ue851' data-av_iconfont='entypo-fontello' aria-hidden=\"true\"><\/span><\/div><article class=\"article-icon-entry \"  itemscope=\"itemscope\" itemtype=\"https:\/\/schema.org\/CreativeWork\" ><div class=\"iconlist_content_wrap\"><header class=\"entry-content-header\" aria-label=\"Icon: Dateisystem unter OSX\"><h4 class='av_iconlist_title iconlist_title  '  itemprop=\"headline\" >Dateisystem unter OSX<\/h4><\/header><div class='iconlist_content '  itemprop=\"text\" ><p>Informationen zur Dateiverwaltung und zur Dateistruktur bei Macintosh-Betriebssystemen<\/p>\n<\/div><\/div><footer class=\"entry-footer\"><\/footer><\/article><div class=\"iconlist-timeline\"><\/div><\/li>\n<li><div class='iconlist_icon av-av_iconlist_item-e0671c0aaa2387f94b6ef54724d8d0ca avia-font-entypo-fontello avia-iconfont avia-font-entypo-fontello'><span class='av-icon-char' data-av_icon='\ue83a' data-av_iconfont='entypo-fontello' aria-hidden=\"true\"><\/span><\/div><article class=\"article-icon-entry \"  itemscope=\"itemscope\" itemtype=\"https:\/\/schema.org\/CreativeWork\" ><div class=\"iconlist_content_wrap\"><header class=\"entry-content-header\" aria-label=\"Icon: Ger\u00e4te installieren\"><h4 class='av_iconlist_title iconlist_title  '  itemprop=\"headline\" >Ger\u00e4te installieren<\/h4><\/header><div class='iconlist_content '  itemprop=\"text\" ><p>Erl\u00e4uterung von Installation und Einrichtung neuer Hardware und Ger\u00e4te wie Druckern, USB-Ger\u00e4ten etc.<\/p>\n<\/div><\/div><footer class=\"entry-footer\"><\/footer><\/article><div class=\"iconlist-timeline\"><\/div><\/li>\n<li><div class='iconlist_icon av-av_iconlist_item-af3c664da029470c541e69976deec388 avia-font-entypo-fontello avia-iconfont avia-font-entypo-fontello'><span class='av-icon-char' data-av_icon='\ue8d0' data-av_iconfont='entypo-fontello' aria-hidden=\"true\"><\/span><\/div><article class=\"article-icon-entry \"  itemscope=\"itemscope\" itemtype=\"https:\/\/schema.org\/CreativeWork\" ><div class=\"iconlist_content_wrap\"><header class=\"entry-content-header\" aria-label=\"Icon: Software &amp; Apps\"><h4 class='av_iconlist_title iconlist_title  '  itemprop=\"headline\" >Software &amp; Apps<\/h4><\/header><div class='iconlist_content '  itemprop=\"text\" ><p>Wir zeigen Ihnen, wie Sie Software installieren und einrichten, oder Apps aus dem AppStore herunterladen und installieren k\u00f6nnen.<\/p>\n<\/div><\/div><footer class=\"entry-footer\"><\/footer><\/article><div class=\"iconlist-timeline\"><\/div><\/li>\n<li><div class='iconlist_icon av-av_iconlist_item-f3656b920821ef6e4691d65211a5fda5 avia-font-entypo-fontello avia-iconfont avia-font-entypo-fontello'><span class='av-icon-char' data-av_icon='\ue8ac' data-av_iconfont='entypo-fontello' aria-hidden=\"true\"><\/span><\/div><article class=\"article-icon-entry \"  itemscope=\"itemscope\" itemtype=\"https:\/\/schema.org\/CreativeWork\" ><div class=\"iconlist_content_wrap\"><header class=\"entry-content-header\" aria-label=\"Icon: iPhone &amp; iPad\"><h4 class='av_iconlist_title iconlist_title  '  itemprop=\"headline\" >iPhone &amp; iPad<\/h4><\/header><div class='iconlist_content '  itemprop=\"text\" ><p>Auch bei den mobilen Ger\u00e4ten und Betriebssystem von Apple (iOS) unterst\u00fctzen wir Sie gerne und erkl\u00e4ren Ihnen den einfachen Umgang mit allen Funktionen des mobilen Betriebssystems.<\/p>\n<\/div><\/div><footer class=\"entry-footer\"><\/footer><\/article><div class=\"iconlist-timeline\"><\/div><\/li>\n<li><div class='iconlist_icon av-av_iconlist_item-6396124a69beace508efe62e392adbfb avia-font-entypo-fontello avia-iconfont avia-font-entypo-fontello'><span class='av-icon-char' data-av_icon='\ue81c' data-av_iconfont='entypo-fontello' aria-hidden=\"true\"><\/span><\/div><article class=\"article-icon-entry \"  itemscope=\"itemscope\" itemtype=\"https:\/\/schema.org\/CreativeWork\" ><div class=\"iconlist_content_wrap\"><header class=\"entry-content-header\" aria-label=\"Icon: Ihre individuellen Fragen\"><h4 class='av_iconlist_title iconlist_title  '  itemprop=\"headline\" >Ihre individuellen Fragen<\/h4><\/header><div class='iconlist_content '  itemprop=\"text\" ><p>Weitere, individuelle Fragen k\u00f6nnen Sie selbstverst\u00e4ndlich auch stellen und wir beantworten diese \u2013 sprechen Sie uns an!<\/p>\n<\/div><\/div><footer class=\"entry-footer\"><\/footer><\/article><div class=\"iconlist-timeline\"><\/div><\/li>\n<\/ul><\/div>\n<\/div><\/div><\/div><!-- close content main div --><\/div><\/div><div id='after_section_1'  class='main_color av_default_container_wrap container_wrap sidebar_right'  ><div class='container av-section-cont-open' ><div class='template-page content  av-content-small alpha units'><div class='post-entry post-entry-type-page post-entry-33948'><div class='entry-content-wrapper clearfix'><\/p>\n","protected":false},"excerpt":{"rendered":"","protected":false},"author":1,"featured_media":0,"parent":53,"menu_order":0,"comment_status":"closed","ping_status":"open","template":"","meta":{"jetpack_post_was_ever_published":false,"footnotes":""},"aioseo_notices":[],"jetpack_shortlink":"https:\/\/wp.me\/P2NCds-8Py","jetpack_sharing_enabled":true,"_links":{"self":[{"href":"https:\/\/redlight-pc.de\/cms\/wp-json\/wp\/v2\/pages\/33948"}],"collection":[{"href":"https:\/\/redlight-pc.de\/cms\/wp-json\/wp\/v2\/pages"}],"about":[{"href":"https:\/\/redlight-pc.de\/cms\/wp-json\/wp\/v2\/types\/page"}],"author":[{"embeddable":true,"href":"https:\/\/redlight-pc.de\/cms\/wp-json\/wp\/v2\/users\/1"}],"replies":[{"embeddable":true,"href":"https:\/\/redlight-pc.de\/cms\/wp-json\/wp\/v2\/comments?post=33948"}],"version-history":[{"count":3,"href":"https:\/\/redlight-pc.de\/cms\/wp-json\/wp\/v2\/pages\/33948\/revisions"}],"predecessor-version":[{"id":34012,"href":"https:\/\/redlight-pc.de\/cms\/wp-json\/wp\/v2\/pages\/33948\/revisions\/34012"}],"up":[{"embeddable":true,"href":"https:\/\/redlight-pc.de\/cms\/wp-json\/wp\/v2\/pages\/53"}],"wp:attachment":[{"href":"https:\/\/redlight-pc.de\/cms\/wp-json\/wp\/v2\/media?parent=33948"}],"curies":[{"name":"wp","href":"https:\/\/api.w.org\/{rel}","templated":true}]}}