{"id":34073,"date":"2014-05-21T12:00:10","date_gmt":"2014-05-21T10:00:10","guid":{"rendered":"http:\/\/redlight-pc.de\/cms\/?page_id=34073"},"modified":"2020-03-17T17:58:55","modified_gmt":"2020-03-17T16:58:55","slug":"fernwartung","status":"publish","type":"page","link":"https:\/\/redlight-pc.de\/cms\/fernwartung\/","title":{"rendered":"Fernwartung"},"content":{"rendered":"<div  class='flex_column av-9970uzd-1dfb8e81f97e728da6177d3764859b42 av_two_third  avia-builder-el-0  el_before_av_one_third  avia-builder-el-first  first flex_column_div  '     ><p>\n<style type=\"text\/css\" data-created_by=\"avia_inline_auto\" id=\"style-css-av-av_heading-319a499835c2f9eb3fa7847e90a6904c\">\n#top .av-special-heading.av-av_heading-319a499835c2f9eb3fa7847e90a6904c{\npadding-bottom:10px;\n}\nbody .av-special-heading.av-av_heading-319a499835c2f9eb3fa7847e90a6904c .av-special-heading-tag .heading-char{\nfont-size:25px;\n}\n.av-special-heading.av-av_heading-319a499835c2f9eb3fa7847e90a6904c .av-subheading{\nfont-size:15px;\n}\n<\/style>\n<div  class='av-special-heading av-av_heading-319a499835c2f9eb3fa7847e90a6904c av-special-heading-h1 blockquote modern-quote  avia-builder-el-1  el_before_av_iconlist  avia-builder-el-first '><h1 class='av-special-heading-tag '  itemprop=\"headline\"  >Fernwartung<\/h1><div class='av-subheading av-subheading_below'><p>Bei der Fernwartung (Remote-Zugriff) erhalten wir tempor\u00e4ren Zugriff auf Ihr System und k\u00f6nnen so vorhandene Probleme schnell finden und beheben.<br \/>\nDer Zugriff erfolgt durch die Software AnyDesk (alternativ ist je nach vorhandenem System bei Ihnen auch der Zugriff via VPN und\/oder Windows Remote Desktop m\u00f6glich) und verwendet eine gesicherte Verbindung.<br \/>\nW\u00e4hrend der Fernwartung k\u00f6nnen Sie stets am Bildschirm mitverfolgen, welche Arbeiten von uns durchgef\u00fchrt werden &#8211; 100% transparent!<\/p>\n<\/div><div class=\"special-heading-border\"><div class=\"special-heading-inner-border\"><\/div><\/div><\/div><br \/>\n<div  class='avia-icon-list-container av-8nhapp5-c9cb92db36f97e422be1cb2c29dd4945  avia-builder-el-2  el_after_av_heading  el_before_av_heading '><ul class='avia-icon-list avia_animate_when_almost_visible avia-icon-list-left av-iconlist-big av-8nhapp5-c9cb92db36f97e422be1cb2c29dd4945 avia-iconlist-animate'>\n<li><div class='iconlist_icon av-7zpv3q1-ecf4e2fd35ae42521b956894f09071a2 avia-font-redlight avia-iconfont avia-font-redlight'><span class='av-icon-char' data-av_icon='\ue80b' data-av_iconfont='redlight' aria-hidden=\"true\"><\/span><\/div><article class=\"article-icon-entry \"  itemscope=\"itemscope\" itemtype=\"https:\/\/schema.org\/CreativeWork\" ><div class=\"iconlist_content_wrap\"><header class=\"entry-content-header\" aria-label=\"Icon: Einsatzbereiche\"><h4 class='av_iconlist_title iconlist_title  '  itemprop=\"headline\" >Einsatzbereiche<\/h4><\/header><div class='iconlist_content '  itemprop=\"text\" ><p>Die Fernwartung kann bei einer Vielzahl von Problemen am PC\/MAC eingesetzt werden und so schnelle Hilfe erm\u00f6glichen:<\/p>\n<ul>\n<li>Software Installationen \/ Deinstallationen und Einrichtung<\/li>\n<li>Treiberinstallationen f\u00fcr Ihre Hardware oder neue Ger\u00e4te<\/li>\n<li>Telefonische und visuelle Unterst\u00fctzung bei der Arbeit mit Ihren Anwendungen<\/li>\n<li>Systemoptimierungen, Viren- und Spyware Suche und Entfernung<\/li>\n<\/ul>\n<\/div><\/div><footer class=\"entry-footer\"><\/footer><\/article><div class=\"iconlist-timeline\"><\/div><\/li>\n<li><div class='iconlist_icon av-7qmaeop-a98ee296fc9d883882bbaad0f705a41e avia-font-entypo-fontello avia-iconfont avia-font-entypo-fontello'><span class='av-icon-char' data-av_icon='\ue812' data-av_iconfont='entypo-fontello' aria-hidden=\"true\"><\/span><\/div><article class=\"article-icon-entry \"  itemscope=\"itemscope\" itemtype=\"https:\/\/schema.org\/CreativeWork\" ><div class=\"iconlist_content_wrap\"><header class=\"entry-content-header\" aria-label=\"Icon: Schnelle L\u00f6sung von Problemen\"><h4 class='av_iconlist_title iconlist_title  '  itemprop=\"headline\" >Schnelle L\u00f6sung von Problemen<\/h4><\/header><div class='iconlist_content '  itemprop=\"text\" ><p>Die vorhandenen Probleme und Fehler k\u00f6nnen in der Regel schnell gefunden und behoben werden, so dass Ihr System wieder zuverl\u00e4ssig l\u00e4uft<\/p>\n<\/div><\/div><footer class=\"entry-footer\"><\/footer><\/article><div class=\"iconlist-timeline\"><\/div><\/li>\n<li><div class='iconlist_icon av-779xtjt-fe6a63f2b387f136fba3f40ad6c8830e avia-font-entypo-fontello avia-iconfont avia-font-entypo-fontello'><span class='av-icon-char' data-av_icon='\ue863' data-av_iconfont='entypo-fontello' aria-hidden=\"true\"><\/span><\/div><article class=\"article-icon-entry \"  itemscope=\"itemscope\" itemtype=\"https:\/\/schema.org\/CreativeWork\" ><div class=\"iconlist_content_wrap\"><header class=\"entry-content-header\" aria-label=\"Icon: Sparen Sie Zeit\"><h4 class='av_iconlist_title iconlist_title  '  itemprop=\"headline\" >Sparen Sie Zeit<\/h4><\/header><div class='iconlist_content '  itemprop=\"text\" ><p>Ihr Vorteil bei der Fernwartung: kein Zeitverlust durch Anfahrt oder Abholung.\u00a0Sollten wir nicht im Au\u00dfendienst sein, kann Ihr Problem au\u00dferdem meist sofort bearbeitet werden<\/p>\n<\/div><\/div><footer class=\"entry-footer\"><\/footer><\/article><div class=\"iconlist-timeline\"><\/div><\/li>\n<li><div class='iconlist_icon av-thc195-166dbd7a0e8334aefbbd4a980e3ad43b avia-font-redlight avia-iconfont avia-font-redlight'><span class='av-icon-char' data-av_icon='\ue820' data-av_iconfont='redlight' aria-hidden=\"true\"><\/span><\/div><article class=\"article-icon-entry \"  itemscope=\"itemscope\" itemtype=\"https:\/\/schema.org\/CreativeWork\" ><div class=\"iconlist_content_wrap\"><header class=\"entry-content-header\" aria-label=\"Icon: Sicherheit: 100%\"><h4 class='av_iconlist_title iconlist_title  '  itemprop=\"headline\" >Sicherheit: 100%<\/h4><\/header><div class='iconlist_content '  itemprop=\"text\" ><p>Der Zugriff per Fernwartung erfolgt stets \u00fcber eine sicherere Verbindung &#8211; Eingriff oder Einsicht durch Dritte ist so ausgeschlossen!<br \/>\nWir setzen die f\u00fchrende Software &#8222;AnyDesk&#8220; ein, alternativ ist auch ein Zugriff via VPN \/ Remote Desktop m\u00f6glich.<\/p>\n<\/div><\/div><footer class=\"entry-footer\"><\/footer><\/article><div class=\"iconlist-timeline\"><\/div><\/li>\n<li><div class='iconlist_icon av-msx76h-fd978adf34027415633311f7e84ab9a2 avia-font-redlight avia-iconfont avia-font-redlight'><span class='av-icon-char' data-av_icon='\ue81f' data-av_iconfont='redlight' aria-hidden=\"true\"><\/span><\/div><article class=\"article-icon-entry \"  itemscope=\"itemscope\" itemtype=\"https:\/\/schema.org\/CreativeWork\" ><div class=\"iconlist_content_wrap\"><header class=\"entry-content-header\" aria-label=\"Icon: Kosten senken\"><h4 class='av_iconlist_title iconlist_title  '  itemprop=\"headline\" >Kosten senken<\/h4><\/header><div class='iconlist_content '  itemprop=\"text\" ><p>Durch den Einsatz der Fernwartung sparen Sie bares Geld. Sie zahlen nur die reinen Arbeitskosten zzgl. pauschal 5,00 EUR je Fernwartungsauftrag und profitieren zus\u00e4tzlich von einer noch exakteren Abrechnung im 15-Minuten-Takt.<br \/>\nDie Kosten f\u00fcr Anfahrt entfallen selbstverst\u00e4ndlich ebenfalls bei der Fernwartung.<\/p>\n<\/div><\/div><footer class=\"entry-footer\"><\/footer><\/article><div class=\"iconlist-timeline\"><\/div><\/li>\n<\/ul><\/div><br \/>\n\n<style type=\"text\/css\" data-created_by=\"avia_inline_auto\" id=\"style-css-av-k7w515g8-6d9d425d81318e686879daf841916815\">\n#top .av-special-heading.av-k7w515g8-6d9d425d81318e686879daf841916815{\npadding-bottom:10px;\n}\nbody .av-special-heading.av-k7w515g8-6d9d425d81318e686879daf841916815 .av-special-heading-tag .heading-char{\nfont-size:25px;\n}\n.av-special-heading.av-k7w515g8-6d9d425d81318e686879daf841916815 .av-subheading{\nfont-size:15px;\n}\n<\/style>\n<div  class='av-special-heading av-k7w515g8-6d9d425d81318e686879daf841916815 av-special-heading-h3  avia-builder-el-3  el_after_av_iconlist  el_before_av_video '><h3 class='av-special-heading-tag '  itemprop=\"headline\"  >Anleitung zur Nutzung unserer Fernwartung<\/h3><div class=\"special-heading-border\"><div class=\"special-heading-inner-border\"><\/div><\/div><\/div><br \/>\n\n<style type=\"text\/css\" data-created_by=\"avia_inline_auto\" id=\"style-css-av-k7w4ygtt-787afbe92a861151266f3b62aa531419\">\n.avia-video.av-k7w4ygtt-787afbe92a861151266f3b62aa531419{\nbackground-image:url(https:\/\/redlight-pc.de\/cms\/wp-content\/uploads\/2019\/03\/anydesk.png);\n}\n<\/style>\n<div  class='avia-video av-k7w4ygtt-787afbe92a861151266f3b62aa531419 avia-video-16-9 av-preview-image avia-video-confirm_all avia-video-html5'  itemprop=\"video\" itemtype=\"https:\/\/schema.org\/VideoObject\"  data-original_url='https:\/\/redlight-pc.de\/cms\/wp-content\/uploads\/2020\/03\/AnyDesk.mp4'><video class='avia_video' poster=\"https:\/\/redlight-pc.de\/cms\/wp-content\/uploads\/2019\/03\/anydesk.png\"   preload=\"auto\"  controls id='player_34073_1670912716_998661901'><source src='https:\/\/redlight-pc.de\/cms\/wp-content\/uploads\/2020\/03\/AnyDesk.mp4' type='video\/mp4' \/><\/video><\/div><\/p><\/div>\n<style type=\"text\/css\" data-created_by=\"avia_inline_auto\" id=\"style-css-av-5ouz9tl-bc53cec727d8e7ff78a3cfdd3f64b35d\">\n.flex_column.av-5ouz9tl-bc53cec727d8e7ff78a3cfdd3f64b35d{\nborder-radius:0px 0px 0px 0px;\npadding:0px 0px 0px 0px;\n}\n<\/style>\n<div  class='flex_column av-5ouz9tl-bc53cec727d8e7ff78a3cfdd3f64b35d av_one_third  avia-builder-el-5  el_after_av_two_third  avia-builder-el-last  flex_column_div av-zero-column-padding  '     ><article  class='iconbox iconbox_top av-57xsjnd-ed2ee58003c9bdcdbb0a90d6a5bad189  avia-builder-el-6  el_before_av_hr  avia-builder-el-first  main_color'  itemscope=\"itemscope\" itemtype=\"https:\/\/schema.org\/CreativeWork\" ><div class=\"iconbox_content\"><header class=\"entry-content-header\" aria-label=\"Icon: Ihre Vorteile\"><div class='iconbox_icon heading-color avia-iconfont avia-font-entypo-fontello' data-av_icon='\ue82b' data-av_iconfont='entypo-fontello'  ><\/div><h3 class='iconbox_content_title '  itemprop=\"headline\" >Ihre Vorteile<\/h3><\/header><div class='iconbox_content_container '  itemprop=\"text\" ><p style=\"text-align: center;\">schnelle Hilfe<br \/>\nAbrechnung im 15-Minuten-Takt<br \/>\nkeine Anfahrtskosten<br \/>\ninkl. telefonischem Support<br \/>\n100% Sicherheit<\/p>\n<\/div><\/div><footer class=\"entry-footer\"><\/footer><\/article><br \/>\n<div  class='hr av-50bx5dl-e996389dbe3d92286795969351b59301 hr-default  avia-builder-el-7  el_after_av_icon_box  el_before_av_image '><span class='hr-inner '><span class=\"hr-inner-style\"><\/span><\/span><\/div><br \/>\n\n<style type=\"text\/css\" data-created_by=\"avia_inline_auto\" id=\"style-css-av-4f4tvbt-fb73d23d26fc0a2367464b66623d473c\">\n.avia-image-container.av-4f4tvbt-fb73d23d26fc0a2367464b66623d473c img.avia_image{\nbox-shadow:none;\n}\n.avia-image-container.av-4f4tvbt-fb73d23d26fc0a2367464b66623d473c .av-image-caption-overlay-center{\ncolor:#ffffff;\n}\n<\/style>\n<div  class='avia-image-container av-4f4tvbt-fb73d23d26fc0a2367464b66623d473c av-styling- avia_animated_image av-animated-when-visible-95 top-to-bottom avia-align-center  avia-builder-el-8  el_after_av_hr  el_before_av_button '   itemprop=\"image\" itemscope=\"itemscope\" itemtype=\"https:\/\/schema.org\/ImageObject\" ><div class=\"avia-image-container-inner\"><div class=\"avia-image-overlay-wrap\"><img decoding=\"async\" fetchpriority=\"high\" class='wp-image-35930 avia-img-lazy-loading-not-35930 avia_image ' src=\"https:\/\/redlight-pc.de\/cms\/wp-content\/uploads\/2019\/03\/anydesk.png\" alt='AnyDesk' title='AnyDesk'  height=\"364\" width=\"364\"  itemprop=\"thumbnailUrl\" srcset=\"https:\/\/redlight-pc.de\/cms\/wp-content\/uploads\/2019\/03\/anydesk.png 364w, https:\/\/redlight-pc.de\/cms\/wp-content\/uploads\/2019\/03\/anydesk-80x80.png 80w, https:\/\/redlight-pc.de\/cms\/wp-content\/uploads\/2019\/03\/anydesk-300x300.png 300w, https:\/\/redlight-pc.de\/cms\/wp-content\/uploads\/2019\/03\/anydesk-36x36.png 36w, https:\/\/redlight-pc.de\/cms\/wp-content\/uploads\/2019\/03\/anydesk-180x180.png 180w, https:\/\/redlight-pc.de\/cms\/wp-content\/uploads\/2019\/03\/anydesk-120x120.png 120w\" sizes=\"(max-width: 364px) 100vw, 364px\" \/><\/div><\/div><\/div><br \/>\n<div  class='avia-button-wrap av-3u1q715-a796a8a055f895fd09013b46909bafc6-wrap avia-button-center  avia-builder-el-9  el_after_av_image  el_before_av_button '><a href='http:\/\/redlight-pc.de\/cms\/download\/support_tools\/AnyDesk_Client.exe'  class='avia-button av-3u1q715-a796a8a055f895fd09013b46909bafc6 av-link-btn avia-icon_select-yes-left-icon avia-size-small avia-position-center avia-color-blue'   aria-label=\"WINDOWS VERSION  AnyDesk herunterladen\"><span class='avia_button_icon avia_button_icon_left avia-iconfont avia-font-entypo-fontello' data-av_icon='\ue922' data-av_iconfont='entypo-fontello' ><\/span><span class='avia_iconbox_title' >WINDOWS VERSION  AnyDesk herunterladen<\/span><\/a><\/div><br \/>\n<div  class='avia-button-wrap av-3mmekex-3253ab715786c01e64a84f2b342cf12a-wrap avia-button-center  avia-builder-el-10  el_after_av_button  el_before_av_hr '><a href='http:\/\/redlight-pc.de\/cms\/download\/support_tools\/anydesk.dmg'  class='avia-button av-3mmekex-3253ab715786c01e64a84f2b342cf12a av-link-btn avia-icon_select-yes-left-icon avia-size-small avia-position-center avia-color-blue'   aria-label=\"MACINTOSH VERSION  AnyDesk herunterladen\"><span class='avia_button_icon avia_button_icon_left avia-iconfont avia-font-entypo-fontello' data-av_icon='\ue920' data-av_iconfont='entypo-fontello' ><\/span><span class='avia_iconbox_title' >MACINTOSH VERSION  AnyDesk herunterladen<\/span><\/a><\/div><br \/>\n<div  class='hr av-2tid88p-76e13848bbf39737b9b2d3b69055fa0b hr-default  avia-builder-el-11  el_after_av_button  el_before_av_font_icon '><span class='hr-inner '><span class=\"hr-inner-style\"><\/span><\/span><\/div><br \/>\n\n<style type=\"text\/css\" data-created_by=\"avia_inline_auto\" id=\"style-css-av-2dlusxl-720bf0b12e8d9982cf02072ff7672c48\">\n.av_font_icon.av-2dlusxl-720bf0b12e8d9982cf02072ff7672c48 .av-icon-char{\nfont-size:40px;\nline-height:40px;\n}\n<\/style>\n<span  class='av_font_icon av-2dlusxl-720bf0b12e8d9982cf02072ff7672c48 avia_animate_when_visible av-icon-style- avia-icon-pos-center avia-iconfont avia-font-entypo-fontello av-no-color avia-icon-animate'><span class='av-icon-char' data-av_icon='\ue81e' data-av_iconfont='entypo-fontello' aria-hidden=\"true\" data-avia-icon-tooltip=\"&lt;br \/&gt;\nHier finden Sie eine kurze Schnellanleitung zur Nutzung von TeamViewer&lt;br \/&gt;\n\"><\/span><\/span><br \/>\n<div  class='togglecontainer av-22gc2k9-5a9aad8be62993bb49767f442978372b  avia-builder-el-13  el_after_av_font_icon  avia-builder-el-last ' >\n<section class='av_toggle_section av-av_toggle-c6347af84e8cc7cf4d4d3002fd142e49'  itemscope=\"itemscope\" itemtype=\"https:\/\/schema.org\/CreativeWork\" ><div role=\"tablist\" class=\"single_toggle\" data-tags=\"{Alle} \"  ><p id='toggle-toggle-id-1' data-fake-id='#toggle-id-1' class='toggler  av-title-above '  itemprop=\"headline\"  role='tab' tabindex='0' aria-controls='toggle-id-1' data-slide-speed=\"200\" data-title=\"1. Herunterladen\" data-title-open=\"\" data-aria_collapsed=\"Click to expand: 1. Herunterladen\" data-aria_expanded=\"Click to collapse: 1. Herunterladen\">1. Herunterladen<span class=\"toggle_icon\"><span class=\"vert_icon\"><\/span><span class=\"hor_icon\"><\/span><\/span><\/p><div id='toggle-id-1' aria-labelledby='toggle-toggle-id-1' role='region' class='toggle_wrap  av-title-above'  ><div class='toggle_content invers-color '  itemprop=\"text\" ><p>Laden Sie die entsprechende AnyDesk-Version f\u00fcr Ihr Betriebssystem einfach \u00fcber den oben stehenden Button herunter und speichern die Datei auf Ihrem Computer oder Mac.<\/p>\n<\/div><\/div><\/div><\/section>\n<section class='av_toggle_section av-av_toggle-d4ef02ea0c3e1bf3a9f873b5705bb456'  itemscope=\"itemscope\" itemtype=\"https:\/\/schema.org\/CreativeWork\" ><div role=\"tablist\" class=\"single_toggle\" data-tags=\"{Alle} \"  ><p id='toggle-toggle-id-2' data-fake-id='#toggle-id-2' class='toggler  av-title-above '  itemprop=\"headline\"  role='tab' tabindex='0' aria-controls='toggle-id-2' data-slide-speed=\"200\" data-title=\"2. Starten\" data-title-open=\"\" data-aria_collapsed=\"Click to expand: 2. Starten\" data-aria_expanded=\"Click to collapse: 2. Starten\">2. Starten<span class=\"toggle_icon\"><span class=\"vert_icon\"><\/span><span class=\"hor_icon\"><\/span><\/span><\/p><div id='toggle-id-2' aria-labelledby='toggle-toggle-id-2' role='region' class='toggle_wrap  av-title-above'  ><div class='toggle_content invers-color '  itemprop=\"text\" ><p>Im Anschluss starten Sie das TeamViewer Kundenmodul:<\/p>\n<p><span style=\"text-decoration: underline;\"><strong>WINDOWS:<\/strong> <\/span><br \/>\nStarten Sie die heruntergeladene Datei einfach per Doppelklick. Es \u00f6ffnet sich dann das Programmfenster von AnyDesk.<\/p>\n<p><span style=\"text-decoration: underline;\"><strong>MAC:<\/strong><\/span><br \/>\n\u00d6ffnen Sie das heruntergeladene Abbild (DMG-Datei) per Doppelklick und mounten so das Programmabbild.<br \/>\nAnschlie\u00dfend \u00f6ffnen Sie das zuvor gemountete Laufwerk\/Volume im Mac Finder (in der linken Leiste) oder \u00fcber das entsprechende Icon auf dem Schreibtisch des Macs.<br \/>\nStarten Sie das AnyDesk Kundenmodul nun per Doppelklick auf das entsprechende Symbol.<\/p>\n<\/div><\/div><\/div><\/section>\n<section class='av_toggle_section av-av_toggle-c7390fd40ab91999d2ebe21e214b799c'  itemscope=\"itemscope\" itemtype=\"https:\/\/schema.org\/CreativeWork\" ><div role=\"tablist\" class=\"single_toggle\" data-tags=\"{Alle} \"  ><p id='toggle-toggle-id-3' data-fake-id='#toggle-id-3' class='toggler  av-title-above '  itemprop=\"headline\"  role='tab' tabindex='0' aria-controls='toggle-id-3' data-slide-speed=\"200\" data-title=\"3. ID und Passwort\" data-title-open=\"\" data-aria_collapsed=\"Click to expand: 3. ID und Passwort\" data-aria_expanded=\"Click to collapse: 3. ID und Passwort\">3. ID und Passwort<span class=\"toggle_icon\"><span class=\"vert_icon\"><\/span><span class=\"hor_icon\"><\/span><\/span><\/p><div id='toggle-id-3' aria-labelledby='toggle-toggle-id-3' role='region' class='toggle_wrap  av-title-above'  ><div class='toggle_content invers-color '  itemprop=\"text\" ><p>Nachdem Sie das AnyDesk Kundenmodul gestartet haben, sollten Sie nun im Programmfenster links einen Eintrag mit Ihrer individueller <strong>AnyDesk Adresse<\/strong> sehen k\u00f6nnen.<\/p>\n<p>Diese Adresse (9-stellige Zahlennummer) ben\u00f6tigen wir, um auf Ihr System zugreifen zu k\u00f6nnen. Diese Informationen k\u00f6nnen Sie uns zum Begin der Fernwartung am Telefon durchgeben.<\/p>\n<\/div><\/div><\/div><\/section>\n<\/div><\/p><\/div><\/p>\n","protected":false},"excerpt":{"rendered":"","protected":false},"author":1,"featured_media":0,"parent":0,"menu_order":0,"comment_status":"closed","ping_status":"open","template":"","meta":{"jetpack_post_was_ever_published":false,"footnotes":""},"aioseo_notices":[],"jetpack_shortlink":"https:\/\/wp.me\/P2NCds-8Rz","jetpack_sharing_enabled":true,"_links":{"self":[{"href":"https:\/\/redlight-pc.de\/cms\/wp-json\/wp\/v2\/pages\/34073"}],"collection":[{"href":"https:\/\/redlight-pc.de\/cms\/wp-json\/wp\/v2\/pages"}],"about":[{"href":"https:\/\/redlight-pc.de\/cms\/wp-json\/wp\/v2\/types\/page"}],"author":[{"embeddable":true,"href":"https:\/\/redlight-pc.de\/cms\/wp-json\/wp\/v2\/users\/1"}],"replies":[{"embeddable":true,"href":"https:\/\/redlight-pc.de\/cms\/wp-json\/wp\/v2\/comments?post=34073"}],"version-history":[{"count":17,"href":"https:\/\/redlight-pc.de\/cms\/wp-json\/wp\/v2\/pages\/34073\/revisions"}],"predecessor-version":[{"id":36024,"href":"https:\/\/redlight-pc.de\/cms\/wp-json\/wp\/v2\/pages\/34073\/revisions\/36024"}],"wp:attachment":[{"href":"https:\/\/redlight-pc.de\/cms\/wp-json\/wp\/v2\/media?parent=34073"}],"curies":[{"name":"wp","href":"https:\/\/api.w.org\/{rel}","templated":true}]}}