{"id":34345,"date":"2014-12-15T16:24:36","date_gmt":"2014-12-15T15:24:36","guid":{"rendered":"http:\/\/redlight-pc.de\/cms\/?page_id=34345"},"modified":"2016-06-04T10:17:36","modified_gmt":"2016-06-04T08:17:36","slug":"internetzugang-voip","status":"publish","type":"page","link":"https:\/\/redlight-pc.de\/cms\/services\/internetzugang-voip\/","title":{"rendered":"Internetzugang &#038; VoIP"},"content":{"rendered":"<div  class='flex_column av-av_two_third-2a9015ff38129c418a3f2eafba3e9512 av_two_third  avia-builder-el-0  el_before_av_one_third  avia-builder-el-first  first flex_column_div  '     ><p>\n<style type=\"text\/css\" data-created_by=\"avia_inline_auto\" id=\"style-css-av-av_heading-059be15dfa554fab8dbf25516cbb7d94\">\n#top .av-special-heading.av-av_heading-059be15dfa554fab8dbf25516cbb7d94{\npadding-bottom:10px;\n}\nbody .av-special-heading.av-av_heading-059be15dfa554fab8dbf25516cbb7d94 .av-special-heading-tag .heading-char{\nfont-size:25px;\n}\n.av-special-heading.av-av_heading-059be15dfa554fab8dbf25516cbb7d94 .av-subheading{\nfont-size:15px;\n}\n<\/style>\n<div  class='av-special-heading av-av_heading-059be15dfa554fab8dbf25516cbb7d94 av-special-heading-h1 blockquote modern-quote  avia-builder-el-1  el_before_av_iconlist  avia-builder-el-first '><h1 class='av-special-heading-tag '  itemprop=\"headline\"  >Internetzugang <span class='special_amp'>&amp;<\/span> VoIP Einrichtung<\/h1><div class='av-subheading av-subheading_below'><p>Wir helfen Ihnen bei der Installation und Einrichtung Ihres Internetzugangs, sowie der Konfiguration von VoIP (Voice over IP = Internettelefonie) Telefonie (beispielsweise bei 1&amp;1 und Telekom Vertr\u00e4gen)<\/p>\n<\/div><div class=\"special-heading-border\"><div class=\"special-heading-inner-border\"><\/div><\/div><\/div><br \/>\n<div  class='avia-icon-list-container av-av_iconlist-c9265973fe37925e1675fd541a8fb5d9  avia-builder-el-2  el_after_av_heading  avia-builder-el-last '><ul class='avia-icon-list avia_animate_when_almost_visible avia-icon-list-left av-iconlist-big av-av_iconlist-c9265973fe37925e1675fd541a8fb5d9 avia-iconlist-animate'>\n<li><div class='iconlist_icon av-av_iconlist_item-326604424a2e608f896f643f65efcf3f avia-font-entypo-fontello avia-iconfont avia-font-entypo-fontello'><span class='av-icon-char' data-av_icon='\ue8b1' data-av_iconfont='entypo-fontello' aria-hidden=\"true\"><\/span><\/div><article class=\"article-icon-entry \"  itemscope=\"itemscope\" itemtype=\"https:\/\/schema.org\/CreativeWork\" ><div class=\"iconlist_content_wrap\"><header class=\"entry-content-header\" aria-label=\"Icon: Einrichtung des Internetzugangs\"><h4 class='av_iconlist_title iconlist_title  '  itemprop=\"headline\" >Einrichtung des Internetzugangs<\/h4><\/header><div class='iconlist_content '  itemprop=\"text\" ><p>Wir unterst\u00fctzen Sie bei der kompletten Einrichtung Ihres Internetzugangs bei allen deutschen Internet-Anbietern.<br \/>\n(z.B. Telekom, 1&amp;1, Vodafone, Alice, NetCologne, UnityMedia, O2 und vielen weiteren&#8230;)<\/p>\n<\/div><\/div><footer class=\"entry-footer\"><\/footer><\/article><div class=\"iconlist-timeline\"><\/div><\/li>\n<li><div class='iconlist_icon av-av_iconlist_item-3603a9b48f5ae04a7f187e9b4892a280 avia-font-entypo-fontello avia-iconfont avia-font-entypo-fontello'><span class='av-icon-char' data-av_icon='\ue855' data-av_iconfont='entypo-fontello' aria-hidden=\"true\"><\/span><\/div><article class=\"article-icon-entry \"  itemscope=\"itemscope\" itemtype=\"https:\/\/schema.org\/CreativeWork\" ><div class=\"iconlist_content_wrap\"><header class=\"entry-content-header\" aria-label=\"Icon: Konfiguration des Routers\"><h4 class='av_iconlist_title iconlist_title  '  itemprop=\"headline\" >Konfiguration des Routers<\/h4><\/header><div class='iconlist_content '  itemprop=\"text\" ><p>Wir \u00fcbernehmen die komplette Konfiguration und Einrichtung Ihres Routers<br \/>\n(z.B. Telekom Speedport Ger\u00e4te, AVM Fritz!Box, Netgear, D-Link, Asus und viele weitere Ger\u00e4te\/Hersteller&#8230;)<\/p>\n<\/div><\/div><footer class=\"entry-footer\"><\/footer><\/article><div class=\"iconlist-timeline\"><\/div><\/li>\n<li><div class='iconlist_icon av-av_iconlist_item-3d3485a4efd6f5d44696e5b0f835b897 avia-font-entypo-fontello avia-iconfont avia-font-entypo-fontello'><span class='av-icon-char' data-av_icon='\ue8a7' data-av_iconfont='entypo-fontello' aria-hidden=\"true\"><\/span><\/div><article class=\"article-icon-entry \"  itemscope=\"itemscope\" itemtype=\"https:\/\/schema.org\/CreativeWork\" ><div class=\"iconlist_content_wrap\"><header class=\"entry-content-header\" aria-label=\"Icon: WLAN Konfiguration\"><h4 class='av_iconlist_title iconlist_title  '  itemprop=\"headline\" >WLAN Konfiguration<\/h4><\/header><div class='iconlist_content '  itemprop=\"text\" ><p>Die Konfiguration und Einrichtung Ihres WLAN-Netzwerks \u00fcbernehmen wir ebenfalls gerne f\u00fcr Sie. Hierbei legen wir besonderen Wert auf den Sicherheitsaspekt &#8211; so ist Ihr WLAN-Netzwerk bestens vor unerlaubten Zugriffen gesch\u00fctzt.<\/p>\n<\/div><\/div><footer class=\"entry-footer\"><\/footer><\/article><div class=\"iconlist-timeline\"><\/div><\/li>\n<li><div class='iconlist_icon av-av_iconlist_item-1e184aea81611b79f27eda5de5fab64a avia-font-entypo-fontello avia-iconfont avia-font-entypo-fontello'><span class='av-icon-char' data-av_icon='\ue854' data-av_iconfont='entypo-fontello' aria-hidden=\"true\"><\/span><\/div><article class=\"article-icon-entry \"  itemscope=\"itemscope\" itemtype=\"https:\/\/schema.org\/CreativeWork\" ><div class=\"iconlist_content_wrap\"><header class=\"entry-content-header\" aria-label=\"Icon: VoIP Konfiguration\"><h4 class='av_iconlist_title iconlist_title  '  itemprop=\"headline\" >VoIP Konfiguration<\/h4><\/header><div class='iconlist_content '  itemprop=\"text\" ><p>Da der klassische analoge Telefonanschluss nach und nach ausgedient hat und immer mehr Anbieter auf die sogenannte VoiP-Telefonie wechseln, bieten wir Ihnen auch hier unsere Dienstleistungen an: wir konfigurieren Ihre VoIP Telefonanlage (Telekom Speedport oder AVM Fritz!Box und weitere) nach Ihren W\u00fcnschen, schlie\u00dfen alle Telefonie- und Faxger\u00e4te an und zeigen Ihnen die M\u00f6glichkeiten, die VoIP bietet.<\/p>\n<\/div><\/div><footer class=\"entry-footer\"><\/footer><\/article><div class=\"iconlist-timeline\"><\/div><\/li>\n<\/ul><\/div><\/p><\/div>\n\n<style type=\"text\/css\" data-created_by=\"avia_inline_auto\" id=\"style-css-av-av_one_third-9c1d454dc06f7247226bc4e8f931daae\">\n.flex_column.av-av_one_third-9c1d454dc06f7247226bc4e8f931daae{\nborder-radius:0px 0px 0px 0px;\npadding:0px 0px 0px 0px;\n}\n<\/style>\n<div  class='flex_column av-av_one_third-9c1d454dc06f7247226bc4e8f931daae av_one_third  avia-builder-el-3  el_after_av_two_third  avia-builder-el-last  flex_column_div av-zero-column-padding  '     ><article  class='iconbox iconbox_top av-av_icon_box-1c4c4840cce36342c26b9c66a2588a8f  avia-builder-el-4  el_before_av_hr  avia-builder-el-first  main_color'  itemscope=\"itemscope\" itemtype=\"https:\/\/schema.org\/CreativeWork\" ><div class=\"iconbox_content\"><header class=\"entry-content-header\" aria-label=\"Icon: Ihre Vorteile\"><div class='iconbox_icon heading-color avia-iconfont avia-font-entypo-fontello' data-av_icon='\ue82b' data-av_iconfont='entypo-fontello'  ><\/div><h3 class='iconbox_content_title '  itemprop=\"headline\" >Ihre Vorteile<\/h3><\/header><div class='iconbox_content_container '  itemprop=\"text\" ><ul>\n<li>schnelle Hilfe vor Ort<\/li>\n<li>Einrichtung des Internetzugangs<\/li>\n<li>Konfiguration\u00a0des Routers<\/li>\n<li>Einrichtung des WLAN<\/li>\n<li>VoIP Einrichtung<\/li>\n<\/ul>\n<\/div><\/div><footer class=\"entry-footer\"><\/footer><\/article><br \/>\n<div  class='hr av-av_hr-d3021aff4e2c88ff75459fd6b3a45a12 hr-default  avia-builder-el-5  el_after_av_icon_box  el_before_av_button '><span class='hr-inner '><span class=\"hr-inner-style\"><\/span><\/span><\/div><br \/>\n<div  class='avia-button-wrap av-av_button-544cfa988bb125ed96b65bfa32a4a4fd-wrap avia-button-center  avia-builder-el-6  el_after_av_hr  avia-builder-el-last '><a href='https:\/\/redlight-pc.de\/cms\/kontaktformular\/'  class='avia-button av-av_button-544cfa988bb125ed96b65bfa32a4a4fd av-link-btn avia-icon_select-yes-left-icon avia-size-small avia-position-center avia-color-blue'   aria-label=\"Termin vereinbaren\"><span class='avia_button_icon avia_button_icon_left avia-iconfont avia-font-entypo-fontello' data-av_icon='\ue85b' data-av_iconfont='entypo-fontello' ><\/span><span class='avia_iconbox_title' >Termin vereinbaren<\/span><\/a><\/div><\/p><\/div>\n","protected":false},"excerpt":{"rendered":"","protected":false},"author":1,"featured_media":0,"parent":15,"menu_order":0,"comment_status":"closed","ping_status":"open","template":"","meta":{"jetpack_post_was_ever_published":false,"footnotes":""},"aioseo_notices":[],"jetpack_shortlink":"https:\/\/wp.me\/P2NCds-8VX","jetpack_sharing_enabled":true,"_links":{"self":[{"href":"https:\/\/redlight-pc.de\/cms\/wp-json\/wp\/v2\/pages\/34345"}],"collection":[{"href":"https:\/\/redlight-pc.de\/cms\/wp-json\/wp\/v2\/pages"}],"about":[{"href":"https:\/\/redlight-pc.de\/cms\/wp-json\/wp\/v2\/types\/page"}],"author":[{"embeddable":true,"href":"https:\/\/redlight-pc.de\/cms\/wp-json\/wp\/v2\/users\/1"}],"replies":[{"embeddable":true,"href":"https:\/\/redlight-pc.de\/cms\/wp-json\/wp\/v2\/comments?post=34345"}],"version-history":[{"count":4,"href":"https:\/\/redlight-pc.de\/cms\/wp-json\/wp\/v2\/pages\/34345\/revisions"}],"predecessor-version":[{"id":34795,"href":"https:\/\/redlight-pc.de\/cms\/wp-json\/wp\/v2\/pages\/34345\/revisions\/34795"}],"up":[{"embeddable":true,"href":"https:\/\/redlight-pc.de\/cms\/wp-json\/wp\/v2\/pages\/15"}],"wp:attachment":[{"href":"https:\/\/redlight-pc.de\/cms\/wp-json\/wp\/v2\/media?parent=34345"}],"curies":[{"name":"wp","href":"https:\/\/api.w.org\/{rel}","templated":true}]}}