{"id":34411,"date":"2015-03-08T22:10:10","date_gmt":"2015-03-08T21:10:10","guid":{"rendered":"http:\/\/redlight-pc.de\/cms\/?page_id=34411"},"modified":"2015-03-09T10:38:05","modified_gmt":"2015-03-09T09:38:05","slug":"umweltschutz","status":"publish","type":"page","link":"https:\/\/redlight-pc.de\/cms\/wir\/umweltschutz\/","title":{"rendered":"Umweltschutz"},"content":{"rendered":"\n<style type=\"text\/css\" data-created_by=\"avia_inline_auto\" id=\"style-css-av-av_heading-f95d82f61a155121a3f34803e91344bd\">\n#top .av-special-heading.av-av_heading-f95d82f61a155121a3f34803e91344bd{\npadding-bottom:10px;\n}\nbody .av-special-heading.av-av_heading-f95d82f61a155121a3f34803e91344bd .av-special-heading-tag .heading-char{\nfont-size:25px;\n}\n.av-special-heading.av-av_heading-f95d82f61a155121a3f34803e91344bd .av-subheading{\nfont-size:15px;\n}\n<\/style>\n<div  class='av-special-heading av-av_heading-f95d82f61a155121a3f34803e91344bd av-special-heading-h3 blockquote modern-quote  avia-builder-el-0  el_before_av_hr  avia-builder-el-first '><h3 class='av-special-heading-tag '  itemprop=\"headline\"  >Unser Beitrag zum Umweltschutz<\/h3><div class='av-subheading av-subheading_below'><p>Wir setzen auf Nachhaltige Technologien und Stromerzeugung um unsere Kundentermine wahrzunehmen und unsere EDV zu betreiben.<br \/>\nAuch im Bereich der Printmedien unterst\u00fctzen wir die Umwelt und \u00fcbernehmen die Kosten f\u00fcr die klimaneutrale Produktion Ihrer Auftr\u00e4ge!<\/p>\n<\/div><div class=\"special-heading-border\"><div class=\"special-heading-inner-border\"><\/div><\/div><\/div>\n<div  class='hr av-av_hr-dcd2069817a0e3d34ae04cad8f3443c7 hr-default  avia-builder-el-1  el_after_av_heading  el_before_av_one_third '><span class='hr-inner '><span class=\"hr-inner-style\"><\/span><\/span><\/div>\n<div  class='flex_column av-av_one_third-2a9015ff38129c418a3f2eafba3e9512 av_one_third  avia-builder-el-2  el_after_av_hr  el_before_av_two_third  first flex_column_div  '     ><style type=\"text\/css\" data-created_by=\"avia_inline_auto\" id=\"style-css-av-av_image-c0669b4fdf5169c5630163536896cb92\">\n.avia-image-container.av-av_image-c0669b4fdf5169c5630163536896cb92 img.avia_image{\nbox-shadow:none;\n}\n.avia-image-container.av-av_image-c0669b4fdf5169c5630163536896cb92 .av-image-caption-overlay-center{\ncolor:#ffffff;\n}\n<\/style>\n<div  class='avia-image-container av-av_image-c0669b4fdf5169c5630163536896cb92 av-styling- avia_animated_image av-animated-when-visible-95 pop-up avia-align-center  avia-builder-el-3  avia-builder-el-no-sibling '   itemprop=\"image\" itemscope=\"itemscope\" itemtype=\"https:\/\/schema.org\/ImageObject\" ><div class=\"avia-image-container-inner\"><div class=\"avia-image-overlay-wrap\"><img decoding=\"async\" fetchpriority=\"high\" class='wp-image-34413 avia-img-lazy-loading-not-34413 avia_image ' src=\"https:\/\/redlight-pc.de\/cms\/wp-content\/uploads\/2015\/03\/oeko_strom_office.png\" alt='' title='\u00d6ko Strom B\u00fcro'  height=\"250\" width=\"300\"  itemprop=\"thumbnailUrl\"  \/><\/div><\/div><\/div><\/div>\n<div  class='flex_column av-av_two_third-1c47c10d9dd6b9bc0b68f292c1cf5942 av_two_third  avia-builder-el-4  el_after_av_one_third  el_before_av_section  avia-builder-el-last  flex_column_div  '     ><p>\n<style type=\"text\/css\" data-created_by=\"avia_inline_auto\" id=\"style-css-av-av_heading-868a91c5716a33eba081ae6ec766de61\">\n#top .av-special-heading.av-av_heading-868a91c5716a33eba081ae6ec766de61{\npadding-bottom:10px;\n}\nbody .av-special-heading.av-av_heading-868a91c5716a33eba081ae6ec766de61 .av-special-heading-tag .heading-char{\nfont-size:25px;\n}\n.av-special-heading.av-av_heading-868a91c5716a33eba081ae6ec766de61 .av-subheading{\nfont-size:15px;\n}\n<\/style>\n<div  class='av-special-heading av-av_heading-868a91c5716a33eba081ae6ec766de61 av-special-heading-h3  avia-builder-el-5  el_before_av_iconlist  avia-builder-el-first '><h3 class='av-special-heading-tag '  itemprop=\"headline\"  >100% \u00d6KO STROM F\u00dcR UNSERE EDV<\/h3><div class=\"special-heading-border\"><div class=\"special-heading-inner-border\"><\/div><\/div><\/div><br \/>\n<div  class='avia-icon-list-container av-av_iconlist-c9265973fe37925e1675fd541a8fb5d9  avia-builder-el-6  el_after_av_heading  avia-builder-el-last '><ul class='avia-icon-list avia_animate_when_almost_visible avia-icon-list-left av-iconlist-big av-av_iconlist-c9265973fe37925e1675fd541a8fb5d9 avia-iconlist-animate'>\n<li><div class='iconlist_icon av-av_iconlist_item-c989ebfbb411406f54702c4ab069eba2 avia-font-entypo-fontello avia-iconfont avia-font-entypo-fontello'><span class='av-icon-char' data-av_icon='\ue8b1' data-av_iconfont='entypo-fontello' aria-hidden=\"true\"><\/span><\/div><article class=\"article-icon-entry \"  itemscope=\"itemscope\" itemtype=\"https:\/\/schema.org\/CreativeWork\" ><div class=\"iconlist_content_wrap\"><header class=\"entry-content-header\" aria-label=\"Icon: Umweltschutz\"><h4 class='av_iconlist_title iconlist_title  '  itemprop=\"headline\" >Umweltschutz<\/h4><\/header><div class='iconlist_content '  itemprop=\"text\" ><p>Unsere EDV wird mit 100% \u00d6ko-Strom betrieben<\/p>\n<\/div><\/div><footer class=\"entry-footer\"><\/footer><\/article><div class=\"iconlist-timeline\"><\/div><\/li>\n<li><div class='iconlist_icon av-av_iconlist_item-abefb340c342ab45a2dc445f84964b2f avia-font-entypo-fontello avia-iconfont avia-font-entypo-fontello'><span class='av-icon-char' data-av_icon='\ue8b1' data-av_iconfont='entypo-fontello' aria-hidden=\"true\"><\/span><\/div><article class=\"article-icon-entry \"  itemscope=\"itemscope\" itemtype=\"https:\/\/schema.org\/CreativeWork\" ><div class=\"iconlist_content_wrap\"><header class=\"entry-content-header\" aria-label=\"Icon: Unser Beitrag f\u00fcrs Klima\"><h4 class='av_iconlist_title iconlist_title  '  itemprop=\"headline\" >Unser Beitrag f\u00fcrs Klima<\/h4><\/header><div class='iconlist_content '  itemprop=\"text\" ><p>CO2-neutraler Strom zum Schutz des Klimas<\/p>\n<\/div><\/div><footer class=\"entry-footer\"><\/footer><\/article><div class=\"iconlist-timeline\"><\/div><\/li>\n<\/ul><\/div><\/p><\/div>\n<\/div><\/div><\/div><!-- close content main div --><\/div><\/div><div id='av_section_1'  class='avia-section av-av_section-d21fdcaeecb69b7efe4eaf10b6112bd0 main_color avia-section-default avia-no-shadow  avia-builder-el-7  el_after_av_two_third  el_before_av_one_third  avia-bg-style-scroll container_wrap sidebar_right'  ><div class='container av-section-cont-open' ><div class='template-page content  av-content-small alpha units'><div class='post-entry post-entry-type-page post-entry-34411'><div class='entry-content-wrapper clearfix'>\n<div  class='flex_column av-av_two_third-2a9015ff38129c418a3f2eafba3e9512 av_two_third  avia-builder-el-8  el_before_av_one_third  avia-builder-el-first  first flex_column_div  '     ><p>\n<style type=\"text\/css\" data-created_by=\"avia_inline_auto\" id=\"style-css-av-av_heading-51fa9427782a9819b178be824b51639d\">\n#top .av-special-heading.av-av_heading-51fa9427782a9819b178be824b51639d{\npadding-bottom:10px;\n}\nbody .av-special-heading.av-av_heading-51fa9427782a9819b178be824b51639d .av-special-heading-tag .heading-char{\nfont-size:25px;\n}\n.av-special-heading.av-av_heading-51fa9427782a9819b178be824b51639d .av-subheading{\nfont-size:15px;\n}\n<\/style>\n<div  class='av-special-heading av-av_heading-51fa9427782a9819b178be824b51639d av-special-heading-h3  avia-builder-el-9  el_before_av_iconlist  avia-builder-el-first '><h3 class='av-special-heading-tag '  itemprop=\"headline\"  >SPARSAM ANS ZIEL<\/h3><div class=\"special-heading-border\"><div class=\"special-heading-inner-border\"><\/div><\/div><\/div><br \/>\n<div  class='avia-icon-list-container av-av_iconlist-9fa73ea788cabe92aa11724e93f42962  avia-builder-el-10  el_after_av_heading  avia-builder-el-last '><ul class='avia-icon-list avia_animate_when_almost_visible avia-icon-list-right av-iconlist-big av-av_iconlist-9fa73ea788cabe92aa11724e93f42962 avia-iconlist-animate'>\n<li><div class='iconlist_icon av-av_iconlist_item-1a8e9dc4b9ff30bd4d727513e20ca080 avia-font-entypo-fontello avia-iconfont avia-font-entypo-fontello'><span class='av-icon-char' data-av_icon='\ue841' data-av_iconfont='entypo-fontello' aria-hidden=\"true\"><\/span><\/div><article class=\"article-icon-entry \"  itemscope=\"itemscope\" itemtype=\"https:\/\/schema.org\/CreativeWork\" ><div class=\"iconlist_content_wrap\"><header class=\"entry-content-header\" aria-label=\"Icon: Sparsam Dank HYBRID\"><h4 class='av_iconlist_title iconlist_title  '  itemprop=\"headline\" >Sparsam Dank HYBRID<\/h4><\/header><div class='iconlist_content '  itemprop=\"text\" ><p>Unsere Kundentermine erreichen wir sparsam Dank HYBRID-Antrieb<\/p>\n<\/div><\/div><footer class=\"entry-footer\"><\/footer><\/article><div class=\"iconlist-timeline\"><\/div><\/li>\n<li><div class='iconlist_icon av-av_iconlist_item-e4371ff98fb04bfe1ed7b0893c9a18a0 avia-font-entypo-fontello avia-iconfont avia-font-entypo-fontello'><span class='av-icon-char' data-av_icon='\ue82b' data-av_iconfont='entypo-fontello' aria-hidden=\"true\"><\/span><\/div><article class=\"article-icon-entry \"  itemscope=\"itemscope\" itemtype=\"https:\/\/schema.org\/CreativeWork\" ><div class=\"iconlist_content_wrap\"><header class=\"entry-content-header\" aria-label=\"Icon: Sparsam zum Schutz der Natur\"><h4 class='av_iconlist_title iconlist_title  '  itemprop=\"headline\" >Sparsam zum Schutz der Natur<\/h4><\/header><div class='iconlist_content '  itemprop=\"text\" ><p>Dank sparsamen HYBRID-Fahrzeug schonen wir die Umwelt<\/p>\n<\/div><\/div><footer class=\"entry-footer\"><\/footer><\/article><div class=\"iconlist-timeline\"><\/div><\/li>\n<\/ul><\/div><\/p><\/div><div  class='flex_column av-av_one_third-1c47c10d9dd6b9bc0b68f292c1cf5942 av_one_third  avia-builder-el-11  el_after_av_two_third  avia-builder-el-last  flex_column_div  '     ><style type=\"text\/css\" data-created_by=\"avia_inline_auto\" id=\"style-css-av-av_image-5018486fe8183a2779120af9d8dd5aeb\">\n.avia-image-container.av-av_image-5018486fe8183a2779120af9d8dd5aeb img.avia_image{\nbox-shadow:none;\n}\n.avia-image-container.av-av_image-5018486fe8183a2779120af9d8dd5aeb .av-image-caption-overlay-center{\ncolor:#ffffff;\n}\n<\/style>\n<div  class='avia-image-container av-av_image-5018486fe8183a2779120af9d8dd5aeb av-styling- avia_animated_image av-animated-when-visible-95 pop-up avia-align-center  avia-builder-el-12  avia-builder-el-no-sibling '   itemprop=\"image\" itemscope=\"itemscope\" itemtype=\"https:\/\/schema.org\/ImageObject\" ><div class=\"avia-image-container-inner\"><div class=\"avia-image-overlay-wrap\"><img decoding=\"async\" fetchpriority=\"high\" class='wp-image-34414 avia-img-lazy-loading-not-34414 avia_image ' src=\"https:\/\/redlight-pc.de\/cms\/wp-content\/uploads\/2015\/03\/oeko_auto.png\" alt='' title='Hybrid Auto'  height=\"150\" width=\"300\"  itemprop=\"thumbnailUrl\"  \/><\/div><\/div><\/div><\/div>\n<\/div><\/div><\/div><!-- close content main div --><\/div><\/div><div id='after_section_1'  class='main_color av_default_container_wrap container_wrap sidebar_right'  ><div class='container av-section-cont-open' ><div class='template-page content  av-content-small alpha units'><div class='post-entry post-entry-type-page post-entry-34411'><div class='entry-content-wrapper clearfix'>\n<div  class='flex_column av-av_one_third-2a9015ff38129c418a3f2eafba3e9512 av_one_third  avia-builder-el-13  el_after_av_section  el_before_av_two_third  avia-builder-el-first  first flex_column_div  '     ><style type=\"text\/css\" data-created_by=\"avia_inline_auto\" id=\"style-css-av-av_image-531b9bae963e6ae857a0a93a034b6668\">\n.avia-image-container.av-av_image-531b9bae963e6ae857a0a93a034b6668 img.avia_image{\nbox-shadow:none;\n}\n.avia-image-container.av-av_image-531b9bae963e6ae857a0a93a034b6668 .av-image-caption-overlay-center{\ncolor:#ffffff;\n}\n<\/style>\n<div  class='avia-image-container av-av_image-531b9bae963e6ae857a0a93a034b6668 av-styling- avia_animated_image av-animated-when-visible-95 pop-up avia-align-center  avia-builder-el-14  avia-builder-el-no-sibling '   itemprop=\"image\" itemscope=\"itemscope\" itemtype=\"https:\/\/schema.org\/ImageObject\" ><div class=\"avia-image-container-inner\"><div class=\"avia-image-overlay-wrap\"><img decoding=\"async\" fetchpriority=\"high\" class='wp-image-34415 avia-img-lazy-loading-not-34415 avia_image ' src=\"https:\/\/redlight-pc.de\/cms\/wp-content\/uploads\/2015\/03\/oeko_strom_web.png\" alt='' title='\u00d6ko Strom Hosting'  height=\"150\" width=\"300\"  itemprop=\"thumbnailUrl\"  \/><\/div><\/div><\/div><\/div>\n<div  class='flex_column av-av_two_third-1c47c10d9dd6b9bc0b68f292c1cf5942 av_two_third  avia-builder-el-15  el_after_av_one_third  el_before_av_section  avia-builder-el-last  flex_column_div  '     ><p>\n<style type=\"text\/css\" data-created_by=\"avia_inline_auto\" id=\"style-css-av-av_heading-6532e078f475676c75f7864bd066c01d\">\n#top .av-special-heading.av-av_heading-6532e078f475676c75f7864bd066c01d{\npadding-bottom:10px;\n}\nbody .av-special-heading.av-av_heading-6532e078f475676c75f7864bd066c01d .av-special-heading-tag .heading-char{\nfont-size:25px;\n}\n.av-special-heading.av-av_heading-6532e078f475676c75f7864bd066c01d .av-subheading{\nfont-size:15px;\n}\n<\/style>\n<div  class='av-special-heading av-av_heading-6532e078f475676c75f7864bd066c01d av-special-heading-h3  avia-builder-el-16  el_before_av_iconlist  avia-builder-el-first '><h3 class='av-special-heading-tag '  itemprop=\"headline\"  >KLIMANEUTRALES HOSTING<\/h3><div class=\"special-heading-border\"><div class=\"special-heading-inner-border\"><\/div><\/div><\/div><br \/>\n<div  class='avia-icon-list-container av-av_iconlist-c9265973fe37925e1675fd541a8fb5d9  avia-builder-el-17  el_after_av_heading  avia-builder-el-last '><ul class='avia-icon-list avia_animate_when_almost_visible avia-icon-list-left av-iconlist-big av-av_iconlist-c9265973fe37925e1675fd541a8fb5d9 avia-iconlist-animate'>\n<li><div class='iconlist_icon av-av_iconlist_item-243bac0156526dc5464a7337f0db2398 avia-font-entypo-fontello avia-iconfont avia-font-entypo-fontello'><span class='av-icon-char' data-av_icon='\ue8ad' data-av_iconfont='entypo-fontello' aria-hidden=\"true\"><\/span><\/div><article class=\"article-icon-entry \"  itemscope=\"itemscope\" itemtype=\"https:\/\/schema.org\/CreativeWork\" ><div class=\"iconlist_content_wrap\"><header class=\"entry-content-header\" aria-label=\"Icon: Webhosting mit \u00d6ko-Strom\"><h4 class='av_iconlist_title iconlist_title  '  itemprop=\"headline\" >Webhosting mit \u00d6ko-Strom<\/h4><\/header><div class='iconlist_content '  itemprop=\"text\" ><p>Unser Webserver wird mit 100% \u00d6ko-Strom aus Laufwasserkraft betrieben<\/p>\n<\/div><\/div><footer class=\"entry-footer\"><\/footer><\/article><div class=\"iconlist-timeline\"><\/div><\/li>\n<li><div class='iconlist_icon av-av_iconlist_item-55e4bdb23cd46fdc20210b94fa8b2f3f avia-font-entypo-fontello avia-iconfont avia-font-entypo-fontello'><span class='av-icon-char' data-av_icon='\ue836' data-av_iconfont='entypo-fontello' aria-hidden=\"true\"><\/span><\/div><article class=\"article-icon-entry \"  itemscope=\"itemscope\" itemtype=\"https:\/\/schema.org\/CreativeWork\" ><div class=\"iconlist_content_wrap\"><header class=\"entry-content-header\" aria-label=\"Icon: Mailserver mit \u00d6ko-Strom\"><h4 class='av_iconlist_title iconlist_title  '  itemprop=\"headline\" >Mailserver mit \u00d6ko-Strom<\/h4><\/header><div class='iconlist_content '  itemprop=\"text\" ><p>Auch unser Mail-Server wird mit 100% klimaneutralem Strom betrieben<\/p>\n<\/div><\/div><footer class=\"entry-footer\"><\/footer><\/article><div class=\"iconlist-timeline\"><\/div><\/li>\n<li><div class='iconlist_icon av-av_iconlist_item-c989ebfbb411406f54702c4ab069eba2 avia-font-entypo-fontello avia-iconfont avia-font-entypo-fontello'><span class='av-icon-char' data-av_icon='\ue8b1' data-av_iconfont='entypo-fontello' aria-hidden=\"true\"><\/span><\/div><article class=\"article-icon-entry \"  itemscope=\"itemscope\" itemtype=\"https:\/\/schema.org\/CreativeWork\" ><div class=\"iconlist_content_wrap\"><header class=\"entry-content-header\" aria-label=\"Icon: Umweltschutz\"><h4 class='av_iconlist_title iconlist_title  '  itemprop=\"headline\" >Umweltschutz<\/h4><\/header><div class='iconlist_content '  itemprop=\"text\" ><p>Ein weiterer Beitrag f\u00fcr unsere Umwelt<\/p>\n<\/div><\/div><footer class=\"entry-footer\"><\/footer><\/article><div class=\"iconlist-timeline\"><\/div><\/li>\n<\/ul><\/div><\/p><\/div>\n<\/div><\/div><\/div><!-- close content main div --><\/div><\/div><div id='av_section_2'  class='avia-section av-av_section-d21fdcaeecb69b7efe4eaf10b6112bd0 main_color avia-section-default avia-no-shadow  avia-builder-el-18  el_after_av_two_third  avia-builder-el-last  avia-bg-style-scroll container_wrap sidebar_right'  ><div class='container av-section-cont-open' ><div class='template-page content  av-content-small alpha units'><div class='post-entry post-entry-type-page post-entry-34411'><div class='entry-content-wrapper clearfix'>\n<div  class='flex_column av-av_two_third-2a9015ff38129c418a3f2eafba3e9512 av_two_third  avia-builder-el-19  el_before_av_one_third  avia-builder-el-first  first flex_column_div  '     ><p>\n<style type=\"text\/css\" data-created_by=\"avia_inline_auto\" id=\"style-css-av-av_heading-5197e8a51c434184ec409e99d54de38f\">\n#top .av-special-heading.av-av_heading-5197e8a51c434184ec409e99d54de38f{\npadding-bottom:10px;\n}\nbody .av-special-heading.av-av_heading-5197e8a51c434184ec409e99d54de38f .av-special-heading-tag .heading-char{\nfont-size:25px;\n}\n.av-special-heading.av-av_heading-5197e8a51c434184ec409e99d54de38f .av-subheading{\nfont-size:15px;\n}\n<\/style>\n<div  class='av-special-heading av-av_heading-5197e8a51c434184ec409e99d54de38f av-special-heading-h3  avia-builder-el-20  el_before_av_iconlist  avia-builder-el-first '><h3 class='av-special-heading-tag '  itemprop=\"headline\"  >KLIMANEUTRALER DRUCK VON PRINT-MEDIEN<\/h3><div class=\"special-heading-border\"><div class=\"special-heading-inner-border\"><\/div><\/div><\/div><br \/>\n<div  class='avia-icon-list-container av-av_iconlist-9fa73ea788cabe92aa11724e93f42962  avia-builder-el-21  el_after_av_heading  avia-builder-el-last '><ul class='avia-icon-list avia_animate_when_almost_visible avia-icon-list-right av-iconlist-big av-av_iconlist-9fa73ea788cabe92aa11724e93f42962 avia-iconlist-animate'>\n<li><div class='iconlist_icon av-av_iconlist_item-bb381d709022603604eef432d7ba6cad avia-font-entypo-fontello avia-iconfont avia-font-entypo-fontello'><span class='av-icon-char' data-av_icon='\ue838' data-av_iconfont='entypo-fontello' aria-hidden=\"true\"><\/span><\/div><article class=\"article-icon-entry \"  itemscope=\"itemscope\" itemtype=\"https:\/\/schema.org\/CreativeWork\" ><div class=\"iconlist_content_wrap\"><header class=\"entry-content-header\" aria-label=\"Icon: Umweltfreundlicher Druck\"><h4 class='av_iconlist_title iconlist_title  '  itemprop=\"headline\" >Umweltfreundlicher Druck<\/h4><\/header><div class='iconlist_content '  itemprop=\"text\" ><p>Wir \u00fcbernehmen die Kosten f\u00fcr den klimaneutralen Druck f\u00fcr Auftr\u00e4ge unserer Kunden<\/p>\n<\/div><\/div><footer class=\"entry-footer\"><\/footer><\/article><div class=\"iconlist-timeline\"><\/div><\/li>\n<li><div class='iconlist_icon av-av_iconlist_item-fdbac2ca2b7e574caadaea40a6927add avia-font-entypo-fontello avia-iconfont avia-font-entypo-fontello'><span class='av-icon-char' data-av_icon='\ue8b1' data-av_iconfont='entypo-fontello' aria-hidden=\"true\"><\/span><\/div><article class=\"article-icon-entry \"  itemscope=\"itemscope\" itemtype=\"https:\/\/schema.org\/CreativeWork\" ><div class=\"iconlist_content_wrap\"><header class=\"entry-content-header\" aria-label=\"Icon: CO2 Kompensation in verschiedenen Projekten\"><h4 class='av_iconlist_title iconlist_title  '  itemprop=\"headline\" >CO2 Kompensation in verschiedenen Projekten<\/h4><\/header><div class='iconlist_content '  itemprop=\"text\" ><p>ClimatePartner sorgt f\u00fcr die Unterst\u00fctzung der Umweltprojekte<\/p>\n<\/div><\/div><footer class=\"entry-footer\"><\/footer><\/article><div class=\"iconlist-timeline\"><\/div><\/li>\n<\/ul><\/div><\/p><\/div><div  class='flex_column av-av_one_third-1c47c10d9dd6b9bc0b68f292c1cf5942 av_one_third  avia-builder-el-22  el_after_av_two_third  avia-builder-el-last  flex_column_div  '     ><style type=\"text\/css\" data-created_by=\"avia_inline_auto\" id=\"style-css-av-av_image-d4c386d90ff85de1cde71ae3e48082c1\">\n.avia-image-container.av-av_image-d4c386d90ff85de1cde71ae3e48082c1 img.avia_image{\nbox-shadow:none;\n}\n.avia-image-container.av-av_image-d4c386d90ff85de1cde71ae3e48082c1 .av-image-caption-overlay-center{\ncolor:#ffffff;\n}\n<\/style>\n<div  class='avia-image-container av-av_image-d4c386d90ff85de1cde71ae3e48082c1 av-styling- avia_animated_image av-animated-when-visible-95 pop-up avia-align-center  avia-builder-el-23  avia-builder-el-no-sibling '   itemprop=\"image\" itemscope=\"itemscope\" itemtype=\"https:\/\/schema.org\/ImageObject\" ><div class=\"avia-image-container-inner\"><div class=\"avia-image-overlay-wrap\"><img decoding=\"async\" fetchpriority=\"high\" class='wp-image-34421 avia-img-lazy-loading-not-34421 avia_image ' src=\"https:\/\/redlight-pc.de\/cms\/wp-content\/uploads\/2015\/03\/oeko_druck.png\" alt='' title='Klimaneutraler Druck'  height=\"150\" width=\"300\"  itemprop=\"thumbnailUrl\"  \/><\/div><\/div><\/div><\/div>\n<\/div><\/div><\/div><!-- close content main div --><\/div><\/div><div id='after_section_2'  class='main_color av_default_container_wrap container_wrap sidebar_right'  ><div class='container av-section-cont-open' ><div class='template-page content  av-content-small alpha units'><div class='post-entry post-entry-type-page post-entry-34411'><div class='entry-content-wrapper clearfix'>\n","protected":false},"excerpt":{"rendered":"","protected":false},"author":1,"featured_media":0,"parent":104,"menu_order":0,"comment_status":"closed","ping_status":"open","template":"","meta":{"jetpack_post_was_ever_published":false,"footnotes":""},"aioseo_notices":[],"jetpack_shortlink":"https:\/\/wp.me\/P2NCds-8X1","jetpack_sharing_enabled":true,"_links":{"self":[{"href":"https:\/\/redlight-pc.de\/cms\/wp-json\/wp\/v2\/pages\/34411"}],"collection":[{"href":"https:\/\/redlight-pc.de\/cms\/wp-json\/wp\/v2\/pages"}],"about":[{"href":"https:\/\/redlight-pc.de\/cms\/wp-json\/wp\/v2\/types\/page"}],"author":[{"embeddable":true,"href":"https:\/\/redlight-pc.de\/cms\/wp-json\/wp\/v2\/users\/1"}],"replies":[{"embeddable":true,"href":"https:\/\/redlight-pc.de\/cms\/wp-json\/wp\/v2\/comments?post=34411"}],"version-history":[{"count":6,"href":"https:\/\/redlight-pc.de\/cms\/wp-json\/wp\/v2\/pages\/34411\/revisions"}],"predecessor-version":[{"id":34423,"href":"https:\/\/redlight-pc.de\/cms\/wp-json\/wp\/v2\/pages\/34411\/revisions\/34423"}],"up":[{"embeddable":true,"href":"https:\/\/redlight-pc.de\/cms\/wp-json\/wp\/v2\/pages\/104"}],"wp:attachment":[{"href":"https:\/\/redlight-pc.de\/cms\/wp-json\/wp\/v2\/media?parent=34411"}],"curies":[{"name":"wp","href":"https:\/\/api.w.org\/{rel}","templated":true}]}}