{"id":56,"date":"2010-03-23T11:06:15","date_gmt":"2010-03-23T10:06:15","guid":{"rendered":"http:\/\/redlight-pc.de\/cms\/?page_id=56"},"modified":"2014-03-17T19:11:12","modified_gmt":"2014-03-17T18:11:12","slug":"microsoft-betriebssysteme","status":"publish","type":"page","link":"https:\/\/redlight-pc.de\/cms\/schulungen\/microsoft-betriebssysteme\/","title":{"rendered":"Microsoft Betriebssysteme"},"content":{"rendered":"<div  class='flex_column av-av_two_third-2a9015ff38129c418a3f2eafba3e9512 av_two_third  avia-builder-el-0  el_before_av_one_third  avia-builder-el-first  first flex_column_div  '     ><style type=\"text\/css\" data-created_by=\"avia_inline_auto\" id=\"style-css-av-av_heading-0249ded4bb55e2df27fa5055d2cd0ffb\">\n#top .av-special-heading.av-av_heading-0249ded4bb55e2df27fa5055d2cd0ffb{\npadding-bottom:10px;\n}\nbody .av-special-heading.av-av_heading-0249ded4bb55e2df27fa5055d2cd0ffb .av-special-heading-tag .heading-char{\nfont-size:25px;\n}\n.av-special-heading.av-av_heading-0249ded4bb55e2df27fa5055d2cd0ffb .av-subheading{\nfont-size:15px;\n}\n<\/style>\n<div  class='av-special-heading av-av_heading-0249ded4bb55e2df27fa5055d2cd0ffb av-special-heading-h3  avia-builder-el-1  el_before_av_textblock  avia-builder-el-first '><h3 class='av-special-heading-tag '  itemprop=\"headline\"  >Sicher <span class='special_amp'>&amp;<\/span> effizient arbeiten mit Microsoft Betriebssystemen<\/h3><div class=\"special-heading-border\"><div class=\"special-heading-inner-border\"><\/div><\/div><\/div>\n<section  class='av_textblock_section av-av_textblock-aaf3a53f7e22769a7798f31e42769683 '   itemscope=\"itemscope\" itemtype=\"https:\/\/schema.org\/CreativeWork\" ><div class='avia_textblock'  itemprop=\"text\" ><p>In der heutigen Zeit ist der Stellenwert der elektronischen Datenverarbeitung (EDV) h\u00f6her denn je. Umso wichtiger ist es, sicher und selbstbewusst im Umgang mit aktuellen und g\u00e4ngigen Betriebssystemen und deren Funktionen zu sein.<br \/>\nPassend hierf\u00fcr haben wir unsere Microsoft Windows Betriebssystem-Schulung im Angebot, um Sie fit f\u00fcr die Arbeit mit Windows zu machen!<\/p>\n<\/div><\/section><\/div>\n<div  class='flex_column av-av_one_third-1c47c10d9dd6b9bc0b68f292c1cf5942 av_one_third  avia-builder-el-3  el_after_av_two_third  el_before_av_section  avia-builder-el-last  flex_column_div  '     ><style type=\"text\/css\" data-created_by=\"avia_inline_auto\" id=\"style-css-av-av_image-66e1d246845a2d9069199d93b8c77d1c\">\n.avia-image-container.av-av_image-66e1d246845a2d9069199d93b8c77d1c img.avia_image{\nbox-shadow:none;\n}\n.avia-image-container.av-av_image-66e1d246845a2d9069199d93b8c77d1c .av-image-caption-overlay-center{\ncolor:#ffffff;\n}\n<\/style>\n<div  class='avia-image-container av-av_image-66e1d246845a2d9069199d93b8c77d1c av-styling- avia_animated_image av-animated-when-visible-95 top-to-bottom avia-align-center  avia-builder-el-4  avia-builder-el-no-sibling '   itemprop=\"image\" itemscope=\"itemscope\" itemtype=\"https:\/\/schema.org\/ImageObject\" ><div class=\"avia-image-container-inner\"><div class=\"avia-image-overlay-wrap\"><img decoding=\"async\" width=\"300\" height=\"200\" fetchpriority=\"high\" class='wp-image-34010 avia-img-lazy-loading-not-34010 avia_image ' src=\"http:\/\/redlight-pc.de\/cms\/wp-content\/uploads\/2010\/03\/Notebook_WIN-300x200.png\" alt='' title='Notebook_WIN'   itemprop=\"thumbnailUrl\" srcset=\"https:\/\/redlight-pc.de\/cms\/wp-content\/uploads\/2010\/03\/Notebook_WIN-300x200.png 300w, https:\/\/redlight-pc.de\/cms\/wp-content\/uploads\/2010\/03\/Notebook_WIN-450x300.png 450w, https:\/\/redlight-pc.de\/cms\/wp-content\/uploads\/2010\/03\/Notebook_WIN.png 460w\" sizes=\"(max-width: 300px) 100vw, 300px\" \/><\/div><\/div><\/div><\/div><\/div><\/div><\/div><!-- close content main div --><\/div><\/div><div id='av_section_1'  class='avia-section av-av_section-de8083befefa812eaf6e412ba1a578c5 alternate_color avia-section-default avia-no-shadow  avia-builder-el-5  el_after_av_one_third  avia-builder-el-last  avia-bg-style-scroll container_wrap sidebar_right'  ><div class='container av-section-cont-open' ><div class='template-page content  av-content-small alpha units'><div class='post-entry post-entry-type-page post-entry-56'><div class='entry-content-wrapper clearfix'>\n\n<style type=\"text\/css\" data-created_by=\"avia_inline_auto\" id=\"style-css-av-av_heading-e4e73f159b9aee1c792ee9ed12189679\">\n#top .av-special-heading.av-av_heading-e4e73f159b9aee1c792ee9ed12189679{\npadding-bottom:10px;\n}\nbody .av-special-heading.av-av_heading-e4e73f159b9aee1c792ee9ed12189679 .av-special-heading-tag .heading-char{\nfont-size:25px;\n}\n.av-special-heading.av-av_heading-e4e73f159b9aee1c792ee9ed12189679 .av-subheading{\nfont-size:15px;\n}\n<\/style>\n<div  class='av-special-heading av-av_heading-e4e73f159b9aee1c792ee9ed12189679 av-special-heading-h3  avia-builder-el-6  el_before_av_iconlist  avia-builder-el-first '><h3 class='av-special-heading-tag '  itemprop=\"headline\"  >Inhalte die behandelt werden<\/h3><div class=\"special-heading-border\"><div class=\"special-heading-inner-border\"><\/div><\/div><\/div>\n<div  class='avia-icon-list-container av-av_iconlist-e4a0ebdf966f1bea8883e87bb95dffd6  avia-builder-el-7  el_after_av_heading  avia-builder-el-last '><ul class='avia-icon-list avia_animate_when_almost_visible avia-icon-list-left av-iconlist-big av-av_iconlist-e4a0ebdf966f1bea8883e87bb95dffd6 avia-iconlist-animate'>\n<li><div class='iconlist_icon av-av_iconlist_item-8ad3224e01378fc49035a226132ad668 avia-font-entypo-fontello avia-iconfont avia-font-entypo-fontello'><span class='av-icon-char' data-av_icon='\ue922' data-av_iconfont='entypo-fontello' aria-hidden=\"true\"><\/span><\/div><article class=\"article-icon-entry \"  itemscope=\"itemscope\" itemtype=\"https:\/\/schema.org\/CreativeWork\" ><div class=\"iconlist_content_wrap\"><header class=\"entry-content-header\" aria-label=\"Icon: Betriebssystem im Griff\"><h4 class='av_iconlist_title iconlist_title  '  itemprop=\"headline\" >Betriebssystem im Griff<\/h4><\/header><div class='iconlist_content '  itemprop=\"text\" ><p>Allgemeine Einf\u00fchrung in Microsoft Windows-Betriebssysteme<br \/>\n(Windows 95, Windows 98, Windows ME, Windows 2000, Windows XP, Vista, Windows 7 &amp; 8)<\/p>\n<\/div><\/div><footer class=\"entry-footer\"><\/footer><\/article><div class=\"iconlist-timeline\"><\/div><\/li>\n<li><div class='iconlist_icon av-av_iconlist_item-4c929fccd5c4ed09b4349c12b3ef3e6e avia-font-entypo-fontello avia-iconfont avia-font-entypo-fontello'><span class='av-icon-char' data-av_icon='\ue8b4' data-av_iconfont='entypo-fontello' aria-hidden=\"true\"><\/span><\/div><article class=\"article-icon-entry \"  itemscope=\"itemscope\" itemtype=\"https:\/\/schema.org\/CreativeWork\" ><div class=\"iconlist_content_wrap\"><header class=\"entry-content-header\" aria-label=\"Icon: Funktionen des Systems\"><h4 class='av_iconlist_title iconlist_title  '  itemprop=\"headline\" >Funktionen des Systems<\/h4><\/header><div class='iconlist_content '  itemprop=\"text\" ><p>\u00dcberblick \u00fcber die wesentlichen Systemfunktionen und wie Sie diese richtig einsetzen<\/p>\n<\/div><\/div><footer class=\"entry-footer\"><\/footer><\/article><div class=\"iconlist-timeline\"><\/div><\/li>\n<li><div class='iconlist_icon av-av_iconlist_item-9d37fec6ab05741389348234efdeb8e6 avia-font-entypo-fontello avia-iconfont avia-font-entypo-fontello'><span class='av-icon-char' data-av_icon='\ue851' data-av_iconfont='entypo-fontello' aria-hidden=\"true\"><\/span><\/div><article class=\"article-icon-entry \"  itemscope=\"itemscope\" itemtype=\"https:\/\/schema.org\/CreativeWork\" ><div class=\"iconlist_content_wrap\"><header class=\"entry-content-header\" aria-label=\"Icon: Dateisystem\"><h4 class='av_iconlist_title iconlist_title  '  itemprop=\"headline\" >Dateisystem<\/h4><\/header><div class='iconlist_content '  itemprop=\"text\" ><p>Informationen zur Dateiverwaltung und zur Dateistruktur bei Windows-Betriebssystemen<\/p>\n<\/div><\/div><footer class=\"entry-footer\"><\/footer><\/article><div class=\"iconlist-timeline\"><\/div><\/li>\n<li><div class='iconlist_icon av-av_iconlist_item-e0671c0aaa2387f94b6ef54724d8d0ca avia-font-entypo-fontello avia-iconfont avia-font-entypo-fontello'><span class='av-icon-char' data-av_icon='\ue83a' data-av_iconfont='entypo-fontello' aria-hidden=\"true\"><\/span><\/div><article class=\"article-icon-entry \"  itemscope=\"itemscope\" itemtype=\"https:\/\/schema.org\/CreativeWork\" ><div class=\"iconlist_content_wrap\"><header class=\"entry-content-header\" aria-label=\"Icon: Ger\u00e4te installieren\"><h4 class='av_iconlist_title iconlist_title  '  itemprop=\"headline\" >Ger\u00e4te installieren<\/h4><\/header><div class='iconlist_content '  itemprop=\"text\" ><p>Erl\u00e4uterung von Installation und Einrichtung neuer Hardware und Ger\u00e4te wie Druckern, USB-Ger\u00e4ten etc.<\/p>\n<\/div><\/div><footer class=\"entry-footer\"><\/footer><\/article><div class=\"iconlist-timeline\"><\/div><\/li>\n<li><div class='iconlist_icon av-av_iconlist_item-2ed60dc7ec36f972af06474e725ba7ed avia-font-entypo-fontello avia-iconfont avia-font-entypo-fontello'><span class='av-icon-char' data-av_icon='\ue8de' data-av_iconfont='entypo-fontello' aria-hidden=\"true\"><\/span><\/div><article class=\"article-icon-entry \"  itemscope=\"itemscope\" itemtype=\"https:\/\/schema.org\/CreativeWork\" ><div class=\"iconlist_content_wrap\"><header class=\"entry-content-header\" aria-label=\"Icon: Systemsteuerung\"><h4 class='av_iconlist_title iconlist_title  '  itemprop=\"headline\" >Systemsteuerung<\/h4><\/header><div class='iconlist_content '  itemprop=\"text\" ><p>Konfiguration aller wichtigen Systemkomponenten, optimieren Sie Ihr System und nutzen Sie es ideal<\/p>\n<\/div><\/div><footer class=\"entry-footer\"><\/footer><\/article><div class=\"iconlist-timeline\"><\/div><\/li>\n<li><div class='iconlist_icon av-av_iconlist_item-e8dd6fcec7944a885b0078634315fadd avia-font-entypo-fontello avia-iconfont avia-font-entypo-fontello'><span class='av-icon-char' data-av_icon='\ue81d' data-av_iconfont='entypo-fontello' aria-hidden=\"true\"><\/span><\/div><article class=\"article-icon-entry \"  itemscope=\"itemscope\" itemtype=\"https:\/\/schema.org\/CreativeWork\" ><div class=\"iconlist_content_wrap\"><header class=\"entry-content-header\" aria-label=\"Icon: Ihre individuellen Fragen\"><h4 class='av_iconlist_title iconlist_title  '  itemprop=\"headline\" >Ihre individuellen Fragen<\/h4><\/header><div class='iconlist_content '  itemprop=\"text\" ><p>Weitere, individuelle Fragen k\u00f6nnen Sie selbstverst\u00e4ndlich auch stellen und wir beantworten diese &#8211; sprechen Sie uns an!<\/p>\n<\/div><\/div><footer class=\"entry-footer\"><\/footer><\/article><div class=\"iconlist-timeline\"><\/div><\/li>\n<\/ul><\/div>\n<\/div><\/div><\/div><!-- close content main div --><\/div><\/div><div id='after_section_1'  class='main_color av_default_container_wrap container_wrap sidebar_right'  ><div class='container av-section-cont-open' ><div class='template-page content  av-content-small alpha units'><div class='post-entry post-entry-type-page post-entry-56'><div class='entry-content-wrapper clearfix'><\/p>\n","protected":false},"excerpt":{"rendered":"","protected":false},"author":1,"featured_media":0,"parent":53,"menu_order":0,"comment_status":"closed","ping_status":"closed","template":"","meta":{"jetpack_post_was_ever_published":false,"footnotes":""},"aioseo_notices":[],"jetpack_shortlink":"https:\/\/wp.me\/P2NCds-U","jetpack_sharing_enabled":true,"_links":{"self":[{"href":"https:\/\/redlight-pc.de\/cms\/wp-json\/wp\/v2\/pages\/56"}],"collection":[{"href":"https:\/\/redlight-pc.de\/cms\/wp-json\/wp\/v2\/pages"}],"about":[{"href":"https:\/\/redlight-pc.de\/cms\/wp-json\/wp\/v2\/types\/page"}],"author":[{"embeddable":true,"href":"https:\/\/redlight-pc.de\/cms\/wp-json\/wp\/v2\/users\/1"}],"replies":[{"embeddable":true,"href":"https:\/\/redlight-pc.de\/cms\/wp-json\/wp\/v2\/comments?post=56"}],"version-history":[{"count":9,"href":"https:\/\/redlight-pc.de\/cms\/wp-json\/wp\/v2\/pages\/56\/revisions"}],"predecessor-version":[{"id":34011,"href":"https:\/\/redlight-pc.de\/cms\/wp-json\/wp\/v2\/pages\/56\/revisions\/34011"}],"up":[{"embeddable":true,"href":"https:\/\/redlight-pc.de\/cms\/wp-json\/wp\/v2\/pages\/53"}],"wp:attachment":[{"href":"https:\/\/redlight-pc.de\/cms\/wp-json\/wp\/v2\/media?parent=56"}],"curies":[{"name":"wp","href":"https:\/\/api.w.org\/{rel}","templated":true}]}}