{"id":59,"date":"2010-03-23T11:08:36","date_gmt":"2010-03-23T10:08:36","guid":{"rendered":"http:\/\/redlight-pc.de\/cms\/?page_id=59"},"modified":"2014-03-17T20:10:02","modified_gmt":"2014-03-17T19:10:02","slug":"microsoft-office","status":"publish","type":"page","link":"https:\/\/redlight-pc.de\/cms\/schulungen\/microsoft-office\/","title":{"rendered":"Microsoft Office"},"content":{"rendered":"<div  class='flex_column av-av_two_third-2a9015ff38129c418a3f2eafba3e9512 av_two_third  avia-builder-el-0  el_before_av_one_third  avia-builder-el-first  first flex_column_div  '     ><style type=\"text\/css\" data-created_by=\"avia_inline_auto\" id=\"style-css-av-av_heading-dc2f7fadf76cf7cfc29218bc55acb75d\">\n#top .av-special-heading.av-av_heading-dc2f7fadf76cf7cfc29218bc55acb75d{\npadding-bottom:10px;\n}\nbody .av-special-heading.av-av_heading-dc2f7fadf76cf7cfc29218bc55acb75d .av-special-heading-tag .heading-char{\nfont-size:25px;\n}\n.av-special-heading.av-av_heading-dc2f7fadf76cf7cfc29218bc55acb75d .av-subheading{\nfont-size:15px;\n}\n<\/style>\n<div  class='av-special-heading av-av_heading-dc2f7fadf76cf7cfc29218bc55acb75d av-special-heading-h3  avia-builder-el-1  el_before_av_textblock  avia-builder-el-first '><h3 class='av-special-heading-tag '  itemprop=\"headline\"  >Effizientes Arbeiten mit Microsoft Office<\/h3><div class=\"special-heading-border\"><div class=\"special-heading-inner-border\"><\/div><\/div><\/div>\n<section  class='av_textblock_section av-av_textblock-aaf3a53f7e22769a7798f31e42769683 '   itemscope=\"itemscope\" itemtype=\"https:\/\/schema.org\/CreativeWork\" ><div class='avia_textblock'  itemprop=\"text\" ><p>Die bekanntesten Module von Microsoft Office sind vermutlich Word, Excel und Power Point. Diese werden besonders in Firmen zur t\u00e4glichen Arbeit eingesetzt, k\u00f6nnen aber auch im privaten Bereich eine gro\u00dfe Hilfe sein, sofern man ein paar Kniffe beherrscht.<\/p>\n<p>So l\u00e4sst sich beispielsweise in\u00a0<strong>Excel<\/strong>\u00a0problemlos eine komplette Haushaltstabelle mit Darstellung aller Ein- und Ausgaben, sowie automatisierten Berechnungen erstellen, die beliebig erweiterbar ist. So haben Sie ihr zur Verf\u00fcgung stehendes Haushaltsgeld st\u00e4ndig im Blick.<\/p>\n<p><strong>Word<\/strong>\u00a0eignet sich um Dokumente wie Briefe, Serienbriefe und Faxe zu erstellen. Einmal einen pers\u00f6nlichen Briefkopf als Vorlage angelegt, bekommen alle Briefe und Faxe ein einheitliches ansprechendes Layout.<\/p>\n<p><strong>Power Point<\/strong>\u00a0wird zum Erstellen von Pr\u00e4sentationen genutzt. Sowohl f\u00fcr den dienstlichen, schulischen als auch pers\u00f6nlichen Gebrauch bietet das Programm vorgefertige Layouts, die nach Wunsch angepasst werden k\u00f6nnen. Auch eine ganz individuelle Pr\u00e4sentation ist leicht erstellt.<\/p>\n<\/div><\/section><\/div>\n<div  class='flex_column av-av_one_third-1c47c10d9dd6b9bc0b68f292c1cf5942 av_one_third  avia-builder-el-3  el_after_av_two_third  el_before_av_section  avia-builder-el-last  flex_column_div  '     ><style type=\"text\/css\" data-created_by=\"avia_inline_auto\" id=\"style-css-av-av_image-3cbe525ee3b6d82b3b8ed8e75aab0f43\">\n.avia-image-container.av-av_image-3cbe525ee3b6d82b3b8ed8e75aab0f43 img.avia_image{\nbox-shadow:none;\n}\n.avia-image-container.av-av_image-3cbe525ee3b6d82b3b8ed8e75aab0f43 .av-image-caption-overlay-center{\ncolor:#ffffff;\n}\n<\/style>\n<div  class='avia-image-container av-av_image-3cbe525ee3b6d82b3b8ed8e75aab0f43 av-styling- avia_animated_image av-animated-when-visible-95 top-to-bottom avia-align-center  avia-builder-el-4  avia-builder-el-no-sibling '   itemprop=\"image\" itemscope=\"itemscope\" itemtype=\"https:\/\/schema.org\/ImageObject\" ><div class=\"avia-image-container-inner\"><div class=\"avia-image-overlay-wrap\"><img decoding=\"async\" width=\"300\" height=\"200\" fetchpriority=\"high\" class='wp-image-34013 avia-img-lazy-loading-not-34013 avia_image ' src=\"http:\/\/redlight-pc.de\/cms\/wp-content\/uploads\/2010\/03\/Office-300x200.png\" alt='' title='Office'   itemprop=\"thumbnailUrl\" srcset=\"https:\/\/redlight-pc.de\/cms\/wp-content\/uploads\/2010\/03\/Office-300x200.png 300w, https:\/\/redlight-pc.de\/cms\/wp-content\/uploads\/2010\/03\/Office-450x300.png 450w, https:\/\/redlight-pc.de\/cms\/wp-content\/uploads\/2010\/03\/Office.png 460w\" sizes=\"(max-width: 300px) 100vw, 300px\" \/><\/div><\/div><\/div><\/div>\n<\/div><\/div><\/div><!-- close content main div --><\/div><\/div><div id='av_section_1'  class='avia-section av-av_section-c6e9d451a28ea720f2680e2e1755cdb8 main_color avia-section-default avia-no-shadow  avia-builder-el-5  el_after_av_one_third  avia-builder-el-last  avia-bg-style-scroll container_wrap sidebar_right'  ><div class='container av-section-cont-open' ><div class='template-page content  av-content-small alpha units'><div class='post-entry post-entry-type-page post-entry-59'><div class='entry-content-wrapper clearfix'>\n\n<style type=\"text\/css\" data-created_by=\"avia_inline_auto\" id=\"style-css-av-av_heading-3ddb9ff3e3d70fd4ec0d25564d7020ee\">\n#top .av-special-heading.av-av_heading-3ddb9ff3e3d70fd4ec0d25564d7020ee{\npadding-bottom:10px;\n}\nbody .av-special-heading.av-av_heading-3ddb9ff3e3d70fd4ec0d25564d7020ee .av-special-heading-tag .heading-char{\nfont-size:25px;\n}\n.av-special-heading.av-av_heading-3ddb9ff3e3d70fd4ec0d25564d7020ee .av-subheading{\nfont-size:15px;\n}\n<\/style>\n<div  class='av-special-heading av-av_heading-3ddb9ff3e3d70fd4ec0d25564d7020ee av-special-heading-h3  avia-builder-el-6  el_before_av_iconlist  avia-builder-el-first '><h3 class='av-special-heading-tag '  itemprop=\"headline\"  >Folgende Inhalte werden behandelt<\/h3><div class=\"special-heading-border\"><div class=\"special-heading-inner-border\"><\/div><\/div><\/div>\n<div  class='avia-icon-list-container av-av_iconlist-e4a0ebdf966f1bea8883e87bb95dffd6  avia-builder-el-7  el_after_av_heading  avia-builder-el-last '><ul class='avia-icon-list avia_animate_when_almost_visible avia-icon-list-left av-iconlist-big av-av_iconlist-e4a0ebdf966f1bea8883e87bb95dffd6 avia-iconlist-animate'>\n<li><div class='iconlist_icon av-av_iconlist_item-707f4b89e778f3f972e347535e4eb541 avia-font-entypo-fontello avia-iconfont avia-font-entypo-fontello'><span class='av-icon-char' data-av_icon='\ue81e' data-av_iconfont='entypo-fontello' aria-hidden=\"true\"><\/span><\/div><article class=\"article-icon-entry \"  itemscope=\"itemscope\" itemtype=\"https:\/\/schema.org\/CreativeWork\" ><div class=\"iconlist_content_wrap\"><header class=\"entry-content-header\" aria-label=\"Icon: Allgemeine Informationen\"><h4 class='av_iconlist_title iconlist_title  '  itemprop=\"headline\" >Allgemeine Informationen<\/h4><\/header><div class='iconlist_content '  itemprop=\"text\" ><p>Allgemeine Einf\u00fchrung in Microsoft Office (Versionen 2000, 2003, 2007, 2010 und 2013) und die einzelnen Programmkomponenten.<\/p>\n<\/div><\/div><footer class=\"entry-footer\"><\/footer><\/article><div class=\"iconlist-timeline\"><\/div><\/li>\n<li><div class='iconlist_icon av-av_iconlist_item-81da3f8cc4f06bc3dd7791c74cec7011 avia-font-entypo-fontello avia-iconfont avia-font-entypo-fontello'><span class='av-icon-char' data-av_icon='\ue84c' data-av_iconfont='entypo-fontello' aria-hidden=\"true\"><\/span><\/div><article class=\"article-icon-entry \"  itemscope=\"itemscope\" itemtype=\"https:\/\/schema.org\/CreativeWork\" ><div class=\"iconlist_content_wrap\"><header class=\"entry-content-header\" aria-label=\"Icon: Erstellen von Dokumenten\"><h4 class='av_iconlist_title iconlist_title  '  itemprop=\"headline\" >Erstellen von Dokumenten<\/h4><\/header><div class='iconlist_content '  itemprop=\"text\" ><p>Erstellung von Dokumenten (Briefe, Serienbriefe, Faxe etc.), Tabellen mit Excel, Pr\u00e4sentationen mit PowerPoint und mehr<\/p>\n<\/div><\/div><footer class=\"entry-footer\"><\/footer><\/article><div class=\"iconlist-timeline\"><\/div><\/li>\n<li><div class='iconlist_icon av-av_iconlist_item-1663f4dab101c28b069b36b082d2408d avia-font-redlight avia-iconfont avia-font-redlight'><span class='av-icon-char' data-av_icon='\ue807' data-av_iconfont='redlight' aria-hidden=\"true\"><\/span><\/div><article class=\"article-icon-entry \"  itemscope=\"itemscope\" itemtype=\"https:\/\/schema.org\/CreativeWork\" ><div class=\"iconlist_content_wrap\"><header class=\"entry-content-header\" aria-label=\"Icon: Arbeiten mit Word\"><h4 class='av_iconlist_title iconlist_title  '  itemprop=\"headline\" >Arbeiten mit Word<\/h4><\/header><div class='iconlist_content '  itemprop=\"text\" ><p>Erkl\u00e4rungen und Erl\u00e4uterungen zu den wichtigsten Funktionen in Microsoft Word.<\/p>\n<\/div><\/div><footer class=\"entry-footer\"><\/footer><\/article><div class=\"iconlist-timeline\"><\/div><\/li>\n<li><div class='iconlist_icon av-av_iconlist_item-50319a663d4db58ace5b5f9745fbc8c0 avia-font-entypo-fontello avia-iconfont avia-font-entypo-fontello'><span class='av-icon-char' data-av_icon='\ue8c6' data-av_iconfont='entypo-fontello' aria-hidden=\"true\"><\/span><\/div><article class=\"article-icon-entry \"  itemscope=\"itemscope\" itemtype=\"https:\/\/schema.org\/CreativeWork\" ><div class=\"iconlist_content_wrap\"><header class=\"entry-content-header\" aria-label=\"Icon: Arbeiten mit Excel\"><h4 class='av_iconlist_title iconlist_title  '  itemprop=\"headline\" >Arbeiten mit Excel<\/h4><\/header><div class='iconlist_content '  itemprop=\"text\" ><p>Anleitungen, Tipps &amp; Tricks zur Arbeit mit Microsoft Excel, Erl\u00e4uterung der wichtigsten Funktionen.<\/p>\n<\/div><\/div><footer class=\"entry-footer\"><\/footer><\/article><div class=\"iconlist-timeline\"><\/div><\/li>\n<li><div class='iconlist_icon av-av_iconlist_item-133783b7374416bb525f0d2df509dcfb avia-font-entypo-fontello avia-iconfont avia-font-entypo-fontello'><span class='av-icon-char' data-av_icon='\ue80e' data-av_iconfont='entypo-fontello' aria-hidden=\"true\"><\/span><\/div><article class=\"article-icon-entry \"  itemscope=\"itemscope\" itemtype=\"https:\/\/schema.org\/CreativeWork\" ><div class=\"iconlist_content_wrap\"><header class=\"entry-content-header\" aria-label=\"Icon: Arbeiten mit PowerPoint\"><h4 class='av_iconlist_title iconlist_title  '  itemprop=\"headline\" >Arbeiten mit PowerPoint<\/h4><\/header><div class='iconlist_content '  itemprop=\"text\" ><p>Auch das Erstellen und Bearbeiten von ansprechenden PowerPoint Pr\u00e4sentationen erkl\u00e4ren wir Ihnen.<\/p>\n<\/div><\/div><footer class=\"entry-footer\"><\/footer><\/article><div class=\"iconlist-timeline\"><\/div><\/li>\n<li><div class='iconlist_icon av-av_iconlist_item-71fbff16c8e93d4c0a8082ba799d0122 avia-font-entypo-fontello avia-iconfont avia-font-entypo-fontello'><span class='av-icon-char' data-av_icon='\ue838' data-av_iconfont='entypo-fontello' aria-hidden=\"true\"><\/span><\/div><article class=\"article-icon-entry \"  itemscope=\"itemscope\" itemtype=\"https:\/\/schema.org\/CreativeWork\" ><div class=\"iconlist_content_wrap\"><header class=\"entry-content-header\" aria-label=\"Icon: Ausgabe &amp; Druck von Dateien\"><h4 class='av_iconlist_title iconlist_title  '  itemprop=\"headline\" >Ausgabe &amp; Druck von Dateien<\/h4><\/header><div class='iconlist_content '  itemprop=\"text\" ><p>Ausgabe von Dokumenten auf Papier oder in digitalen Formaten (Druck, PDF-Dateien, Speichern)<\/p>\n<\/div><\/div><footer class=\"entry-footer\"><\/footer><\/article><div class=\"iconlist-timeline\"><\/div><\/li>\n<li><div class='iconlist_icon av-av_iconlist_item-3557121b5edeb74b359c5fa473bd2948 avia-font-entypo-fontello avia-iconfont avia-font-entypo-fontello'><span class='av-icon-char' data-av_icon='\ue81c' data-av_iconfont='entypo-fontello' aria-hidden=\"true\"><\/span><\/div><article class=\"article-icon-entry \"  itemscope=\"itemscope\" itemtype=\"https:\/\/schema.org\/CreativeWork\" ><div class=\"iconlist_content_wrap\"><header class=\"entry-content-header\" aria-label=\"Icon: Individuelle Fragen\"><h4 class='av_iconlist_title iconlist_title  '  itemprop=\"headline\" >Individuelle Fragen<\/h4><\/header><div class='iconlist_content '  itemprop=\"text\" ><p>Selbstverst\u00e4ndlich beantworten wir auch Ihre individuellen Fragen zu Microsoft Office &#8211; sprechen Sie uns an!<\/p>\n<\/div><\/div><footer class=\"entry-footer\"><\/footer><\/article><div class=\"iconlist-timeline\"><\/div><\/li>\n<\/ul><\/div>\n<\/div><\/div><\/div><!-- close content main div --><\/div><\/div><div id='after_section_1'  class='main_color av_default_container_wrap container_wrap sidebar_right'  ><div class='container av-section-cont-open' ><div class='template-page content  av-content-small alpha units'><div class='post-entry post-entry-type-page post-entry-59'><div class='entry-content-wrapper clearfix'>\n","protected":false},"excerpt":{"rendered":"","protected":false},"author":1,"featured_media":0,"parent":53,"menu_order":0,"comment_status":"closed","ping_status":"closed","template":"","meta":{"jetpack_post_was_ever_published":false,"footnotes":""},"aioseo_notices":[],"jetpack_shortlink":"https:\/\/wp.me\/P2NCds-X","jetpack_sharing_enabled":true,"_links":{"self":[{"href":"https:\/\/redlight-pc.de\/cms\/wp-json\/wp\/v2\/pages\/59"}],"collection":[{"href":"https:\/\/redlight-pc.de\/cms\/wp-json\/wp\/v2\/pages"}],"about":[{"href":"https:\/\/redlight-pc.de\/cms\/wp-json\/wp\/v2\/types\/page"}],"author":[{"embeddable":true,"href":"https:\/\/redlight-pc.de\/cms\/wp-json\/wp\/v2\/users\/1"}],"replies":[{"embeddable":true,"href":"https:\/\/redlight-pc.de\/cms\/wp-json\/wp\/v2\/comments?post=59"}],"version-history":[{"count":15,"href":"https:\/\/redlight-pc.de\/cms\/wp-json\/wp\/v2\/pages\/59\/revisions"}],"predecessor-version":[{"id":34016,"href":"https:\/\/redlight-pc.de\/cms\/wp-json\/wp\/v2\/pages\/59\/revisions\/34016"}],"up":[{"embeddable":true,"href":"https:\/\/redlight-pc.de\/cms\/wp-json\/wp\/v2\/pages\/53"}],"wp:attachment":[{"href":"https:\/\/redlight-pc.de\/cms\/wp-json\/wp\/v2\/media?parent=59"}],"curies":[{"name":"wp","href":"https:\/\/api.w.org\/{rel}","templated":true}]}}