{"id":604,"date":"2013-02-18T14:51:40","date_gmt":"2013-02-18T13:51:40","guid":{"rendered":"http:\/\/redlight-pc.de\/cms\/?page_id=604"},"modified":"2014-03-17T18:17:18","modified_gmt":"2014-03-17T17:17:18","slug":"pc-mac-fuhrerschein","status":"publish","type":"page","link":"https:\/\/redlight-pc.de\/cms\/pc-mac-fuhrerschein\/","title":{"rendered":"PC &#038; MAC F\u00fchrerschein"},"content":{"rendered":"<div  class='flex_column av-av_one_fourth-2a9015ff38129c418a3f2eafba3e9512 av_one_fourth  avia-builder-el-0  el_before_av_one_half  avia-builder-el-first  first flex_column_div  '     ><style type=\"text\/css\" data-created_by=\"avia_inline_auto\" id=\"style-css-av-av_image-b5571f339d5aa9b01559c6f605aa0d14\">\n.avia-image-container.av-av_image-b5571f339d5aa9b01559c6f605aa0d14 img.avia_image{\nbox-shadow:none;\n}\n.avia-image-container.av-av_image-b5571f339d5aa9b01559c6f605aa0d14 .av-image-caption-overlay-center{\ncolor:#ffffff;\n}\n<\/style>\n<div  class='avia-image-container av-av_image-b5571f339d5aa9b01559c6f605aa0d14 av-styling- avia_animated_image av-animated-when-visible-95 top-to-bottom avia-align-center  avia-builder-el-1  avia-builder-el-no-sibling '   itemprop=\"image\" itemscope=\"itemscope\" itemtype=\"https:\/\/schema.org\/ImageObject\" ><div class=\"avia-image-container-inner\"><div class=\"avia-image-overlay-wrap\"><img decoding=\"async\" width=\"200\" height=\"250\" fetchpriority=\"high\" class='wp-image-24590 avia-img-lazy-loading-not-24590 avia_image ' src=\"http:\/\/redlight-pc.de\/cms\/wp-content\/uploads\/2013\/02\/win_logo.png\" alt='' title='win_logo'   itemprop=\"thumbnailUrl\"  \/><\/div><\/div><\/div><\/div><div  class='flex_column av-av_one_half-1c47c10d9dd6b9bc0b68f292c1cf5942 av_one_half  avia-builder-el-2  el_after_av_one_fourth  el_before_av_one_fourth  flex_column_div  '     ><p>\n<style type=\"text\/css\" data-created_by=\"avia_inline_auto\" id=\"style-css-av-av_heading-7769aa703407a1de26b247c3790c4249\">\n#top .av-special-heading.av-av_heading-7769aa703407a1de26b247c3790c4249{\npadding-bottom:10px;\n}\nbody .av-special-heading.av-av_heading-7769aa703407a1de26b247c3790c4249 .av-special-heading-tag .heading-char{\nfont-size:25px;\n}\n.av-special-heading.av-av_heading-7769aa703407a1de26b247c3790c4249 .av-subheading{\nfont-size:15px;\n}\n<\/style>\n<div  class='av-special-heading av-av_heading-7769aa703407a1de26b247c3790c4249 av-special-heading-h3 blockquote modern-quote modern-centered  avia-builder-el-3  el_before_av_textblock  avia-builder-el-first '><h3 class='av-special-heading-tag '  itemprop=\"headline\"  >PC <span class='special_amp'>&amp;<\/span> MAC F\u00dcHRERSCHEIN<\/h3><div class=\"special-heading-border\"><div class=\"special-heading-inner-border\"><\/div><\/div><\/div><br \/>\n<section  class='av_textblock_section av-av_textblock-aaf3a53f7e22769a7798f31e42769683 '   itemscope=\"itemscope\" itemtype=\"https:\/\/schema.org\/CreativeWork\" ><div class='avia_textblock'  itemprop=\"text\" ><p>PCs und MACs sind mittlerweile kaum noch aus unserem Alltag wegzudenken und k\u00f6nnen zudem vieles erleichtern. Allerdings sind besonders Senioren oder Personen, die keinen t\u00e4glichen Umgang mit diesen Ger\u00e4ten und seiner Software haben, schnell \u00fcberfordert. F\u00fcr diese Zielgruppe bieten wir die Schulung \u201cPC &amp; MAC-F\u00fchrerschein\u201d an.<\/p>\n<p>Hier lernen Sie in wenigen Schritten die Grunds\u00e4tze im Umgang mit Ihrem PC &amp; MAC. Vom Start \u00fcber das Erstellen und Speichern von Dokumenten bis hin zur einfachen Bildbearbeitung. Gerne nehmen wir ihre W\u00fcnsche und Vorstellungen auf und gestalten Ihre Schulung individuell.<\/p>\n<p>Besonderes Augenmerk legen wir selbstverst\u00e4ndlich auch auf den Umgang mit den von Ihnen eingesetzten Betriebssystem: ob Microsoft Windows oder Apples Mac OSX.<\/p>\n<\/div><\/section><\/p><\/div><\/p>\n<div  class='flex_column av-av_one_fourth-1c47c10d9dd6b9bc0b68f292c1cf5942 av_one_fourth  avia-builder-el-5  el_after_av_one_half  el_before_av_section  avia-builder-el-last  flex_column_div  '     ><style type=\"text\/css\" data-created_by=\"avia_inline_auto\" id=\"style-css-av-av_image-700e6134a796df5bbb0164565969125c\">\n.avia-image-container.av-av_image-700e6134a796df5bbb0164565969125c img.avia_image{\nbox-shadow:none;\n}\n.avia-image-container.av-av_image-700e6134a796df5bbb0164565969125c .av-image-caption-overlay-center{\ncolor:#ffffff;\n}\n<\/style>\n<div  class='avia-image-container av-av_image-700e6134a796df5bbb0164565969125c av-styling- avia_animated_image av-animated-when-visible-95 top-to-bottom avia-align-center  avia-builder-el-6  avia-builder-el-no-sibling '   itemprop=\"image\" itemscope=\"itemscope\" itemtype=\"https:\/\/schema.org\/ImageObject\" ><div class=\"avia-image-container-inner\"><div class=\"avia-image-overlay-wrap\"><img decoding=\"async\" width=\"200\" height=\"269\" fetchpriority=\"high\" class='wp-image-24589 avia-img-lazy-loading-not-24589 avia_image ' src=\"http:\/\/redlight-pc.de\/cms\/wp-content\/uploads\/2013\/02\/mac_system_icon.png\" alt='' title='mac_system_icon'   itemprop=\"thumbnailUrl\"  \/><\/div><\/div><\/div><\/div><\/div><\/div><\/div><!-- close content main div --><\/div><\/div><div id='av_section_1'  class='avia-section av-av_section-de8083befefa812eaf6e412ba1a578c5 alternate_color avia-section-default avia-no-shadow  avia-builder-el-7  el_after_av_one_fourth  avia-builder-el-last  avia-bg-style-scroll container_wrap sidebar_right'  ><div class='container av-section-cont-open' ><div class='template-page content  av-content-small alpha units'><div class='post-entry post-entry-type-page post-entry-604'><div class='entry-content-wrapper clearfix'>\n\n<style type=\"text\/css\" data-created_by=\"avia_inline_auto\" id=\"style-css-av-av_heading-e4e73f159b9aee1c792ee9ed12189679\">\n#top .av-special-heading.av-av_heading-e4e73f159b9aee1c792ee9ed12189679{\npadding-bottom:10px;\n}\nbody .av-special-heading.av-av_heading-e4e73f159b9aee1c792ee9ed12189679 .av-special-heading-tag .heading-char{\nfont-size:25px;\n}\n.av-special-heading.av-av_heading-e4e73f159b9aee1c792ee9ed12189679 .av-subheading{\nfont-size:15px;\n}\n<\/style>\n<div  class='av-special-heading av-av_heading-e4e73f159b9aee1c792ee9ed12189679 av-special-heading-h3  avia-builder-el-8  el_before_av_iconlist  avia-builder-el-first '><h3 class='av-special-heading-tag '  itemprop=\"headline\"  >Inhalte die behandelt werden<\/h3><div class=\"special-heading-border\"><div class=\"special-heading-inner-border\"><\/div><\/div><\/div>\n<div  class='avia-icon-list-container av-av_iconlist-e4a0ebdf966f1bea8883e87bb95dffd6  avia-builder-el-9  el_after_av_heading  avia-builder-el-last '><ul class='avia-icon-list avia_animate_when_almost_visible avia-icon-list-left av-iconlist-big av-av_iconlist-e4a0ebdf966f1bea8883e87bb95dffd6 avia-iconlist-animate'>\n<li><div class='iconlist_icon av-av_iconlist_item-3f3f9118ac3bff2f6ea37682bd7ad9d7 avia-font-entypo-fontello avia-iconfont avia-font-entypo-fontello'><span class='av-icon-char' data-av_icon='\ue922' data-av_iconfont='entypo-fontello' aria-hidden=\"true\"><\/span><\/div><article class=\"article-icon-entry \"  itemscope=\"itemscope\" itemtype=\"https:\/\/schema.org\/CreativeWork\" ><div class=\"iconlist_content_wrap\"><header class=\"entry-content-header\" aria-label=\"Icon: Betriebssystem\"><h4 class='av_iconlist_title iconlist_title  '  itemprop=\"headline\" >Betriebssystem<\/h4><\/header><div class='iconlist_content '  itemprop=\"text\" ><p>Aufbau des Betriebssystems (wo finde ich was?),\u00a0erste Schritte nach dem Start<\/p>\n<\/div><\/div><footer class=\"entry-footer\"><\/footer><\/article><div class=\"iconlist-timeline\"><\/div><\/li>\n<li><div class='iconlist_icon av-av_iconlist_item-a703666be91c5bcb610ac227cb8bca8a avia-font-redlight avia-iconfont avia-font-redlight'><span class='av-icon-char' data-av_icon='\ue820' data-av_iconfont='redlight' aria-hidden=\"true\"><\/span><\/div><article class=\"article-icon-entry \"  itemscope=\"itemscope\" itemtype=\"https:\/\/schema.org\/CreativeWork\" ><div class=\"iconlist_content_wrap\"><header class=\"entry-content-header\" aria-label=\"Icon: Sicherheit\"><h4 class='av_iconlist_title iconlist_title  '  itemprop=\"headline\" >Sicherheit<\/h4><\/header><div class='iconlist_content '  itemprop=\"text\" ><p>Was muss ich tun, damit mein PC\/MAC vor Fremdzugriffen, Hackern und Viren gesch\u00fctzt ist?<\/p>\n<\/div><\/div><footer class=\"entry-footer\"><\/footer><\/article><div class=\"iconlist-timeline\"><\/div><\/li>\n<li><div class='iconlist_icon av-av_iconlist_item-2ea93bc74473952813f5a3a23df3b25c avia-font-entypo-fontello avia-iconfont avia-font-entypo-fontello'><span class='av-icon-char' data-av_icon='\ue8d0' data-av_iconfont='entypo-fontello' aria-hidden=\"true\"><\/span><\/div><article class=\"article-icon-entry \"  itemscope=\"itemscope\" itemtype=\"https:\/\/schema.org\/CreativeWork\" ><div class=\"iconlist_content_wrap\"><header class=\"entry-content-header\" aria-label=\"Icon: Software installieren &amp; einrichten\"><h4 class='av_iconlist_title iconlist_title  '  itemprop=\"headline\" >Software installieren &amp; einrichten<\/h4><\/header><div class='iconlist_content '  itemprop=\"text\" ><p>Software selber installieren, einrichten oder entfernen<\/p>\n<\/div><\/div><footer class=\"entry-footer\"><\/footer><\/article><div class=\"iconlist-timeline\"><\/div><\/li>\n<li><div class='iconlist_icon av-av_iconlist_item-df2fe308da3dbfaf64fe2d86e7ac32e5 avia-font-redlight avia-iconfont avia-font-redlight'><span class='av-icon-char' data-av_icon='\ue80c' data-av_iconfont='redlight' aria-hidden=\"true\"><\/span><\/div><article class=\"article-icon-entry \"  itemscope=\"itemscope\" itemtype=\"https:\/\/schema.org\/CreativeWork\" ><div class=\"iconlist_content_wrap\"><header class=\"entry-content-header\" aria-label=\"Icon: System aktualisieren\"><h4 class='av_iconlist_title iconlist_title  '  itemprop=\"headline\" >System aktualisieren<\/h4><\/header><div class='iconlist_content '  itemprop=\"text\" ><p>Tipps wie Sie Ihr System immer auf dem aktuellsten Stand halten k\u00f6nnen.<\/p>\n<\/div><\/div><footer class=\"entry-footer\"><\/footer><\/article><div class=\"iconlist-timeline\"><\/div><\/li>\n<li><div class='iconlist_icon av-av_iconlist_item-bd3455d1a58fe1f03d81e2262bec8f54 avia-font-entypo-fontello avia-iconfont avia-font-entypo-fontello'><span class='av-icon-char' data-av_icon='\ue80f' data-av_iconfont='entypo-fontello' aria-hidden=\"true\"><\/span><\/div><article class=\"article-icon-entry \"  itemscope=\"itemscope\" itemtype=\"https:\/\/schema.org\/CreativeWork\" ><div class=\"iconlist_content_wrap\"><header class=\"entry-content-header\" aria-label=\"Icon: Fotos \u00fcbertragen\"><h4 class='av_iconlist_title iconlist_title  '  itemprop=\"headline\" >Fotos \u00fcbertragen<\/h4><\/header><div class='iconlist_content '  itemprop=\"text\" ><p>\u00dcbertragen von Fotos von der Digitalkamera auf den PC\/MAC<\/p>\n<\/div><\/div><footer class=\"entry-footer\"><\/footer><\/article><div class=\"iconlist-timeline\"><\/div><\/li>\n<li><div class='iconlist_icon av-av_iconlist_item-91bb35bbfb79635f942b76f5e7a473a3 avia-font-redlight avia-iconfont avia-font-redlight'><span class='av-icon-char' data-av_icon='\ue810' data-av_iconfont='redlight' aria-hidden=\"true\"><\/span><\/div><article class=\"article-icon-entry \"  itemscope=\"itemscope\" itemtype=\"https:\/\/schema.org\/CreativeWork\" ><div class=\"iconlist_content_wrap\"><header class=\"entry-content-header\" aria-label=\"Icon: Daten auf Medien brennen\"><h4 class='av_iconlist_title iconlist_title  '  itemprop=\"headline\" >Daten auf Medien brennen<\/h4><\/header><div class='iconlist_content '  itemprop=\"text\" ><p>Daten- und Musik-CDs brennen, um sie zu archivieren oder an andere Personen weiterzugeben<\/p>\n<\/div><\/div><footer class=\"entry-footer\"><\/footer><\/article><div class=\"iconlist-timeline\"><\/div><\/li>\n<li><div class='iconlist_icon av-av_iconlist_item-e9e9249a56ae8f26c4229bc3e58b8645 avia-font-entypo-fontello avia-iconfont avia-font-entypo-fontello'><span class='av-icon-char' data-av_icon='\ue81d' data-av_iconfont='entypo-fontello' aria-hidden=\"true\"><\/span><\/div><article class=\"article-icon-entry \"  itemscope=\"itemscope\" itemtype=\"https:\/\/schema.org\/CreativeWork\" ><div class=\"iconlist_content_wrap\"><header class=\"entry-content-header\" aria-label=\"Icon: Weitere individuelle Fragen\"><h4 class='av_iconlist_title iconlist_title  '  itemprop=\"headline\" >Weitere individuelle Fragen<\/h4><\/header><div class='iconlist_content '  itemprop=\"text\" ><p>Selbstverst\u00e4ndlich gehen wir auch auf Ihre individuellen Fragen ein &#8211; sprechen Sie uns an!<\/p>\n<\/div><\/div><footer class=\"entry-footer\"><\/footer><\/article><div class=\"iconlist-timeline\"><\/div><\/li>\n<\/ul><\/div>\n<\/div><\/div><\/div><!-- close content main div --><\/div><\/div><div id='after_section_1'  class='main_color av_default_container_wrap container_wrap sidebar_right'  ><div class='container av-section-cont-open' ><div class='template-page content  av-content-small alpha units'><div class='post-entry post-entry-type-page post-entry-604'><div class='entry-content-wrapper clearfix'><\/p>\n","protected":false},"excerpt":{"rendered":"","protected":false},"author":1,"featured_media":0,"parent":0,"menu_order":0,"comment_status":"closed","ping_status":"closed","template":"","meta":{"jetpack_post_was_ever_published":false,"footnotes":""},"aioseo_notices":[],"jetpack_shortlink":"https:\/\/wp.me\/P2NCds-9K","jetpack_sharing_enabled":true,"_links":{"self":[{"href":"https:\/\/redlight-pc.de\/cms\/wp-json\/wp\/v2\/pages\/604"}],"collection":[{"href":"https:\/\/redlight-pc.de\/cms\/wp-json\/wp\/v2\/pages"}],"about":[{"href":"https:\/\/redlight-pc.de\/cms\/wp-json\/wp\/v2\/types\/page"}],"author":[{"embeddable":true,"href":"https:\/\/redlight-pc.de\/cms\/wp-json\/wp\/v2\/users\/1"}],"replies":[{"embeddable":true,"href":"https:\/\/redlight-pc.de\/cms\/wp-json\/wp\/v2\/comments?post=604"}],"version-history":[{"count":12,"href":"https:\/\/redlight-pc.de\/cms\/wp-json\/wp\/v2\/pages\/604\/revisions"}],"predecessor-version":[{"id":34005,"href":"https:\/\/redlight-pc.de\/cms\/wp-json\/wp\/v2\/pages\/604\/revisions\/34005"}],"wp:attachment":[{"href":"https:\/\/redlight-pc.de\/cms\/wp-json\/wp\/v2\/media?parent=604"}],"curies":[{"name":"wp","href":"https:\/\/api.w.org\/{rel}","templated":true}]}}