{"id":608,"date":"2013-02-18T14:57:43","date_gmt":"2013-02-18T13:57:43","guid":{"rendered":"http:\/\/redlight-pc.de\/cms\/?page_id=608"},"modified":"2014-03-17T18:13:14","modified_gmt":"2014-03-17T17:13:14","slug":"internet-fuhrerschein","status":"publish","type":"page","link":"https:\/\/redlight-pc.de\/cms\/internet-fuhrerschein\/","title":{"rendered":"Internet F\u00fchrerschein"},"content":{"rendered":"<div  class='flex_column av-av_two_third-2a9015ff38129c418a3f2eafba3e9512 av_two_third  avia-builder-el-0  el_before_av_one_third  avia-builder-el-first  first flex_column_div  '     ><p>\n<style type=\"text\/css\" data-created_by=\"avia_inline_auto\" id=\"style-css-av-av_heading-123b6bb4f649cb6e93597c9e80c13fe7\">\n#top .av-special-heading.av-av_heading-123b6bb4f649cb6e93597c9e80c13fe7{\npadding-bottom:10px;\n}\nbody .av-special-heading.av-av_heading-123b6bb4f649cb6e93597c9e80c13fe7 .av-special-heading-tag .heading-char{\nfont-size:25px;\n}\n.av-special-heading.av-av_heading-123b6bb4f649cb6e93597c9e80c13fe7 .av-subheading{\nfont-size:15px;\n}\n<\/style>\n<div  class='av-special-heading av-av_heading-123b6bb4f649cb6e93597c9e80c13fe7 av-special-heading-h3  avia-builder-el-1  el_before_av_textblock  avia-builder-el-first '><h3 class='av-special-heading-tag '  itemprop=\"headline\"  >INTERNET F\u00dcHRERSCHEIN<\/h3><div class=\"special-heading-border\"><div class=\"special-heading-inner-border\"><\/div><\/div><\/div><br \/>\n<section  class='av_textblock_section av-av_textblock-aaf3a53f7e22769a7798f31e42769683 '   itemscope=\"itemscope\" itemtype=\"https:\/\/schema.org\/CreativeWork\" ><div class='avia_textblock'  itemprop=\"text\" ><p>Das Internet bietet schier unersch\u00f6pfliche M\u00f6glichkeiten der Unterhaltung und bietet Hilfe und Tipps f\u00fcr und in fast alle(n) Lebenslagen. Allzu sorglos sollte man allerdings nicht im \u201cWorld Wide Web\u201d unterwegs sein, denn es birgt Gefahren, die man nicht untersch\u00e4tzen sollte.<\/p>\n<p>Wie auch unsere Schulung \u201cPC-F\u00fchrerschein\u201d ist diese Schulung speziell an Senioren gerichtet und an die Personen, die keinen t\u00e4glichen Umgang mit dem PC bzw. Internet pflegen, die Vorz\u00fcge aber gern ab und zu nutzen m\u00f6chten.<\/p>\n<\/div><\/section><\/p><\/div><div  class='flex_column av-av_one_third-1c47c10d9dd6b9bc0b68f292c1cf5942 av_one_third  avia-builder-el-3  el_after_av_two_third  el_before_av_section  avia-builder-el-last  flex_column_div  '     ><style type=\"text\/css\" data-created_by=\"avia_inline_auto\" id=\"style-css-av-av_image-02b56f480daf89c9250edf4c99b293d5\">\n.avia-image-container.av-av_image-02b56f480daf89c9250edf4c99b293d5 img.avia_image{\nbox-shadow:none;\n}\n.avia-image-container.av-av_image-02b56f480daf89c9250edf4c99b293d5 .av-image-caption-overlay-center{\ncolor:#ffffff;\n}\n<\/style>\n<div  class='avia-image-container av-av_image-02b56f480daf89c9250edf4c99b293d5 av-styling- avia_animated_image av-animated-when-visible-95 top-to-bottom avia-align-center  avia-builder-el-4  avia-builder-el-no-sibling '   itemprop=\"image\" itemscope=\"itemscope\" itemtype=\"https:\/\/schema.org\/ImageObject\" ><div class=\"avia-image-container-inner\"><div class=\"avia-image-overlay-wrap\"><img decoding=\"async\" width=\"200\" height=\"250\" fetchpriority=\"high\" class='wp-image-33958 avia-img-lazy-loading-not-33958 avia_image ' src=\"http:\/\/redlight-pc.de\/cms\/wp-content\/uploads\/2010\/03\/WWW.png\" alt='' title='WWW'   itemprop=\"thumbnailUrl\"  \/><\/div><\/div><\/div><\/div><\/div><\/div><\/div><!-- close content main div --><\/div><\/div><div id='av_section_1'  class='avia-section av-av_section-de8083befefa812eaf6e412ba1a578c5 alternate_color avia-section-default avia-no-shadow  avia-builder-el-5  el_after_av_one_third  avia-builder-el-last  avia-bg-style-scroll container_wrap sidebar_right'  ><div class='container av-section-cont-open' ><div class='template-page content  av-content-small alpha units'><div class='post-entry post-entry-type-page post-entry-608'><div class='entry-content-wrapper clearfix'>\n\n<style type=\"text\/css\" data-created_by=\"avia_inline_auto\" id=\"style-css-av-av_heading-4505dee6eb1c54aa466773ef6a2aead3\">\n#top .av-special-heading.av-av_heading-4505dee6eb1c54aa466773ef6a2aead3{\npadding-bottom:10px;\n}\nbody .av-special-heading.av-av_heading-4505dee6eb1c54aa466773ef6a2aead3 .av-special-heading-tag .heading-char{\nfont-size:25px;\n}\n.av-special-heading.av-av_heading-4505dee6eb1c54aa466773ef6a2aead3 .av-subheading{\nfont-size:15px;\n}\n<\/style>\n<div  class='av-special-heading av-av_heading-4505dee6eb1c54aa466773ef6a2aead3 av-special-heading-h3  avia-builder-el-6  el_before_av_iconlist  avia-builder-el-first '><h3 class='av-special-heading-tag '  itemprop=\"headline\"  >Inhalte die behandelt werden<\/h3><div class=\"special-heading-border\"><div class=\"special-heading-inner-border\"><\/div><\/div><\/div>\n<div  class='avia-icon-list-container av-av_iconlist-e4a0ebdf966f1bea8883e87bb95dffd6  avia-builder-el-7  el_after_av_heading  avia-builder-el-last '><ul class='avia-icon-list avia_animate_when_almost_visible avia-icon-list-left av-iconlist-big av-av_iconlist-e4a0ebdf966f1bea8883e87bb95dffd6 avia-iconlist-animate'>\n<li><div class='iconlist_icon av-av_iconlist_item-3365ea8eb93665e467e42f4e958bfe96 avia-font-redlight avia-iconfont avia-font-redlight'><span class='av-icon-char' data-av_icon='\ue814' data-av_iconfont='redlight' aria-hidden=\"true\"><\/span><\/div><article class=\"article-icon-entry \"  itemscope=\"itemscope\" itemtype=\"https:\/\/schema.org\/CreativeWork\" ><div class=\"iconlist_content_wrap\"><header class=\"entry-content-header\" aria-label=\"Icon: Der richtige Browser\"><h4 class='av_iconlist_title iconlist_title  '  itemprop=\"headline\" >Der richtige Browser<\/h4><\/header><div class='iconlist_content '  itemprop=\"text\" ><p>Welchen Internetbrowser sollte ich nutzen? (mit welchem Programm gehe ich ins Internet?)<\/p>\n<\/div><\/div><footer class=\"entry-footer\"><\/footer><\/article><div class=\"iconlist-timeline\"><\/div><\/li>\n<li><div class='iconlist_icon av-av_iconlist_item-8aa5a91b74abda6e2a6a0482501fee60 avia-font-entypo-fontello avia-iconfont avia-font-entypo-fontello'><span class='av-icon-char' data-av_icon='\ue803' data-av_iconfont='entypo-fontello' aria-hidden=\"true\"><\/span><\/div><article class=\"article-icon-entry \"  itemscope=\"itemscope\" itemtype=\"https:\/\/schema.org\/CreativeWork\" ><div class=\"iconlist_content_wrap\"><header class=\"entry-content-header\" aria-label=\"Icon: Suchmaschinen richtig nutzen\"><h4 class='av_iconlist_title iconlist_title  '  itemprop=\"headline\" >Suchmaschinen richtig nutzen<\/h4><\/header><div class='iconlist_content '  itemprop=\"text\" ><p>Was sind Suchmaschinen und wie benutze ich sie richtig?<\/p>\n<\/div><\/div><footer class=\"entry-footer\"><\/footer><\/article><div class=\"iconlist-timeline\"><\/div><\/li>\n<li><div class='iconlist_icon av-av_iconlist_item-dc5bd33202da8bbaecbd5b6677604405 avia-font-entypo-fontello avia-iconfont avia-font-entypo-fontello'><span class='av-icon-char' data-av_icon='\ue805' data-av_iconfont='entypo-fontello' aria-hidden=\"true\"><\/span><\/div><article class=\"article-icon-entry \"  itemscope=\"itemscope\" itemtype=\"https:\/\/schema.org\/CreativeWork\" ><div class=\"iconlist_content_wrap\"><header class=\"entry-content-header\" aria-label=\"Icon: E-Mail Adresse einrichten &amp; Mails schreiben\"><h4 class='av_iconlist_title iconlist_title  '  itemprop=\"headline\" >E-Mail Adresse einrichten &amp; Mails schreiben<\/h4><\/header><div class='iconlist_content '  itemprop=\"text\" ><p>Wie richte ich eine E-Mailadresse ein und wie gehe ich mit E-Mails um?<\/p>\n<\/div><\/div><footer class=\"entry-footer\"><\/footer><\/article><div class=\"iconlist-timeline\"><\/div><\/li>\n<li><div class='iconlist_icon av-av_iconlist_item-f9c86d19d7472279b240215dce1248e1 avia-font-redlight avia-iconfont avia-font-redlight'><span class='av-icon-char' data-av_icon='\ue820' data-av_iconfont='redlight' aria-hidden=\"true\"><\/span><\/div><article class=\"article-icon-entry \"  itemscope=\"itemscope\" itemtype=\"https:\/\/schema.org\/CreativeWork\" ><div class=\"iconlist_content_wrap\"><header class=\"entry-content-header\" aria-label=\"Icon: Sicherheit im Internet\"><h4 class='av_iconlist_title iconlist_title  '  itemprop=\"headline\" >Sicherheit im Internet<\/h4><\/header><div class='iconlist_content '  itemprop=\"text\" ><p>Sicher im Internet unterwegs sein \u2013 worauf muss ich achten?<br \/>\nWie erkenne ich gef\u00e4lschte Internetseiten?<br \/>\nTipps, um Ihr Online-Banking sicher zu machen.<\/p>\n<\/div><\/div><footer class=\"entry-footer\"><\/footer><\/article><div class=\"iconlist-timeline\"><\/div><\/li>\n<li><div class='iconlist_icon av-av_iconlist_item-7a203d67db8b111b944f1b51447fdf22 avia-font-entypo-fontello avia-iconfont avia-font-entypo-fontello'><span class='av-icon-char' data-av_icon='\ue859' data-av_iconfont='entypo-fontello' aria-hidden=\"true\"><\/span><\/div><article class=\"article-icon-entry \"  itemscope=\"itemscope\" itemtype=\"https:\/\/schema.org\/CreativeWork\" ><div class=\"iconlist_content_wrap\"><header class=\"entry-content-header\" aria-label=\"Icon: Einkaufen im Internet\"><h4 class='av_iconlist_title iconlist_title  '  itemprop=\"headline\" >Einkaufen im Internet<\/h4><\/header><div class='iconlist_content '  itemprop=\"text\" ><p>Tipps und Tricks zum sicheren Einkaufen im Internet &#8211; vertrauensw\u00fcrdige Shops erkennen und Risiken minimieren.<\/p>\n<\/div><\/div><footer class=\"entry-footer\"><\/footer><\/article><div class=\"iconlist-timeline\"><\/div><\/li>\n<li><div class='iconlist_icon av-av_iconlist_item-3c83e78e2f2c90a0ef6c6fa83c3692b6 avia-font-entypo-fontello avia-iconfont avia-font-entypo-fontello'><span class='av-icon-char' data-av_icon='\ue82d' data-av_iconfont='entypo-fontello' aria-hidden=\"true\"><\/span><\/div><article class=\"article-icon-entry \"  itemscope=\"itemscope\" itemtype=\"https:\/\/schema.org\/CreativeWork\" ><div class=\"iconlist_content_wrap\"><header class=\"entry-content-header\" aria-label=\"Icon: \"><\/header><div class='iconlist_content '  itemprop=\"text\" ><p>Download von Dateien aus dem Internet &#8211; welche Daten sind sicher und wo verbergen sich Risiken?<\/p>\n<\/div><\/div><footer class=\"entry-footer\"><\/footer><\/article><div class=\"iconlist-timeline\"><\/div><\/li>\n<\/ul><\/div>\n<\/div><\/div><\/div><!-- close content main div --><\/div><\/div><div id='after_section_1'  class='main_color av_default_container_wrap container_wrap sidebar_right'  ><div class='container av-section-cont-open' ><div class='template-page content  av-content-small alpha units'><div class='post-entry post-entry-type-page post-entry-608'><div class='entry-content-wrapper clearfix'><\/p>\n","protected":false},"excerpt":{"rendered":"","protected":false},"author":1,"featured_media":0,"parent":0,"menu_order":0,"comment_status":"closed","ping_status":"closed","template":"","meta":{"jetpack_post_was_ever_published":false,"footnotes":""},"aioseo_notices":[],"jetpack_shortlink":"https:\/\/wp.me\/P2NCds-9O","jetpack_sharing_enabled":true,"_links":{"self":[{"href":"https:\/\/redlight-pc.de\/cms\/wp-json\/wp\/v2\/pages\/608"}],"collection":[{"href":"https:\/\/redlight-pc.de\/cms\/wp-json\/wp\/v2\/pages"}],"about":[{"href":"https:\/\/redlight-pc.de\/cms\/wp-json\/wp\/v2\/types\/page"}],"author":[{"embeddable":true,"href":"https:\/\/redlight-pc.de\/cms\/wp-json\/wp\/v2\/users\/1"}],"replies":[{"embeddable":true,"href":"https:\/\/redlight-pc.de\/cms\/wp-json\/wp\/v2\/comments?post=608"}],"version-history":[{"count":4,"href":"https:\/\/redlight-pc.de\/cms\/wp-json\/wp\/v2\/pages\/608\/revisions"}],"predecessor-version":[{"id":34003,"href":"https:\/\/redlight-pc.de\/cms\/wp-json\/wp\/v2\/pages\/608\/revisions\/34003"}],"wp:attachment":[{"href":"https:\/\/redlight-pc.de\/cms\/wp-json\/wp\/v2\/media?parent=608"}],"curies":[{"name":"wp","href":"https:\/\/api.w.org\/{rel}","templated":true}]}}