{"id":696,"date":"2013-03-31T17:28:19","date_gmt":"2013-03-31T16:28:19","guid":{"rendered":"http:\/\/redlight-pc.de\/cms\/?page_id=696"},"modified":"2016-06-04T10:17:11","modified_gmt":"2016-06-04T08:17:11","slug":"datenrettung-backup","status":"publish","type":"page","link":"https:\/\/redlight-pc.de\/cms\/services\/datenrettung-backup\/","title":{"rendered":"Datenrettung &#038; Backup"},"content":{"rendered":"<div  class='flex_column av-av_two_third-2a9015ff38129c418a3f2eafba3e9512 av_two_third  avia-builder-el-0  el_before_av_one_third  avia-builder-el-first  first flex_column_div  '     ><p>\n<style type=\"text\/css\" data-created_by=\"avia_inline_auto\" id=\"style-css-av-av_heading-cefaf423f7fea085b792c7eaa7274350\">\n#top .av-special-heading.av-av_heading-cefaf423f7fea085b792c7eaa7274350{\npadding-bottom:10px;\n}\nbody .av-special-heading.av-av_heading-cefaf423f7fea085b792c7eaa7274350 .av-special-heading-tag .heading-char{\nfont-size:25px;\n}\n.av-special-heading.av-av_heading-cefaf423f7fea085b792c7eaa7274350 .av-subheading{\nfont-size:15px;\n}\n<\/style>\n<div  class='av-special-heading av-av_heading-cefaf423f7fea085b792c7eaa7274350 av-special-heading-h1 blockquote modern-quote  avia-builder-el-1  el_before_av_iconlist  avia-builder-el-first '><h1 class='av-special-heading-tag '  itemprop=\"headline\"  >Wiederherstellung Ihrer Daten<\/h1><div class='av-subheading av-subheading_below'><p>In der heutigen Zeit laufen fast alle gesch\u00e4ftlichen und privaten Dinge \u00fcber den Computer oder MAC. Das f\u00fchrt dazu, dass die dort gespeicherten Daten zunehmend an Wichtigkeit erlangen. Umso \u00e4rgerlicher ist es dann, wenn diese Daten pl\u00f6tzlich nicht mehr verf\u00fcgbar sind:<br \/>\nWir helfen Ihnen, wenn Ihr PC oder MAC nicht mehr startet oder Sie auf Grund anderer Ursachen nicht mehr auf Ihre gesch\u00e4ftlichen oder privaten Daten zugreifen k\u00f6nnen, sich aber noch wichtige Dateien und\/oder Dokumente auf Ihrem Rechner befinden. In den meisten F\u00e4llen* lassen Sich die Daten der Festplatte noch auslesen und diese stellen wir Ihnen dann auf CD\/DVD-Datentr\u00e4gern zur Verf\u00fcgung.<\/p>\n<p>*abh\u00e4ngig davon, welche Datentr\u00e4ger-Aktivit\u00e4ten seit Auftreten des Problems auf der betroffenen Festplatte von Ihnen durchgef\u00fchrt worden sind. Vor allem Schreib- und L\u00f6schvorg\u00e4nge sind ausschlaggebend daf\u00fcr, welche Daten noch rekonstruierbar sind.<\/p>\n<\/div><div class=\"special-heading-border\"><div class=\"special-heading-inner-border\"><\/div><\/div><\/div><br \/>\n<div  class='avia-icon-list-container av-av_iconlist-e4a0ebdf966f1bea8883e87bb95dffd6  avia-builder-el-2  el_after_av_heading  avia-builder-el-last '><ul class='avia-icon-list avia_animate_when_almost_visible avia-icon-list-left av-iconlist-big av-av_iconlist-e4a0ebdf966f1bea8883e87bb95dffd6 avia-iconlist-animate'>\n<li><div class='iconlist_icon av-av_iconlist_item-447de66797284d6ba5459cc9e745049a avia-font-entypo-fontello avia-iconfont avia-font-entypo-fontello'><span class='av-icon-char' data-av_icon='\ue8d3' data-av_iconfont='entypo-fontello' aria-hidden=\"true\"><\/span><\/div><article class=\"article-icon-entry \"  itemscope=\"itemscope\" itemtype=\"https:\/\/schema.org\/CreativeWork\" ><div class=\"iconlist_content_wrap\"><header class=\"entry-content-header\" aria-label=\"Icon: Datenrettung\"><h4 class='av_iconlist_title iconlist_title  '  itemprop=\"headline\" >Datenrettung<\/h4><\/header><div class='iconlist_content '  itemprop=\"text\" ><p>Wiederherstellung der Daten auf Ihrer Festplatte und Lieferung auf CD\/DVD.<br \/>\nBitte beachten Sie die Hinweise zur Wiederherstellung weiter oben!<\/p>\n<\/div><\/div><footer class=\"entry-footer\"><\/footer><\/article><div class=\"iconlist-timeline\"><\/div><\/li>\n<li><div class='iconlist_icon av-av_iconlist_item-18b3fcf87f43d730cdc373895de579f5 avia-font-entypo-fontello avia-iconfont avia-font-entypo-fontello'><span class='av-icon-char' data-av_icon='\ue86c' data-av_iconfont='entypo-fontello' aria-hidden=\"true\"><\/span><\/div><article class=\"article-icon-entry \"  itemscope=\"itemscope\" itemtype=\"https:\/\/schema.org\/CreativeWork\" ><div class=\"iconlist_content_wrap\"><header class=\"entry-content-header\" aria-label=\"Icon: Integration der Daten\"><h4 class='av_iconlist_title iconlist_title  '  itemprop=\"headline\" >Integration der Daten<\/h4><\/header><div class='iconlist_content '  itemprop=\"text\" ><p>Unterst\u00fctzung bei der Integration der wiederhergestellten Daten in Ihre EDV-Software, damit Sie schnellstm\u00f6glich wieder wie gewohnt mit Ihrem System arbeiten k\u00f6nnen.<\/p>\n<\/div><\/div><footer class=\"entry-footer\"><\/footer><\/article><div class=\"iconlist-timeline\"><\/div><\/li>\n<li><div class='iconlist_icon av-av_iconlist_item-37999a2c68abdac243161c87eb32b1a6 avia-font-entypo-fontello avia-iconfont avia-font-entypo-fontello'><span class='av-icon-char' data-av_icon='\ue824' data-av_iconfont='entypo-fontello' aria-hidden=\"true\"><\/span><\/div><article class=\"article-icon-entry \"  itemscope=\"itemscope\" itemtype=\"https:\/\/schema.org\/CreativeWork\" ><div class=\"iconlist_content_wrap\"><header class=\"entry-content-header\" aria-label=\"Icon: Datenverlust vorbeugen\"><h4 class='av_iconlist_title iconlist_title  '  itemprop=\"headline\" >Datenverlust vorbeugen<\/h4><\/header><div class='iconlist_content '  itemprop=\"text\" ><p>Hilfe und Unterst\u00fctzung bei der Entwicklung und Einrichtung von Systemen, um zuk\u00fcnftigen Datenverlust zu vermeiden. Von der einfachen Beratung bis hin zu RAID-basierten Sicherungs- und Backup-Systemen f\u00fcr den gesch\u00e4ftlichen oder privaten Bereich \u2013 individuell angepasst auf Ihre Bed\u00fcrfnisse.<\/p>\n<\/div><\/div><footer class=\"entry-footer\"><\/footer><\/article><div class=\"iconlist-timeline\"><\/div><\/li>\n<\/ul><\/div><\/p><\/div>\n\n<style type=\"text\/css\" data-created_by=\"avia_inline_auto\" id=\"style-css-av-av_one_third-9c1d454dc06f7247226bc4e8f931daae\">\n.flex_column.av-av_one_third-9c1d454dc06f7247226bc4e8f931daae{\nborder-radius:0px 0px 0px 0px;\npadding:0px 0px 0px 0px;\n}\n<\/style>\n<div  class='flex_column av-av_one_third-9c1d454dc06f7247226bc4e8f931daae av_one_third  avia-builder-el-3  el_after_av_two_third  avia-builder-el-last  flex_column_div av-zero-column-padding  '     ><p><article  class='iconbox iconbox_top av-av_icon_box-c6325f4c13051625ee4bccac70cd0fd3  avia-builder-el-4  el_before_av_hr  avia-builder-el-first  main_color'  itemscope=\"itemscope\" itemtype=\"https:\/\/schema.org\/CreativeWork\" ><div class=\"iconbox_content\"><header class=\"entry-content-header\" aria-label=\"Icon: Ihre Vorteile\"><div class='iconbox_icon heading-color avia-iconfont avia-font-entypo-fontello' data-av_icon='\ue82b' data-av_iconfont='entypo-fontello'  ><\/div><h3 class='iconbox_content_title '  itemprop=\"headline\" >Ihre Vorteile<\/h3><\/header><div class='iconbox_content_container '  itemprop=\"text\" ><p>schnelle Hilfe<br \/>\nRettung Ihrer Daten<br \/>\nTipps f\u00fcr mehr Datensicherheit<br \/>\nBeratung zu Backup-L\u00f6sungen<\/p>\n<\/div><\/div><footer class=\"entry-footer\"><\/footer><\/article><br \/>\n<div  class='hr av-av_hr-d3021aff4e2c88ff75459fd6b3a45a12 hr-default  avia-builder-el-5  el_after_av_icon_box  el_before_av_table '><span class='hr-inner '><span class=\"hr-inner-style\"><\/span><\/span><\/div><br \/>\n<div  class='avia-table av-av_table-0dbd4b02bf7992702bcd31d6ed7d2f7c main_color avia-pricing-table-container avia_pricing_default  avia-builder-el-6  el_after_av_hr  el_before_av_button  avia-table-1'  itemscope=\"itemscope\" itemtype=\"https:\/\/schema.org\/Table\" ><div class=\"pricing-table-wrap\"><ul class='pricing-table '><li class='avia-heading-row'><div class='first-table-item'>Unsere Leistungen<\/div><span class='pricing-extra'><\/span><\/li><li class=''>Auslesen und Wiederherstellung von Daten gem\u00e4\u00df Ihren Angaben (Word, Excel, Bilder etc.) von Ihren Festplatten (IDE, S-ATA)<\/li><li class=''>Bereitstellung Ihrer Daten auf CD\/DVD oder externer Festplatte (muss von Ihnen bereitgestellt werden)<\/li><li class='avia-pricing-row'>50,00 EUR \/ 10GB<\/li><\/ul><\/div><\/div><br \/>\n<div  class='avia-button-wrap av-av_button-544cfa988bb125ed96b65bfa32a4a4fd-wrap avia-button-center  avia-builder-el-7  el_after_av_table  avia-builder-el-last '><a href='https:\/\/redlight-pc.de\/cms\/kontaktformular\/'  class='avia-button av-av_button-544cfa988bb125ed96b65bfa32a4a4fd av-link-btn avia-icon_select-yes-left-icon avia-size-small avia-position-center avia-color-blue'   aria-label=\"Termin vereinbaren\"><span class='avia_button_icon avia_button_icon_left avia-iconfont avia-font-entypo-fontello' data-av_icon='\ue85b' data-av_iconfont='entypo-fontello' ><\/span><span class='avia_iconbox_title' >Termin vereinbaren<\/span><\/a><\/div><\/p><\/div>\n","protected":false},"excerpt":{"rendered":"","protected":false},"author":1,"featured_media":0,"parent":15,"menu_order":0,"comment_status":"closed","ping_status":"closed","template":"","meta":{"jetpack_post_was_ever_published":false,"footnotes":""},"aioseo_notices":[],"jetpack_shortlink":"https:\/\/wp.me\/P2NCds-be","jetpack_sharing_enabled":true,"_links":{"self":[{"href":"https:\/\/redlight-pc.de\/cms\/wp-json\/wp\/v2\/pages\/696"}],"collection":[{"href":"https:\/\/redlight-pc.de\/cms\/wp-json\/wp\/v2\/pages"}],"about":[{"href":"https:\/\/redlight-pc.de\/cms\/wp-json\/wp\/v2\/types\/page"}],"author":[{"embeddable":true,"href":"https:\/\/redlight-pc.de\/cms\/wp-json\/wp\/v2\/users\/1"}],"replies":[{"embeddable":true,"href":"https:\/\/redlight-pc.de\/cms\/wp-json\/wp\/v2\/comments?post=696"}],"version-history":[{"count":17,"href":"https:\/\/redlight-pc.de\/cms\/wp-json\/wp\/v2\/pages\/696\/revisions"}],"predecessor-version":[{"id":33907,"href":"https:\/\/redlight-pc.de\/cms\/wp-json\/wp\/v2\/pages\/696\/revisions\/33907"}],"up":[{"embeddable":true,"href":"https:\/\/redlight-pc.de\/cms\/wp-json\/wp\/v2\/pages\/15"}],"wp:attachment":[{"href":"https:\/\/redlight-pc.de\/cms\/wp-json\/wp\/v2\/media?parent=696"}],"curies":[{"name":"wp","href":"https:\/\/api.w.org\/{rel}","templated":true}]}}