{"id":7,"date":"2010-03-17T12:15:54","date_gmt":"2010-03-17T12:15:54","guid":{"rendered":"http:\/\/redlight-pc.de\/cms\/?page_id=7"},"modified":"2020-03-07T19:10:31","modified_gmt":"2020-03-07T18:10:31","slug":"kontaktformular","status":"publish","type":"page","link":"https:\/\/redlight-pc.de\/cms\/kontaktformular\/","title":{"rendered":"Kontaktformular"},"content":{"rendered":"<div  class='flex_column av-qa3x-af40f372499fde6aa72d689c641e1430 av_two_third  avia-builder-el-0  el_before_av_one_third  avia-builder-el-first  first flex_column_div  '     ><form action=\"https:\/\/redlight-pc.de\/cms\/kontaktformular\/\" method=\"post\" data-fields-with-error=\"Fehler wurden in folgenden Feld(ern) gefunden:\" class=\"avia_ajax_form av-form-labels-visible   avia-builder-el-1  avia-builder-el-no-sibling   \" data-avia-form-id=\"1\" data-avia-redirect='' ><h3 class=''>Senden Sie uns eine E-Mail<\/h3><fieldset><p class='  first_form  form_element form_element_half' id='element_avia_1_1'><label for=\"avia_1_1\">Ihr Name <abbr class=\"required\" title=\"ben\u00f6tigt\">*<\/abbr><\/label> <input name=\"avia_1_1\" class=\"text_input is_empty\" type=\"text\" id=\"avia_1_1\" value=\"\" \/><\/p><p class='  form_element form_element_half' id='element_avia_2_1'><label for=\"avia_2_1\">Ihre E-Mail Adresse <abbr class=\"required\" title=\"ben\u00f6tigt\">*<\/abbr><\/label> <input name=\"avia_2_1\" class=\"text_input is_email\" type=\"text\" id=\"avia_2_1\" value=\"\" \/><\/p><p class='  first_form  form_element form_fullwidth' id='element_avia_3_1'><label for=\"avia_3_1\">Ihre Telefonnummer<\/label> <input name=\"avia_3_1\" class=\"text_input \" type=\"text\" id=\"avia_3_1\" value=\"\" \/><\/p><p class='  first_form  form_element form_fullwidth' id='element_avia_4_1'><label for=\"avia_4_1\">Thema Ihrer Anfrage<\/label><select  name=\"avia_4_1\" class=\"select \" id=\"avia_4_1\"><option   value='Allgemeine Anfrage'>Allgemeine Anfrage<\/option><option   value='Terminvereinbarung'>Terminvereinbarung<\/option><option   value='Hardware'>Hardware<\/option><option   value='Software'>Software<\/option><option   value='R\u00fcckruf Anfrage'>R\u00fcckruf Anfrage<\/option><option   value='Rechnungsfragen'>Rechnungsfragen<\/option><\/select><\/p><p class='  first_form  form_element form_fullwidth' id='element_avia_5_1'><label for=\"avia_5_1\">Betreff<\/label> <input name=\"avia_5_1\" class=\"text_input \" type=\"text\" id=\"avia_5_1\" value=\"\" \/><\/p><p class='  first_form  form_element form_fullwidth' id='element_avia_6_1'><label for=\"avia_6_1\" class=\"textare_label hidden textare_label_avia_6_1\">Ihre Nachricht <abbr class=\"required\" title=\"ben\u00f6tigt\">*<\/abbr><\/label><textarea  name=\"avia_6_1\" class=\"text_area is_empty\" cols=\"40\" rows=\"7\" id=\"avia_6_1\" ><\/textarea><\/p><p class='  first_form  form_element form_fullwidth av-last-visible-form-element' id='element_avia_7_1'><input  name=\"avia_7_1\" class=\"input_checkbox is_empty\" type=\"checkbox\" id=\"avia_7_1\" value=\"true\"\/><label class=\"input_checkbox_label\" for=\"avia_7_1\">Hiermit stimmen Sie der Erhebung\/Verarbeitung und\/oder Speicherung Ihrer eingegebenen (personenbezogenen) Daten zu. Diese Daten werden ausschlie\u00dflich im Kontext Ihrer Anfrage verbreitet und gespeichert, eine Weitergabe an Dritte erfolgt nicht! <br \/>Die \u00dcbertragung erfolgt SSL-verschl\u00fcsselt. <abbr class=\"required\" title=\"ben\u00f6tigt\">*<\/abbr><\/label><\/p><p class=\"hidden\"><input type=\"text\" name=\"avia_8_1\" class=\"hidden \" id=\"avia_8_1\" value=\"\" \/><\/p><p class=\"form_element \"><input type=\"hidden\" value=\"1\" name=\"avia_generated_form1\" \/><input type=\"submit\" value=\"Senden\" class=\"button\"  data-sending-label=\"Sende\"\/><\/p><\/fieldset><\/form><div id=\"ajaxresponse_1\" class=\"ajaxresponse ajaxresponse_1 hidden\"><\/div><\/div>\n\n<style type=\"text\/css\" data-created_by=\"avia_inline_auto\" id=\"style-css-av-76op-885dba34d847aa67bbc4e7e55498b53a\">\n.flex_column.av-76op-885dba34d847aa67bbc4e7e55498b53a{\nborder-radius:0px 0px 0px 0px;\npadding:0px 0px 0px 0px;\n}\n<\/style>\n<div  class='flex_column av-76op-885dba34d847aa67bbc4e7e55498b53a av_one_third  avia-builder-el-2  el_after_av_two_third  avia-builder-el-last  flex_column_div av-zero-column-padding  '     ><p><article  class='iconbox iconbox_top av-6533-b0c529dd7614a441afa92785bc6a0877  avia-builder-el-3  el_before_av_image  avia-builder-el-first  main_color'  itemscope=\"itemscope\" itemtype=\"https:\/\/schema.org\/CreativeWork\" ><div class=\"iconbox_content\"><header class=\"entry-content-header\" aria-label=\"Icon: Kontakt zu uns\"><div class='iconbox_icon heading-color avia-iconfont avia-font-entypo-fontello' data-av_icon='\ue81e' data-av_iconfont='entypo-fontello'  ><\/div><h3 class='iconbox_content_title '  itemprop=\"headline\" >Kontakt zu uns<\/h3><\/header><div class='iconbox_content_container '  itemprop=\"text\" ><p>Nutzen Sie das nebenstehende Kontaktformular um uns eine Nachricht zu senden.<br \/>\nAlternativ k\u00f6nnen Sie aber auch unseren kostenlosen R\u00fcckruf-Service nutzen.<br \/>\nF\u00fcllen Sie hierzu alle n\u00f6tigen Angaben im unterstehenden Formular aus und wir rufen Sie zum gew\u00fcnschten Zeitpunkt zur\u00fcck.<br \/>\n<strong>NEU: Am schnellsten erreichen Sie uns per WhatsApp &#8211; scannen Sie einfach den Code unten!<\/strong><\/p>\n<\/div><\/div><footer class=\"entry-footer\"><\/footer><\/article><br \/>\n\n<style type=\"text\/css\" data-created_by=\"avia_inline_auto\" id=\"style-css-av-k7hx8e9y-8b97a7d9c13d7196be7183f33ce8fe43\">\n.avia-image-container.av-k7hx8e9y-8b97a7d9c13d7196be7183f33ce8fe43 img.avia_image{\nbox-shadow:none;\n}\n.avia-image-container.av-k7hx8e9y-8b97a7d9c13d7196be7183f33ce8fe43 .av-image-caption-overlay-center{\ncolor:#ffffff;\n}\n<\/style>\n<div  class='avia-image-container av-k7hx8e9y-8b97a7d9c13d7196be7183f33ce8fe43 av-styling- avia_animated_image av-animated-when-visible-95 fade-in avia-align-center  avia-builder-el-4  el_after_av_icon_box  el_before_av_textblock '   itemprop=\"image\" itemscope=\"itemscope\" itemtype=\"https:\/\/schema.org\/ImageObject\" ><div class=\"avia-image-container-inner\"><div class=\"avia-image-overlay-wrap\"><img decoding=\"async\" fetchpriority=\"high\" class='wp-image-36011 avia-img-lazy-loading-not-36011 avia_image ' src=\"https:\/\/redlight-pc.de\/cms\/wp-content\/uploads\/2020\/03\/RedLight_Whatsapp_qr-code-180x180.png\" alt='RedLight WhatsApp' title='RedLight WhatsApp'  height=\"180\" width=\"180\"  itemprop=\"thumbnailUrl\" srcset=\"https:\/\/redlight-pc.de\/cms\/wp-content\/uploads\/2020\/03\/RedLight_Whatsapp_qr-code-180x180.png 180w, https:\/\/redlight-pc.de\/cms\/wp-content\/uploads\/2020\/03\/RedLight_Whatsapp_qr-code-300x300.png 300w, https:\/\/redlight-pc.de\/cms\/wp-content\/uploads\/2020\/03\/RedLight_Whatsapp_qr-code-80x80.png 80w, https:\/\/redlight-pc.de\/cms\/wp-content\/uploads\/2020\/03\/RedLight_Whatsapp_qr-code-768x768.png 768w, https:\/\/redlight-pc.de\/cms\/wp-content\/uploads\/2020\/03\/RedLight_Whatsapp_qr-code-400x400.png 400w, https:\/\/redlight-pc.de\/cms\/wp-content\/uploads\/2020\/03\/RedLight_Whatsapp_qr-code-36x36.png 36w, https:\/\/redlight-pc.de\/cms\/wp-content\/uploads\/2020\/03\/RedLight_Whatsapp_qr-code-705x705.png 705w, https:\/\/redlight-pc.de\/cms\/wp-content\/uploads\/2020\/03\/RedLight_Whatsapp_qr-code-120x120.png 120w, https:\/\/redlight-pc.de\/cms\/wp-content\/uploads\/2020\/03\/RedLight_Whatsapp_qr-code-450x450.png 450w, https:\/\/redlight-pc.de\/cms\/wp-content\/uploads\/2020\/03\/RedLight_Whatsapp_qr-code.png 1125w\" sizes=\"(max-width: 180px) 100vw, 180px\" \/><\/div><\/div><\/div><br \/>\n<section  class='av_textblock_section av-3zv3-f2908db48c612e5628bdd96b16767a90 '   itemscope=\"itemscope\" itemtype=\"https:\/\/schema.org\/CreativeWork\" ><div class='avia_textblock'  itemprop=\"text\" >\n\n<!-- Fast Secure Contact Form plugin 4.0.52 - begin - FastSecureContactForm.com -->\r\n<div style=\"clear:both;\"><\/div>\n\r\n<div id=\"FSContact3\" style=\"width:99%; max-width:555px;\">\r\n<form action=\"https:\/\/redlight-pc.de\/cms\/wp-json\/wp\/v2\/pages\/7#FSContact3\" id=\"fscf_form3\" method=\"post\">\r\n\n<div id=\"fscf_div_clear3_0\" style=\"clear:both;\">\n  <div id=\"fscf_div_field3_0\" style=\"clear:left; float:left; width:99%; max-width:550px; margin-right:10px;\">\r\n    <div style=\"visibility:hidden;\">\n      <label style=\"text-align:left;\" for=\"fscf_name3\">Name:<\/label>\n    <\/div>\r\n    <div style=\"text-align:left;\">\r\n      <input style=\"text-align:left;\" type=\"text\" id=\"fscf_name3\" name=\"full_name\" value=\"\"  readonly=\"readonly\" placeholder=\"Ihr Name\" \/>\r\n    <\/div>\r\n  <\/div>\n<\/div>\n\n<div id=\"fscf_div_clear3_4\" style=\"clear:both;\">\n  <div id=\"fscf_div_field3_4\" style=\"clear:left; float:left; width:99%; max-width:550px; margin-right:10px;\">\n    <div  id=\"fscf_label3_4\" style=\"visibility:hidden;\">\r\n      <label style=\"text-align:left;\" for=\"fscf_field3_4\">Ihre Rufnummer:<\/label>\n    <\/div>\n    <div style=\"text-align:left;\">\n      <input style=\"text-align:left;\" type=\"text\" id=\"fscf_field3_4\" name=\"ihre-rufnummer\" value=\"\"  placeholder=\"Ihre Rufnummer (Festnetz oder Mobil)\" \/>\n    <\/div>\n  <\/div>\n<\/div>\n\n<div id=\"fscf_div_clear3_5\" style=\"clear:both;\">\n  <div id=\"fscf_div_field3_5\" style=\"clear:left; float:left; width:99%; max-width:550px; margin-right:10px;\">\n    <div  id=\"fscf_label3_5\" style=\"visibility:hidden;\">\r\n      <label style=\"text-align:left;\" for=\"fscf_field3_5\">R\u00fcckruf:<\/label>\n    <\/div>\n    <div style=\"text-align:left;\">\n      <select style=\"text-align:left;\" id=\"fscf_field3_5\" name=\"ruckruf[]\">\n        <option value=\"1\">schnellstm\u00f6glich<\/option>\n        <option value=\"2\">Heute - vormittags (9-12 Uhr)<\/option>\n        <option value=\"3\">Heute - tags\u00fcber (12-18 Uhr)<\/option>\n        <option value=\"4\">Heute - abends (18-22 Uhr)<\/option>\n        <option value=\"5\">Morgen - vormittags (9-12 Uhr)<\/option>\n        <option value=\"6\">Morgen - tags\u00fcber (12-18 Uhr)<\/option>\n        <option value=\"7\">Morgen - abends (18-22 Uhr)<\/option>\n      <\/select>\n    <\/div>\n  <\/div>\n<\/div>\n\n<div id=\"fscf_div_clear3_6\" style=\"clear:both;\">\n  <div id=\"fscf_div_field3_6\" style=\"clear:left; float:left; width:99%; max-width:550px; margin-right:10px;\">\n    <div  id=\"fscf_label3_6\" style=\"visibility:hidden;\">\n    <\/div>\n    <div style=\"text-align:left;\">\n      <span><input type=\"checkbox\" style=\"width:13px;\" id=\"fscf_field3_6\" name=\"Hinweis\" value=\"1\" \/> <label style=\"display:inline;\" for=\"fscf_field3_6\">Hinweis: Hiermit stimmen Sie der Erhebung\/Verarbeitung und\/oder Speicherung Ihrer eingegebenen (personenbezogenen) Daten zu. Diese Daten werden ausschlie\u00dflich im Kontext Ihrer Anfrage verbreitet und gespeichert, eine Weitergabe an Dritte erfolgt nicht! Die \u00dcbertragung erfolgt SSL-verschl\u00fcsselt.<\/label><\/span>\n    <\/div>\n  <\/div>\n<\/div>\r\n<div style=\"clear:both;\"><\/div>\n        \r\n<div style=\"display:none;\">\r\n     <label for=\"birthday3\"><small>Lassen sie dieses Feld leer<\/small><\/label>\r\n     <input type=\"text\" name=\"birthday\" id=\"birthday3\" value=\"\" \/>\r\n<\/div>\r\n\n<div id=\"fscf_submit_div3\" style=\"text-align:left; clear:both; padding-top:15px;\">\r\n\t\t<input type=\"submit\" id=\"fscf_submit3\" style=\"margin 0;\" value=\"R\u00fcckruf Anfrage abschicken\"  onclick=\"this.disabled=true; this.value='Submitting...'; this.form.submit();\" \/> \n<\/div>\n\n<input type=\"hidden\" name=\"fscf_submitted\" value=\"0\" \/>\n<input type=\"hidden\" name=\"fs_postonce_3\" value=\"4cef066e73ca365e8697d1a75d05f727,1776167314\" \/>\n<input type=\"hidden\" name=\"si_contact_action\" value=\"send\" \/>\n<input type=\"hidden\" name=\"form_id\" value=\"3\" \/>\n<input type=\"hidden\" name=\"mailto_id\" value=\"1\" \/>\n\n<\/form>\n<\/div>\r\n<div style=\"clear:both;\"><\/div>\n\r\n<style type=\"text\/css\">\r\n\r\n\/* Placeholder Style - WebKit browsers - Safari, Chrome *\/\r\n::-webkit-input-placeholder { opacity:0.6; color:#333333; }\r\n\r\n\/* Placeholder Style - Mozilla Firefox 4 - 18 *\/\r\n:-moz-placeholder { opacity:0.6; color:#333333; }\r\n\r\n\/* Placeholder Style - Mozilla Firefox 19+ *\/\r\n::-moz-placeholder { opacity:0.6; color:#333333; }\r\n\r\n\/* Placeholder Style - Internet Explorer 10+ *\/\r\n:-ms-input-placeholder { opacity:0.6; color:#333333; }\r\n\r\n<\/style>\r\n\n<!-- Fast Secure Contact Form plugin 4.0.52 - end - FastSecureContactForm.com -->\n\n<\/div><\/section><\/p><\/div>\n","protected":false},"excerpt":{"rendered":"","protected":false},"author":1,"featured_media":214,"parent":0,"menu_order":10,"comment_status":"closed","ping_status":"closed","template":"","meta":{"jetpack_post_was_ever_published":false,"footnotes":""},"aioseo_notices":[],"jetpack_shortlink":"https:\/\/wp.me\/P2NCds-7","jetpack_sharing_enabled":true,"_links":{"self":[{"href":"https:\/\/redlight-pc.de\/cms\/wp-json\/wp\/v2\/pages\/7"}],"collection":[{"href":"https:\/\/redlight-pc.de\/cms\/wp-json\/wp\/v2\/pages"}],"about":[{"href":"https:\/\/redlight-pc.de\/cms\/wp-json\/wp\/v2\/types\/page"}],"author":[{"embeddable":true,"href":"https:\/\/redlight-pc.de\/cms\/wp-json\/wp\/v2\/users\/1"}],"replies":[{"embeddable":true,"href":"https:\/\/redlight-pc.de\/cms\/wp-json\/wp\/v2\/comments?post=7"}],"version-history":[{"count":24,"href":"https:\/\/redlight-pc.de\/cms\/wp-json\/wp\/v2\/pages\/7\/revisions"}],"predecessor-version":[{"id":36014,"href":"https:\/\/redlight-pc.de\/cms\/wp-json\/wp\/v2\/pages\/7\/revisions\/36014"}],"wp:featuredmedia":[{"embeddable":true,"href":"https:\/\/redlight-pc.de\/cms\/wp-json\/wp\/v2\/media\/214"}],"wp:attachment":[{"href":"https:\/\/redlight-pc.de\/cms\/wp-json\/wp\/v2\/media?parent=7"}],"curies":[{"name":"wp","href":"https:\/\/api.w.org\/{rel}","templated":true}]}}