{"id":98,"date":"2010-03-23T12:58:34","date_gmt":"2010-03-23T11:58:34","guid":{"rendered":"http:\/\/redlight-pc.de\/cms\/?page_id=98"},"modified":"2012-10-07T14:09:15","modified_gmt":"2012-10-07T13:09:15","slug":"agb","status":"publish","type":"page","link":"https:\/\/redlight-pc.de\/cms\/agb\/","title":{"rendered":"AGB"},"content":{"rendered":"<p><strong>\u00a7 1 Geltungsbereich<\/strong><\/p>\n<ol>\n<li>Die folgenden Allgemeinen Gesch\u00e4ftsbedingungen (AGB) sind Bestandteil aller Vertr\u00e4ge mit RedLight &#8211; PC Service und Mediendesign (nachfolgend Dienstleister genannt). Vereinbarungen, die von den angegebenen Punkten abweichen, bed\u00fcrfen der Schriftform.<\/li>\n<li>Von den vorgenannten Regelungen ausgenommen bleiben Individualregelungen. Diese sind schriftlich zu fixieren und von den Vertragspartnern zu unterzeichnen.<\/li>\n<\/ol>\n<p><strong>\u00a7 2 Preise und Vertragsabschluss<\/strong><\/p>\n<ol>\n<li>S\u00e4mtliche Angebote des Dienstleisters sind freibleibend. Ein Vertragsabschluss erfolgt erst mit Auftragsbest\u00e4tigung oder Lieferung durch den Dienstleister.<\/li>\n<li>Alle Preise verstehen sich inkl. der gesetzlichen Mehrwertsteuer. Eventuell auftretende Kosten f\u00fcr Verpackung, Versand oder Versicherung sind vom Kunden zu tragen.<\/li>\n<li>Sollten vom Zeitpunkt des Vertragsabschluss bis zur Ausf\u00fchrung des Auftrags bzw. Lieferung der Ware nicht vorhersehbare Kostenerh\u00f6hungen eintreten, ist der Dienstleister berechtigt, die Preise entsprechend der ver\u00e4nderten Umst\u00e4nde und ohne Berechnung eines zus\u00e4tzlichen Gewinns anzupassen.<\/li>\n<\/ol>\n<p><strong>\u00a7 3 Zahlungsbedingungen<\/strong><\/p>\n<ol>\n<li>Die f\u00e4lligen Betr\u00e4ge f\u00fcr Dienstleistungen sind sofort vor Ort bar zu zahlen, sofern nichts anderes vereinbart ist. Eine Quittung wird ausgestellt und eine Rechnung auf Wunsch nachtr\u00e4glich erstellt.<\/li>\n<li>Bei Warenbestellungen ist der entsprechende Betrag bei Lieferung der Ware bar zu zahlen. Bei einem Auftragswert von \u00fcber 500 \u20ac ist eine Anzahlung in H\u00f6he von 50% des Warenwertes zu leisten.<\/li>\n<li>Bei Zahlung auf Rechnung ist der Kaufpreis oder die Verg\u00fctung innerhalb von 14 Tagen ohne Abzug auf das auf der Rechnung angegebene Konto zu \u00fcberweisen.<\/li>\n<\/ol>\n<p><strong>\u00a7 4 Lieferung, Lieferzeiten, Lieferfristen<\/strong><\/p>\n<ol>\n<li>Liefertermine oder -fristen sind nur nach schriftlicher Best\u00e4tigung des Dienstleisters g\u00fcltig. Die Bindung entf\u00e4llt, wenn dem Dienstleister auf Grund h\u00f6herer Gewalt oder anderen erschwerenden Umst\u00e4nden, die nicht im Verschulden des Dienstleisters liegen (z.B. Streiks, beh\u00f6rdliche Anordnungen, Lieferverzug von Drittanbietern), die Lieferung nicht m\u00f6glich ist. Die Lieferung verz\u00f6gert sich dann automatisch um die Dauer der entsprechenden Gr\u00fcnde.<\/li>\n<li>Nach Ablauf einer bei Lieferverzug gesetzten angemessenen Frist, die jedoch mindestens 14 Tage betragen muss, ist der Kunde berechtigt, vom Vertrag zur\u00fcckzutreten.<\/li>\n<li>Kommt der Kunde in Annahmeverzug, ist der Dienstleister berechtigt, eventuell auftretenden Schaden oder Mehraufwand in Rechnung zu stellen.<\/li>\n<\/ol>\n<p><strong>\u00a7 5 Gew\u00e4hrleistung, Haftungsausschluss<\/strong><\/p>\n<ol>\n<li>Im Rahmen der folgenden Bestimmungen gilt die Dauer der gesetzlichen Gew\u00e4hrleistungszeit, dass Lieferungen und Leistungen frei von Fehlern im gew\u00e4hrleistungsrechtlichen Sinn sind.<\/li>\n<li>Offensichtliche M\u00e4ngel sind sofort, sp\u00e4testens jedoch innerhalb von 14 Tagen nach Erhalt der Lieferung schriftlich anzuzeigen. Bei Einbau\/Nutzung trotz offensichtlicher M\u00e4ngel entfallen s\u00e4mtliche Gew\u00e4hrleistungsanspr\u00fcche.<\/li>\n<li>Bei eigenm\u00e4chtigen \u00c4nderungen, Reparaturen, sowie bei Brechen oder entfernen eventueller Gew\u00e4hrleistungssiegel erlischt die Gew\u00e4hrleistung sofort.<\/li>\n<li>Liegt ein berechtigter Mangel vor, der rechtzeitig bekannt wird, ist der Dienstleister zu kostenloser Nachbesserung oder Ersatzlieferung verpflichtet. Schl\u00e4gt dieser Versuch zweimalig fehl, ist der Kunde berechtigt, vom Vertrag zur\u00fcck zu treten oder eine angemessene Minderung des vereinbarten Preises zu verlangen.<\/li>\n<li>Liegt bei einer bem\u00e4ngelten Ware oder einer bem\u00e4ngelten Leistung kein Defekt vor bzw. beruht dieser Defekt auf unsachgem\u00e4\u00dfer Handhabung seitens des Kunden, werden diesem die dem Dienstleister f\u00fcr die \u00dcberpr\u00fcfung entstandenen Aufwendungen in Rechnung gestellt.<\/li>\n<li>Bei eventueller R\u00fccknahme eines reklamierten Liefergegenstands muss dieser vollst\u00e4ndig, insbesondere mit komplettem Zubeh\u00f6r, der Originalverpackung und\u00a0Originalrechnung an den Dienstleister zur\u00fcckgegeben werden. Ansonsten erfolgt eine angemessene Anrechnung auf den vereinbarten Preis.<\/li>\n<li>Reparaturleistungen au\u00dferhalb der Gew\u00e4hrleistung sind kostenpflichtig.<\/li>\n<li>Eine Abtretung der Gew\u00e4hrleistungsanspr\u00fcche an Dritte wird nicht anerkannt.<\/li>\n<\/ol>\n<p><strong>\u00a7 6 Widerrufsrecht<\/strong><\/p>\n<ol>\n<li>Dem Verbraucher steht gem. \u00a7 355 BGB ein Widerrufsrecht zu. Er hat innerhalb von 2 Wochen nach Erhalt der Ware die M\u00f6glichkeit, den Vertrag ohne Begr\u00fcndung zu widerrufen. Der Widerruf kann in Textform oder durch R\u00fccksendung der Ware erfolgen.<\/li>\n<li>Das Widerrufsrecht entf\u00e4llt bei Lieferung von Waren, die nach Kundenspezifikation angefertigt werden und bei Vertr\u00e4gen zur Lieferung von Audio- und Videoaufzeichnungen oder Software, sofern die gelieferten Datentr\u00e4ger vom Verbraucher entsiegelt wurden.<\/li>\n<li>Bei Aus\u00fcbung des Widerrufsrechts tr\u00e4gt der Kunde eventuell entstehende Kosten f\u00fcr die R\u00fccksendung oder Abholung. Wertminderungen die nicht ausschlie\u00dflich auf die Pr\u00fcfung der Ware zur\u00fcckzuf\u00fchren sind, sind vom Verbraucher zu erstatten.<\/li>\n<\/ol>\n<p><strong>\u00a7 7 Freistellung von Haftung und Schadensersatzanspr\u00fcchen<\/strong><\/p>\n<ol>\n<li>F\u00fcr normale Abnutzung der Ware bzw. f\u00fcr Verschlei\u00dfteile wird keine Haftung \u00fcbernommen. F\u00fcr gebrauchte Ware wird ebenfalls grunds\u00e4tzlich keine Haftung \u00fcbernommen, es sei denn, es wird schriftlich best\u00e4tigt.<\/li>\n<li>Sind M\u00e4ngel auf unsachgem\u00e4\u00dfe Lagerung oder Behandlung, sowie auf Brand, Blitzschlag, Explosion oder \u00dcberspannungen zur\u00fcckzuf\u00fchren, \u00fcbernimmt der Dienstleister weiterhin keine Haftung.<\/li>\n<li>Der Dienstleister \u00fcbernimmt keine Haftung f\u00fcr etwaigen Datenverlust. Der Kunde ist zur sachgem\u00e4\u00dfen Sicherung seiner Daten verpflichtet.<\/li>\n<li>Bei Datenverlust auf Kundenrechnern w\u00e4hrend der Reparatur- oder Aufr\u00fcstungszeit hat der Kunde keine Schadensersatzanspr\u00fcche. Wichtige Daten sind vom Kunden im Vorfeld zu sichern.<\/li>\n<li>F\u00fcr ver\u00f6ffentlichte Inhalte (insbesondere bei Webseiten) tr\u00e4gt der Kunde die volle Verantwortung und \u00fcbernimmt gleichzeitig die Haftung sowie Schadensersatzanspr\u00fcche gegen\u00fcber Dritten.<\/li>\n<li>Alle Daten (z.B. Texte, Fotos, Grafiken, Audiodaten) die dem Dienstleister zu Ver- oder Bearbeitung \u00fcberlassen werden, d\u00fcrfen nicht gegen die Regelungen des Urheberrechtes versto\u00dfen. Der Kunde stellt den Dienstleister von allen Anspr\u00fcchen Dritter frei.<\/li>\n<\/ol>\n<p><strong>\u00a7 8 Eigentumsvorbehalt<\/strong><\/p>\n<ol>\n<li>Der Dienstleister beh\u00e4lt sich das Eigentum an gelieferten Waren bis zur vollst\u00e4ndigen Zahlung vor.<\/li>\n<li>Geleistete Dienstleistungen k\u00f6nnen, sofern m\u00f6glich, nach einer angemessenen Zahlungsfrist der \u00d6ffentlichkeit (speziell dem Internet) wieder entzogen werden.<\/li>\n<\/ol>\n<p><strong>\u00a7 9 Datenschutz<\/strong><\/p>\n<ol>\n<li>F\u00fcr Gesch\u00e4ftszwecke (z.B. besonders f\u00fcr die schnelle Abwicklung von Folgeauftr\u00e4gen) und im Rahmen der Datenschutzrechtlichen Bestimmungen zul\u00e4ssig, werden Kundendaten elektronisch gespeichert. Der Dienstleister versichert, alle Daten vertraulich zu behandeln und nicht an Dritte weiterzugeben. Daten, die aus den Vertragsunterlagen erkenntlich sind k\u00f6nnen an Dritte weitergegeben werden (z.B. Kreditinstitute und Vertragspartner), sofern dies der Auftragsabwicklung dient und nicht gegen Bestimmungen des Datenschutzes verst\u00f6\u00dft.<\/li>\n<\/ol>\n<p><strong>\u00a7 10 Gerichtsstand, Anwendbares Recht, Wirksamkeit<\/strong><\/p>\n<ol>\n<li>Es gilt das Recht der Bundesrepublik Deutschland.<\/li>\n<li>Gerichtsstand f\u00fcr alle Streitigkeiten aus oder anl\u00e4sslich dieses Vertrages ist K\u00f6ln.<\/li>\n<li>Bei Unwirksamkeit von Teilen dieser Vereinbarungen wird die Wirksamkeit der \u00fcbrigen Bestimmungen nicht ber\u00fchrt.<\/li>\n<\/ol>\n<p>Stand: 7. Oktober 2012<\/p>\n","protected":false},"excerpt":{"rendered":"<p>\u00a7 1 Geltungsbereich Die folgenden Allgemeinen Gesch\u00e4ftsbedingungen (AGB) sind Bestandteil aller Vertr\u00e4ge mit RedLight &#8211; PC Service und Mediendesign (nachfolgend Dienstleister genannt). Vereinbarungen, die von den angegebenen Punkten abweichen, bed\u00fcrfen der Schriftform. Von den vorgenannten Regelungen ausgenommen bleiben Individualregelungen. Diese sind schriftlich zu fixieren und von den Vertragspartnern zu unterzeichnen. \u00a7 2 Preise und Vertragsabschluss [&hellip;]<\/p>\n","protected":false},"author":1,"featured_media":0,"parent":0,"menu_order":11,"comment_status":"closed","ping_status":"closed","template":"","meta":{"jetpack_post_was_ever_published":false,"footnotes":""},"aioseo_notices":[],"jetpack_shortlink":"https:\/\/wp.me\/P2NCds-1A","jetpack_sharing_enabled":true,"_links":{"self":[{"href":"https:\/\/redlight-pc.de\/cms\/wp-json\/wp\/v2\/pages\/98"}],"collection":[{"href":"https:\/\/redlight-pc.de\/cms\/wp-json\/wp\/v2\/pages"}],"about":[{"href":"https:\/\/redlight-pc.de\/cms\/wp-json\/wp\/v2\/types\/page"}],"author":[{"embeddable":true,"href":"https:\/\/redlight-pc.de\/cms\/wp-json\/wp\/v2\/users\/1"}],"replies":[{"embeddable":true,"href":"https:\/\/redlight-pc.de\/cms\/wp-json\/wp\/v2\/comments?post=98"}],"version-history":[{"count":5,"href":"https:\/\/redlight-pc.de\/cms\/wp-json\/wp\/v2\/pages\/98\/revisions"}],"predecessor-version":[{"id":309,"href":"https:\/\/redlight-pc.de\/cms\/wp-json\/wp\/v2\/pages\/98\/revisions\/309"}],"wp:attachment":[{"href":"https:\/\/redlight-pc.de\/cms\/wp-json\/wp\/v2\/media?parent=98"}],"curies":[{"name":"wp","href":"https:\/\/api.w.org\/{rel}","templated":true}]}}